{"id":1085,"date":"2021-06-15T12:21:09","date_gmt":"2021-06-15T12:21:09","guid":{"rendered":"https:\/\/fah-bonn.de\/?page_id=1085"},"modified":"2026-03-09T09:56:49","modified_gmt":"2026-03-09T08:56:49","slug":"stellenanzeigen","status":"publish","type":"page","link":"https:\/\/fah-bonn.de\/?page_id=1085","title":{"rendered":"Stellenanzeigen"},"content":{"rendered":"\n<p><\/p>\n\n\n\n<p><\/p>\n\n\n\n<p><\/p>\n\n\n\n<p><\/p>\n\n\n\n<p><\/p>\n\n\n\n<p><strong>Wir bieten unseren <strong>Mitgliedsfirmen und kooperierenden Forschungseinrichtungen<\/strong> die M\u00f6glichkeit, Stellenanzeigen auf unserer Homepage zu ver\u00f6ffentlichen. Hierf\u00fcr gen\u00fcgt eine Mail mit dem Anzeigentext und mindestens einem Ansprechpartner an:  <a href=\"mailto:jens.hoffmann@fah-bonn.de\">jens.hoffmann@fah-bonn.de<\/a><\/strong><\/p>\n","protected":false},"excerpt":{"rendered":"<p>Wir bieten unseren Mitgliedsfirmen und kooperierenden Forschungseinrichtungen die M\u00f6glichkeit, Stellenanzeigen auf unserer Homepage zu ver\u00f6ffentlichen. Hierf\u00fcr gen\u00fcgt eine Mail mit dem Anzeigentext und mindestens einem Ansprechpartner an: jens.hoffmann@fah-bonn.de<span class=\"more-link\"><a href=\"https:\/\/fah-bonn.de\/?page_id=1085\">Weiterlesen<\/a><\/span><\/p>\n","protected":false},"author":1,"featured_media":247,"parent":0,"menu_order":0,"comment_status":"closed","ping_status":"closed","template":"","meta":{"footnotes":""},"class_list":["entry","author-hoffmann","post-1085","page","type-page","status-publish","has-post-thumbnail"],"_links":{"self":[{"href":"https:\/\/fah-bonn.de\/index.php?rest_route=\/wp\/v2\/pages\/1085","targetHints":{"allow":["GET"]}}],"collection":[{"href":"https:\/\/fah-bonn.de\/index.php?rest_route=\/wp\/v2\/pages"}],"about":[{"href":"https:\/\/fah-bonn.de\/index.php?rest_route=\/wp\/v2\/types\/page"}],"author":[{"embeddable":true,"href":"https:\/\/fah-bonn.de\/index.php?rest_route=\/wp\/v2\/users\/1"}],"replies":[{"embeddable":true,"href":"https:\/\/fah-bonn.de\/index.php?rest_route=%2Fwp%2Fv2%2Fcomments&post=1085"}],"version-history":[{"count":24,"href":"https:\/\/fah-bonn.de\/index.php?rest_route=\/wp\/v2\/pages\/1085\/revisions"}],"predecessor-version":[{"id":2393,"href":"https:\/\/fah-bonn.de\/index.php?rest_route=\/wp\/v2\/pages\/1085\/revisions\/2393"}],"wp:featuredmedia":[{"embeddable":true,"href":"https:\/\/fah-bonn.de\/index.php?rest_route=\/wp\/v2\/media\/247"}],"wp:attachment":[{"href":"https:\/\/fah-bonn.de\/index.php?rest_route=%2Fwp%2Fv2%2Fmedia&parent=1085"}],"curies":[{"name":"wp","href":"https:\/\/api.w.org\/{rel}","templated":true}]}}