{"id":1110,"date":"2021-06-18T11:45:19","date_gmt":"2021-06-18T11:45:19","guid":{"rendered":"https:\/\/fah-bonn.de\/?page_id=1110"},"modified":"2021-06-21T08:24:53","modified_gmt":"2021-06-21T08:24:53","slug":"fah-cafe","status":"publish","type":"page","link":"https:\/\/fah-bonn.de\/?page_id=1110","title":{"rendered":"FAH Caf\u00e9"},"content":{"rendered":"\n<p class=\"has-text-align-left\">Die FAH \u00f6ffnet 6 bis 8 mal im Jahr das virtuelle FAH Caf\u00e9 f\u00fcr Ihre Mitglieder, wo in lockerer Runde \u00fcber aktuelle Themen aus dem Bereich Arzneimittel und Medizinprodukte diskutiert wird. <\/p>\n\n\n\n<p class=\"has-text-align-left\">Wir versuchen mit Absicht keine starre Tagesordnung zu erstellen, sondern vielleicht ein bis zwei kurze Punkte bei jedem Event vorzugeben. Das k\u00f6nnen z. B. aktuelle Foschungsprojekte sein oder auch die Vorstellung einzelner Mitgliedsunternehmen.<\/p>\n\n\n\n<p class=\"has-text-align-left\">Nat\u00fcrlich steht die FAH auch f\u00fcr Fragen zu ihrer Arbeit zur Verf\u00fcgung und erhofft sich durch den direkten Kontakt mit Ihren Mitgliedern neuen Input f\u00fcr zuk\u00fcnftige Projekte und Arbeitsgruppen.<\/p>\n\n\n\n<p class=\"has-text-align-left\">Alles weitere ergibt sich im Laufe der Veranstaltung, f\u00fcr die zun\u00e4chst eine L\u00e4nge von ca. 60 Minuten vorgesehen ist, die aber bei Bedarf jederzeit verl\u00e4ngert werden kann.<\/p>\n\n\n\n<p class=\"has-text-align-left\">Den naechsten Termin finden Sie <a href=\"https:\/\/fah-bonn.de\/?page_id=28\">hier<\/a><a href=\"https:\/\/fah-bonn.de\/?page_id=28\"><\/a>:<br>F\u00fcr die Teilnahme ist eine Anmeldung per Mail an <a href=\"mailto:jens.hoffmann@fah-bonn.de\">jens.hoffmann@fah-bonn.de<\/a> notwendig. Die Meetingsoftware wird GoToMeeting sein.<\/p>\n\n\n\n<p class=\"has-text-align-left\">Wir freuen uns auf zahlreiche Teilnehmer.<\/p>\n\n\n\n<div class=\"wp-block-image\"><figure class=\"aligncenter size-large\"><img fetchpriority=\"high\" decoding=\"async\" width=\"640\" height=\"426\" src=\"https:\/\/fah-bonn.de\/wp-content\/uploads\/2021\/06\/coffee-2238109_640.jpg\" alt=\"\" class=\"wp-image-1115\" srcset=\"https:\/\/fah-bonn.de\/wp-content\/uploads\/2021\/06\/coffee-2238109_640.jpg 640w, https:\/\/fah-bonn.de\/wp-content\/uploads\/2021\/06\/coffee-2238109_640-300x200.jpg 300w, https:\/\/fah-bonn.de\/wp-content\/uploads\/2021\/06\/coffee-2238109_640-465x310.jpg 465w\" sizes=\"(max-width: 640px) 100vw, 640px\" \/><\/figure><\/div>\n","protected":false},"excerpt":{"rendered":"<p>Die FAH \u00f6ffnet 6 bis 8 mal im Jahr das virtuelle FAH Caf\u00e9 f\u00fcr Ihre Mitglieder, wo in lockerer Runde \u00fcber aktuelle Themen aus dem Bereich Arzneimittel und Medizinprodukte diskutiert wird. Wir versuchen mit Absicht keine starre Tagesordnung zu erstellen, sondern vielleicht ein bis zwei kurze Punkte bei jedem Event<span class=\"more-link\"><a href=\"https:\/\/fah-bonn.de\/?page_id=1110\">Weiterlesen<\/a><\/span><\/p>\n","protected":false},"author":1,"featured_media":0,"parent":0,"menu_order":0,"comment_status":"closed","ping_status":"closed","template":"","meta":{"footnotes":""},"class_list":["entry","author-hoffmann","post-1110","page","type-page","status-publish"],"_links":{"self":[{"href":"https:\/\/fah-bonn.de\/index.php?rest_route=\/wp\/v2\/pages\/1110","targetHints":{"allow":["GET"]}}],"collection":[{"href":"https:\/\/fah-bonn.de\/index.php?rest_route=\/wp\/v2\/pages"}],"about":[{"href":"https:\/\/fah-bonn.de\/index.php?rest_route=\/wp\/v2\/types\/page"}],"author":[{"embeddable":true,"href":"https:\/\/fah-bonn.de\/index.php?rest_route=\/wp\/v2\/users\/1"}],"replies":[{"embeddable":true,"href":"https:\/\/fah-bonn.de\/index.php?rest_route=%2Fwp%2Fv2%2Fcomments&post=1110"}],"version-history":[{"count":8,"href":"https:\/\/fah-bonn.de\/index.php?rest_route=\/wp\/v2\/pages\/1110\/revisions"}],"predecessor-version":[{"id":1123,"href":"https:\/\/fah-bonn.de\/index.php?rest_route=\/wp\/v2\/pages\/1110\/revisions\/1123"}],"wp:attachment":[{"href":"https:\/\/fah-bonn.de\/index.php?rest_route=%2Fwp%2Fv2%2Fmedia&parent=1110"}],"curies":[{"name":"wp","href":"https:\/\/api.w.org\/{rel}","templated":true}]}}