{"id":1151,"date":"2021-08-25T05:57:52","date_gmt":"2021-08-25T05:57:52","guid":{"rendered":"https:\/\/fah-bonn.de\/?page_id=1151"},"modified":"2021-11-12T11:15:34","modified_gmt":"2021-11-12T11:15:34","slug":"bah-fah-infoveranstaltung-personalisierung-der-pharmakotherapie-durch-2d-3d-druck-von-arzneimitteln","status":"publish","type":"page","link":"https:\/\/fah-bonn.de\/?page_id=1151","title":{"rendered":"BAH\/FAH-Infoveranstaltung \u201ePersonalisierung der Pharmakotherapie durch 2D-\/3D-Druck von Arzneimitteln\u201c"},"content":{"rendered":"\n<figure class=\"wp-block-table is-style-stripes\"><table><tbody><tr><td>Am 26. Oktober bietet der BAH und die FAHIhren Mitgliedern eine Online-Informationsveranstaltung mit dem Titel \u201eDigitalisierung, Transformation der Branche, von der Produkt- zu einer Patientenzentrierung, Personalisierung der Pharmakotherapie durch 2D-\/3D-Druck von Arzneimitteln\u201c an.<\/td><\/tr><tr><td><\/td><\/tr><tr><td><\/td><\/tr><tr><td><\/td><\/tr><tr><td><strong>Datum: <\/strong>26. Oktober 2021<br><strong>Ort: <\/strong>Online via GoToWebinar\u00a0<br><strong>Zeit:<\/strong> 14:00 bis ca. 17:00 Uhr <br><br>Die Arzneimittelindustrie steht vor umfassenden Transformationsprozessen. Die personalisierte Medizin bietet auf den Einzelnen ma\u00dfgeschneiderte Therapieans\u00e4tze und wird die Branche in den kommenden Jahren pr\u00e4gen. Der 2D- und 3D-Druck von Arzneimitteln stellt ein wichtiges Element der Personalisierung und Individualisierung der Arzneimitteltherapie dar. Der Druck von Arzneimitteln hat das Potential, das etablierte System der Herstellung von Fertigarzneimitteln nachhaltig zu ver\u00e4ndern. Wie wird sich in diesem Kontext die Entwicklung und die Herstellung von Arzneimitteln und deren Anwendung am Patienten ver\u00e4ndern? Welche \u00f6konomischen Herausforderungen kommen hierdurch auf die Arzneimittel-Hersteller zu? Wo steht Deutschland in diesem Bereich im Vergleich zu seinen Nachbarl\u00e4ndern? Die Veranstaltung wird versuchen, hier erste Antworten und Denkanst\u00f6\u00dfe zu geben. An der Veranstaltung werden teilnehmen: <br><br>&#8211; Dr. Christian Tillmanns, Meisterernst Rechtsanw\u00e4lte, M\u00fcnchen <br>&#8211; Dr. Sascha Wettmershausen, VDGH &#8211; Verband der Diagnostica-Industrie e.V., Berlin\u00a0 <br>&#8211; Prof. Dr. Christian Franken, DiHeSys \u2013 Digital Health Systems GmbH, Einsingen\u00a0 <br>&#8211; Dr. Markus Dachtler, DiHeSys \u2013 Digital Health Systems GmbH, <br>&#8211; Einsingen Dr. G\u00fcnter Auerbach, Dr. Pfleger Arzneimittel GmbH <br>&#8211; Dr. Elmar Kroth, Gesch\u00e4ftsf\u00fchrer Wissenschaft des BAH \u00a0 <br><br>Die Online-Informationsveranstaltung ist f\u00fcr die Mitglieder des BAH und der FAH bestimmt und f\u00fcr diese kostenlos. <br><br><a href=\"https:\/\/fah-bonn.de\/?p=1184\">R\u00fcckblick<\/a><br><br><a href=\"https:\/\/fah-bonn.de\/?page_id=1151\" data-type=\"page\" data-id=\"1151\">Programm<\/a><\/td><\/tr><\/tbody><\/table><\/figure>\n\n\n\n<p><\/p>\n","protected":false},"excerpt":{"rendered":"<p>Am 26. Oktober bietet der BAH und die FAHIhren Mitgliedern eine Online-Informationsveranstaltung mit dem Titel \u201eDigitalisierung, Transformation der Branche, von der Produkt- zu einer Patientenzentrierung, Personalisierung der Pharmakotherapie durch 2D-\/3D-Druck von Arzneimitteln\u201c an. Datum: 26. Oktober 2021Ort: Online via GoToWebinar\u00a0Zeit: 14:00 bis ca. 17:00 Uhr Die Arzneimittelindustrie steht vor umfassenden<span class=\"more-link\"><a href=\"https:\/\/fah-bonn.de\/?page_id=1151\">Weiterlesen<\/a><\/span><\/p>\n","protected":false},"author":1,"featured_media":0,"parent":28,"menu_order":0,"comment_status":"closed","ping_status":"closed","template":"","meta":{"footnotes":""},"class_list":["entry","author-hoffmann","post-1151","page","type-page","status-publish"],"_links":{"self":[{"href":"https:\/\/fah-bonn.de\/index.php?rest_route=\/wp\/v2\/pages\/1151","targetHints":{"allow":["GET"]}}],"collection":[{"href":"https:\/\/fah-bonn.de\/index.php?rest_route=\/wp\/v2\/pages"}],"about":[{"href":"https:\/\/fah-bonn.de\/index.php?rest_route=\/wp\/v2\/types\/page"}],"author":[{"embeddable":true,"href":"https:\/\/fah-bonn.de\/index.php?rest_route=\/wp\/v2\/users\/1"}],"replies":[{"embeddable":true,"href":"https:\/\/fah-bonn.de\/index.php?rest_route=%2Fwp%2Fv2%2Fcomments&post=1151"}],"version-history":[{"count":5,"href":"https:\/\/fah-bonn.de\/index.php?rest_route=\/wp\/v2\/pages\/1151\/revisions"}],"predecessor-version":[{"id":1190,"href":"https:\/\/fah-bonn.de\/index.php?rest_route=\/wp\/v2\/pages\/1151\/revisions\/1190"}],"up":[{"embeddable":true,"href":"https:\/\/fah-bonn.de\/index.php?rest_route=\/wp\/v2\/pages\/28"}],"wp:attachment":[{"href":"https:\/\/fah-bonn.de\/index.php?rest_route=%2Fwp%2Fv2%2Fmedia&parent=1151"}],"curies":[{"name":"wp","href":"https:\/\/api.w.org\/{rel}","templated":true}]}}