{"id":1400,"date":"2022-07-21T06:45:58","date_gmt":"2022-07-21T06:45:58","guid":{"rendered":"https:\/\/fah-bonn.de\/?page_id=1400"},"modified":"2022-07-21T07:19:49","modified_gmt":"2022-07-21T07:19:49","slug":"nachhaltigkeit","status":"publish","type":"page","link":"https:\/\/fah-bonn.de\/?page_id=1400","title":{"rendered":"Nachhaltigkeit"},"content":{"rendered":"\n<ul class=\"wp-block-list\"><li><a href=\"https:\/\/fah-bonn.de\/?page_id=1405\">RE-USE: Recyclingf\u00e4hige Funktionsverpackungen f\u00fcr die Lebensmittel- und<\/a> <a href=\"https:\/\/fah-bonn.de\/?page_id=1405\">Pharmaindustrie durch ultrad\u00fcnne Barriereschichten<\/a><\/li><\/ul>\n","protected":false},"excerpt":{"rendered":"<p>RE-USE: Recyclingf\u00e4hige Funktionsverpackungen f\u00fcr die Lebensmittel- und Pharmaindustrie durch ultrad\u00fcnne Barriereschichten<span class=\"more-link\"><a href=\"https:\/\/fah-bonn.de\/?page_id=1400\">Weiterlesen<\/a><\/span><\/p>\n","protected":false},"author":1,"featured_media":0,"parent":25,"menu_order":0,"comment_status":"closed","ping_status":"closed","template":"","meta":{"footnotes":""},"class_list":["entry","author-hoffmann","post-1400","page","type-page","status-publish"],"_links":{"self":[{"href":"https:\/\/fah-bonn.de\/index.php?rest_route=\/wp\/v2\/pages\/1400","targetHints":{"allow":["GET"]}}],"collection":[{"href":"https:\/\/fah-bonn.de\/index.php?rest_route=\/wp\/v2\/pages"}],"about":[{"href":"https:\/\/fah-bonn.de\/index.php?rest_route=\/wp\/v2\/types\/page"}],"author":[{"embeddable":true,"href":"https:\/\/fah-bonn.de\/index.php?rest_route=\/wp\/v2\/users\/1"}],"replies":[{"embeddable":true,"href":"https:\/\/fah-bonn.de\/index.php?rest_route=%2Fwp%2Fv2%2Fcomments&post=1400"}],"version-history":[{"count":3,"href":"https:\/\/fah-bonn.de\/index.php?rest_route=\/wp\/v2\/pages\/1400\/revisions"}],"predecessor-version":[{"id":1413,"href":"https:\/\/fah-bonn.de\/index.php?rest_route=\/wp\/v2\/pages\/1400\/revisions\/1413"}],"up":[{"embeddable":true,"href":"https:\/\/fah-bonn.de\/index.php?rest_route=\/wp\/v2\/pages\/25"}],"wp:attachment":[{"href":"https:\/\/fah-bonn.de\/index.php?rest_route=%2Fwp%2Fv2%2Fmedia&parent=1400"}],"curies":[{"name":"wp","href":"https:\/\/api.w.org\/{rel}","templated":true}]}}