{"id":1405,"date":"2022-07-21T07:18:31","date_gmt":"2022-07-21T07:18:31","guid":{"rendered":"https:\/\/fah-bonn.de\/?page_id=1405"},"modified":"2022-07-21T07:33:44","modified_gmt":"2022-07-21T07:33:44","slug":"re-use-recyclingfaehige-funktionsverpackungen-fuer-die-lebensmittel-undpharmaindustrie-durch-ultraduenne-barriereschichten","status":"publish","type":"page","link":"https:\/\/fah-bonn.de\/?page_id=1405","title":{"rendered":"RE-USE: Recyclingf\u00e4hige Funktionsverpackungen f\u00fcr die Lebensmittel- und<br>Pharmaindustrie durch ultrad\u00fcnne Barriereschichten"},"content":{"rendered":"\n<h4 class=\"wp-block-heading\">Laufzeit<\/h4>\n\n\n\n<p>31.05.2022 &#8211; 30.11.2025<\/p>\n\n\n\n<h4 class=\"wp-block-heading\">Koordinierende Forschungsstelle<\/h4>\n\n\n\n<p>Fraunhofer-Institut f\u00fcr<\/p>\n\n\n\n<p>Verfahrenstechnik und Verpackung<\/p>\n\n\n\n<p>Giggenhauser Stra\u00dfe 35,<\/p>\n\n\n\n<p>85354 Freising, Germany<\/p>\n\n\n\n<p><\/p>\n\n\n\n<h4 class=\"wp-block-heading\">Projektleiter<\/h4>\n\n\n\n<p>Prof. Dr. Horst-Christian Langowski, IVVDr. Cornelia Stramm, IVV<\/p>\n\n\n\n<h4 class=\"wp-block-heading\">Teilprojektleiter<\/h4>\n\n\n\n<p>PD Dr. Albrecht Brandenburg, IPM<\/p>\n\n\n\n<p>Claudia Keibler-Willner, FEP<\/p>\n\n\n\n<p>Dr. Maik Wiemer, ENAS Kerstin M\u00fcller, IVV<\/p>\n\n\n\n<h4 class=\"wp-block-heading\">FAH Beteiligung<\/h4>\n\n\n\n<p>Die FAH ist Teil des Projektbeirates<\/p>\n\n\n\n<h4 class=\"wp-block-heading\">Kurzdarstellung<\/h4>\n\n\n\n<p><strong>Weshalb: <\/strong>Damit Kunststoffverpackungen f\u00fcr empfindliche Produkte den Anforderungen bzgl. Gasdichtheit, mechanischer Stabilit\u00e4t und Schadstofffreiheit gen\u00fcgen, werden sie heute aus Mehrschichtsystemen hergestellt. Aufgrund des notwendigen Materialmixes sind sie nicht rezyklierbar und werden verbrannt oder kontaminieren die Umwelt direkt in Form makroskopischer und mikroskopischer Kunststoffabf\u00e4lle. Um hier einen nachhaltigen Wertstoffkreislauf zu etablieren, m\u00fcssen also die nicht rezyklierbaren Mehrschichtverbunde durch Monomaterialien ersetzt werden und Kunststoffverpackungen mit hohem Rezyklatanteil etabliert werden. Hierzu sind bisherige Mehrschicht-Kunststoffverpackungen nicht geeignet.<\/p>\n\n\n\n<p><strong>Was: <\/strong>Dieses Problem lie\u00dfe sich durch die Beschichtung sortenreiner Kunststoffe mitoder ohne Rezyklatanteil mit ultra-d\u00fcnnen anorganischen Barriereschichten wie Siliziumnitrid, Aluminium-oder Siliziumoxid l\u00f6sen. Deren Barrierewirkung gegen\u00fcber Sauerstoff, Wasserdampf und Aromastoffen liefert eine hohe Funktionalit\u00e4t und die Schichten verhindern gleichzeitig die Kontamination der verpackten Produkte aus Verunreinigungen der Rezyklate im Substrat. Probleme bereitet bei transparenten Schichten allerdings noch deren gleichm\u00e4\u00dfige Dicke und St\u00f6chiometrie, auch, weil diese Gr\u00f6\u00dfen aktuell nicht im laufenden Prozess erfasst werden k\u00f6nnen. Es ist daher bisher nicht m\u00f6glich, die Schichten qualit\u00e4tsgesichert so d\u00fcnn herzustellen, dass die Verpackung zuverl\u00e4ssig ihre Funktion erf\u00fcllt und zus\u00e4tzlich vollst\u00e4ndig wiederverwertet werden kann. Wir reden hier \u00fcber 10 Nanometer, also weniger als 30 Lagen der Verbindungsatome, in der Massenfertigung. Gelingt diese technische Herausforderung, so betr\u00e4gt die \u201eVerunreinigung\u201c des Kunststoffes mit der Barriereschicht beim Recycling bis unter 0,02 %. Selbst die hundertfache Wiederverwendung des gleichen Materials f\u00fchrt also nicht zu Problemen!<\/p>\n\n\n\n<p><strong>Hier setzt \u00bbRE-USE\u00ab an<\/strong>: Mittels eines neuen IR-optischen Verfahrens soll die Verfolgung der Schichteigenschaften im Prozess und dessen Regelung auf gleichm\u00e4\u00dfige Dicke und Schichtzusammensetzung f\u00fcr 2-dimensionale (Folien) und 3-dimensionale Substrate (Becher, Blister, Trays) erm\u00f6glicht werden. So k\u00f6nnen erstmals reproduzierbar transparente Barriereschichten in Dicken von nur 10 Nanometern hergestellt werden.<\/p>\n\n\n\n<p>Das ist die Voraussetzung f\u00fcr die Entwicklung der leistungsf\u00e4higen und gleichzeitig ultrad\u00fcnnen Barriereschicht-Systeme f\u00fcr verschiedene (Massen-)Anwendungen. Erg\u00e4nzt wird dieser Ansatz durch in die Verpackung integrierte, aber leicht abtrennbare und wiederverwendbare Sensorsysteme f\u00fcr besonders teure G\u00fcter, um den einwandfreien Zustand der verpackten Ware abzusichern sowie f\u00fcr Stichproben zur Erleichterung von Lagertests. Dadurch k\u00f6nnen zuk\u00fcnftig auch \u201every high cost\u201c-Verpackungen durch die neue, preisg\u00fcnstige L\u00f6sung ersetzt werden.<\/p>\n","protected":false},"excerpt":{"rendered":"<p>Laufzeit 31.05.2022 &#8211; 30.11.2025 Koordinierende Forschungsstelle Fraunhofer-Institut f\u00fcr Verfahrenstechnik und Verpackung Giggenhauser Stra\u00dfe 35, 85354 Freising, Germany Projektleiter Prof. Dr. Horst-Christian Langowski, IVVDr. Cornelia Stramm, IVV Teilprojektleiter PD Dr. Albrecht Brandenburg, IPM Claudia Keibler-Willner, FEP Dr. Maik Wiemer, ENAS Kerstin M\u00fcller, IVV FAH Beteiligung Die FAH ist Teil des Projektbeirates<span class=\"more-link\"><a href=\"https:\/\/fah-bonn.de\/?page_id=1405\">Weiterlesen<\/a><\/span><\/p>\n","protected":false},"author":1,"featured_media":0,"parent":1400,"menu_order":0,"comment_status":"closed","ping_status":"closed","template":"","meta":{"footnotes":""},"class_list":["entry","author-hoffmann","post-1405","page","type-page","status-publish"],"_links":{"self":[{"href":"https:\/\/fah-bonn.de\/index.php?rest_route=\/wp\/v2\/pages\/1405","targetHints":{"allow":["GET"]}}],"collection":[{"href":"https:\/\/fah-bonn.de\/index.php?rest_route=\/wp\/v2\/pages"}],"about":[{"href":"https:\/\/fah-bonn.de\/index.php?rest_route=\/wp\/v2\/types\/page"}],"author":[{"embeddable":true,"href":"https:\/\/fah-bonn.de\/index.php?rest_route=\/wp\/v2\/users\/1"}],"replies":[{"embeddable":true,"href":"https:\/\/fah-bonn.de\/index.php?rest_route=%2Fwp%2Fv2%2Fcomments&post=1405"}],"version-history":[{"count":7,"href":"https:\/\/fah-bonn.de\/index.php?rest_route=\/wp\/v2\/pages\/1405\/revisions"}],"predecessor-version":[{"id":1415,"href":"https:\/\/fah-bonn.de\/index.php?rest_route=\/wp\/v2\/pages\/1405\/revisions\/1415"}],"up":[{"embeddable":true,"href":"https:\/\/fah-bonn.de\/index.php?rest_route=\/wp\/v2\/pages\/1400"}],"wp:attachment":[{"href":"https:\/\/fah-bonn.de\/index.php?rest_route=%2Fwp%2Fv2%2Fmedia&parent=1405"}],"curies":[{"name":"wp","href":"https:\/\/api.w.org\/{rel}","templated":true}]}}