{"id":166,"date":"2020-05-14T10:24:50","date_gmt":"2020-05-14T10:24:50","guid":{"rendered":"http:\/\/fah-bonn.de\/?page_id=166"},"modified":"2024-09-24T12:21:03","modified_gmt":"2024-09-24T12:21:03","slug":"geschaeftsstelle","status":"publish","type":"page","link":"https:\/\/fah-bonn.de\/?page_id=166","title":{"rendered":"Gesch\u00e4ftsstelle"},"content":{"rendered":"\n<h3 class=\"wp-block-heading\">Gesch\u00e4ftsstelle<\/h3>\n\n\n\n<p>M\u00fchlenstr. 33<br>53173 Bonn<\/p>\n\n\n\n<figure class=\"wp-block-table\"><table><tbody><tr><td>Tel.:<\/td><td>0228 \/ 1 84 86 99-0<\/td><\/tr><tr><td>Fax.:<\/td><td>0228 \/ 1 84 86 99-9<\/td><\/tr><tr><td>Mail:<\/td><td>info[at]fah-bonn.de<\/td><\/tr><\/tbody><\/table><\/figure>\n\n\n\n<h3 class=\"wp-block-heading\">Gesch\u00e4ftsf\u00fchrung<\/h3>\n\n\n\n<figure class=\"wp-block-image size-large is-resized\"><img fetchpriority=\"high\" decoding=\"async\" width=\"400\" height=\"269\" src=\"http:\/\/fah-bonn.de\/wp-content\/uploads\/2020\/05\/Wollersen.jpg\" alt=\"\" class=\"wp-image-171\" style=\"width:262px;height:175px\" srcset=\"https:\/\/fah-bonn.de\/wp-content\/uploads\/2020\/05\/Wollersen.jpg 400w, https:\/\/fah-bonn.de\/wp-content\/uploads\/2020\/05\/Wollersen-300x202.jpg 300w\" sizes=\"(max-width: 400px) 100vw, 400px\" \/><\/figure>\n\n\n\n<p>Dr. Heike Wollersen<br>Mail: <a href=\"mailto:wollersen@fah-bonn.de\">wollersen@pharmadeutschland.de<\/a><\/p>\n\n\n\n<h3 class=\"wp-block-heading\">Gesch\u00e4ftsstellenleiter \/ Projektmanager<\/h3>\n\n\n\n<figure class=\"wp-block-image size-large is-resized\"><img decoding=\"async\" width=\"200\" height=\"200\" src=\"http:\/\/fah-bonn.de\/wp-content\/uploads\/2020\/05\/Hoffmann.jpg\" alt=\"\" class=\"wp-image-172\" style=\"width:228px;height:228px\" srcset=\"https:\/\/fah-bonn.de\/wp-content\/uploads\/2020\/05\/Hoffmann.jpg 200w, https:\/\/fah-bonn.de\/wp-content\/uploads\/2020\/05\/Hoffmann-150x150.jpg 150w\" sizes=\"(max-width: 200px) 100vw, 200px\" \/><\/figure>\n\n\n\n<p>Dr. Jens Hoffmann<br>Mail: <a rel=\"noreferrer noopener\" href=\"http:\/\/jens.hoffmann\" target=\"_blank\">jens.hoffmann@fah-bonn.de<\/a><br>Tel.: 0228 \/ 1848699-4<\/p>\n\n\n\n<h3 class=\"wp-block-heading\">Haushalt und Finanzen<\/h3>\n\n\n\n<p>Udo&nbsp;Larbig<br>Mail: <a href=\"http:\/\/fah-bonn.de\/site\/?id=\" target=\"_blank\" rel=\"noreferrer noopener\">udo.larbig@fah-bonn.de<\/a><\/p>\n","protected":false},"excerpt":{"rendered":"<p>Gesch\u00e4ftsstelle M\u00fchlenstr. 3353173 Bonn Tel.: 0228 \/ 1 84 86 99-0 Fax.: 0228 \/ 1 84 86 99-9 Mail: info[at]fah-bonn.de Gesch\u00e4ftsf\u00fchrung Dr. Heike WollersenMail: wollersen@pharmadeutschland.de Gesch\u00e4ftsstellenleiter \/ Projektmanager Dr. Jens HoffmannMail: jens.hoffmann@fah-bonn.deTel.: 0228 \/ 1848699-4 Haushalt und Finanzen Udo&nbsp;LarbigMail: udo.larbig@fah-bonn.de<span class=\"more-link\"><a href=\"https:\/\/fah-bonn.de\/?page_id=166\">Weiterlesen<\/a><\/span><\/p>\n","protected":false},"author":1,"featured_media":0,"parent":0,"menu_order":0,"comment_status":"closed","ping_status":"closed","template":"","meta":{"footnotes":""},"class_list":["entry","author-hoffmann","post-166","page","type-page","status-publish"],"_links":{"self":[{"href":"https:\/\/fah-bonn.de\/index.php?rest_route=\/wp\/v2\/pages\/166","targetHints":{"allow":["GET"]}}],"collection":[{"href":"https:\/\/fah-bonn.de\/index.php?rest_route=\/wp\/v2\/pages"}],"about":[{"href":"https:\/\/fah-bonn.de\/index.php?rest_route=\/wp\/v2\/types\/page"}],"author":[{"embeddable":true,"href":"https:\/\/fah-bonn.de\/index.php?rest_route=\/wp\/v2\/users\/1"}],"replies":[{"embeddable":true,"href":"https:\/\/fah-bonn.de\/index.php?rest_route=%2Fwp%2Fv2%2Fcomments&post=166"}],"version-history":[{"count":9,"href":"https:\/\/fah-bonn.de\/index.php?rest_route=\/wp\/v2\/pages\/166\/revisions"}],"predecessor-version":[{"id":1760,"href":"https:\/\/fah-bonn.de\/index.php?rest_route=\/wp\/v2\/pages\/166\/revisions\/1760"}],"wp:attachment":[{"href":"https:\/\/fah-bonn.de\/index.php?rest_route=%2Fwp%2Fv2%2Fmedia&parent=166"}],"curies":[{"name":"wp","href":"https:\/\/api.w.org\/{rel}","templated":true}]}}