{"id":1748,"date":"2024-09-24T11:04:41","date_gmt":"2024-09-24T11:04:41","guid":{"rendered":"https:\/\/fah-bonn.de\/?page_id=1748"},"modified":"2024-09-30T06:32:01","modified_gmt":"2024-09-30T06:32:01","slug":"fah-seminar-mdr-aktueller-stand-am-26-november-2024","status":"publish","type":"page","link":"https:\/\/fah-bonn.de\/?page_id=1748","title":{"rendered":"FAH Seminar: MDR: Aktueller Stand am 26 November 2024"},"content":{"rendered":"\n<p>Am 26. Mai 2021 war der Stichtag des Geltungsbeginns der europ\u00e4ischen Medizinprodukteverordnung (MDR). Dies ist jetzt \u00fcber drei Jahre her. Auf europ\u00e4ischer Ebene wurden mehr als 300 Dokumente erarbeitet bzw. befinden sich zurzeit noch in Entwicklung. Besonders Kapazit\u00e4tsengp\u00e4sse bei den Benannten Stellen f\u00fchren zu Problemen und Lieferengp\u00e4sse zeichnen sich ab, um nur einen kleinen Teil der massiven Probleme zu nennen und auf europ\u00e4ischer Ebene finden die Vorbereitungen f\u00fcr eine \u00dcberarbeitung der MDR statt.<\/p>\n\n\n\n<p>Die FAH nimmt dies erneut zum Anlass, um Hersteller bei der Umsetzung der MDR-Anforderungen zu unterst\u00fctzen und l\u00e4dt daher zum Fachseminar \u201eMDR: Aktueller Stand\u201c.<\/p>\n\n\n\n<p><strong><u>Datum:<\/u><\/strong><\/p>\n\n\n\n<p><strong>Dienstag, 26. November 2024<\/strong><\/p>\n\n\n\n<p><strong>von ca. 09.00 Uhr bis 14.15 Uhr<\/strong><\/p>\n\n\n\n<p><strong>Ort: Online<\/strong><\/p>\n\n\n\n<p>Das Seminar richtet sich in erster Linie an Medizinproduktehersteller sowie an Unternehmen, die neben Arzneimitteln auch Medizinprodukte vertreiben. Angesprochen sind Mitarbeiter aus den Bereichen Qualit\u00e4tsmanagement, Zulassung\/Konformit\u00e4tsbewertung, Produktentwicklung, Regulatory Affairs und Med.-Wiss.<\/p>\n\n\n\n<p>Verschiedene Experten u.a. einer Benannten Stelle werden Hinweise zur praktischen Umsetzung der neuen Anforderungen der MDR auf Basis der dann aktuellen Auslegungen geben und f\u00fcr Diskussionen und Fragen zur Verf\u00fcgung stehen.<\/p>\n\n\n\n<p><a href=\"https:\/\/www.pharmadeutschland.de\/widi-services\/fachseminare\/veranstaltungen-detailseite\/fah-medizinprodukte\/\">Link zur Anmeldung<\/a><\/p>\n\n\n\n<p><a href=\"http:\/\/fah-bonn.de\/wp-content\/uploads\/2024\/09\/MDR_FAH_Programm_2612024.pdf\">Programm<\/a><\/p>\n","protected":false},"excerpt":{"rendered":"<p>Am 26. Mai 2021 war der Stichtag des Geltungsbeginns der europ\u00e4ischen Medizinprodukteverordnung (MDR). Dies ist jetzt \u00fcber drei Jahre her. Auf europ\u00e4ischer Ebene wurden mehr als 300 Dokumente erarbeitet bzw. befinden sich zurzeit noch in Entwicklung. Besonders Kapazit\u00e4tsengp\u00e4sse bei den Benannten Stellen f\u00fchren zu Problemen und Lieferengp\u00e4sse zeichnen sich ab,<span class=\"more-link\"><a href=\"https:\/\/fah-bonn.de\/?page_id=1748\">Weiterlesen<\/a><\/span><\/p>\n","protected":false},"author":1,"featured_media":1661,"parent":28,"menu_order":0,"comment_status":"closed","ping_status":"closed","template":"","meta":{"footnotes":""},"class_list":["entry","author-hoffmann","post-1748","page","type-page","status-publish","has-post-thumbnail"],"_links":{"self":[{"href":"https:\/\/fah-bonn.de\/index.php?rest_route=\/wp\/v2\/pages\/1748","targetHints":{"allow":["GET"]}}],"collection":[{"href":"https:\/\/fah-bonn.de\/index.php?rest_route=\/wp\/v2\/pages"}],"about":[{"href":"https:\/\/fah-bonn.de\/index.php?rest_route=\/wp\/v2\/types\/page"}],"author":[{"embeddable":true,"href":"https:\/\/fah-bonn.de\/index.php?rest_route=\/wp\/v2\/users\/1"}],"replies":[{"embeddable":true,"href":"https:\/\/fah-bonn.de\/index.php?rest_route=%2Fwp%2Fv2%2Fcomments&post=1748"}],"version-history":[{"count":7,"href":"https:\/\/fah-bonn.de\/index.php?rest_route=\/wp\/v2\/pages\/1748\/revisions"}],"predecessor-version":[{"id":1764,"href":"https:\/\/fah-bonn.de\/index.php?rest_route=\/wp\/v2\/pages\/1748\/revisions\/1764"}],"up":[{"embeddable":true,"href":"https:\/\/fah-bonn.de\/index.php?rest_route=\/wp\/v2\/pages\/28"}],"wp:featuredmedia":[{"embeddable":true,"href":"https:\/\/fah-bonn.de\/index.php?rest_route=\/wp\/v2\/media\/1661"}],"wp:attachment":[{"href":"https:\/\/fah-bonn.de\/index.php?rest_route=%2Fwp%2Fv2%2Fmedia&parent=1748"}],"curies":[{"name":"wp","href":"https:\/\/api.w.org\/{rel}","templated":true}]}}