{"id":1902,"date":"2025-05-06T07:40:07","date_gmt":"2025-05-06T07:40:07","guid":{"rendered":"https:\/\/fah-bonn.de\/?page_id=1902"},"modified":"2025-05-16T05:24:21","modified_gmt":"2025-05-16T05:24:21","slug":"fah-pharma-deutschland-informationsveranstaltung-moeglichkeiten-der-forschungsfoerderung-fuer-unternehmen-am-3-juli-2025","status":"publish","type":"page","link":"https:\/\/fah-bonn.de\/?page_id=1902","title":{"rendered":"FAH\/Pharma Deutschland Informationsveranstaltung: \u201eM\u00f6glichkeiten der Forschungsf\u00f6rderung f\u00fcr Unternehmen\u201c am 3. Juli 2025"},"content":{"rendered":"\n<p>Unternehmen, die in der Lage sind, innovative Produkte oder Dienstleistungen anzubieten, k\u00f6nnen ihre Wettbewerbsposition st\u00e4rken und sich von anderen Marktteilnehmern abheben. Zus\u00e4tzlich tr\u00e4gt Innovation zur Effizienzsteigerung bei, indem Arbeitsprozesse optimiert und Kosten gesenkt werden.&nbsp; Um Unternehmen zu Investitionen in Forschung und Entwicklung (F&amp;E) anzuregen und die Innovation in Deutschland und der EU zu f\u00f6rdern, hat der Gesetzgeber verschiedene F\u00f6rderprogramme geschaffen. Aufgrund der Vielfalt an nationalen und internationalen F\u00f6rderprogrammen ist es oft schwer das geeignete Programm f\u00fcr Ihre Forschungsideen zu identifizieren. Innerhalb dieser Veranstaltung pr\u00e4sentieren wir Ihnen nur eine Auswahl der wichtigsten F\u00f6rdererm\u00f6glichkeiten f\u00fcr Ihr Unternehmen oder Ihre Forschungseinrichtung. Neben der Vorstellung von nationalen F\u00f6rderprogrammen f\u00fcr Kooperationsprojekte innerhalb und au\u00dferhalb des Vorwettbewerbes wird detailliert auch auf internationale M\u00f6glichkeiten der Forschungsf\u00f6rderung innerhalb der EU eingegangen. Den Abschluss bildet ein praktischer Erfahrungsbericht zum Thema aus der Sicht eines pharmazeutischen Unternehmens.<\/p>\n\n\n\n<p>Die Veranstaltung ist f\u00fcr Mitglieder der FAH e. V. und von Pharma Deutschland e. V. gratis.<\/p>\n\n\n\n<p><strong><u>Datum:<\/u><\/strong><\/p>\n\n\n\n<p><strong>Donnerstag, 3. Juli 2025<\/strong><\/p>\n\n\n\n<p><strong>von 10.00 Uhr bis 13.00 Uhr<\/strong><\/p>\n\n\n\n<p><strong>Ort: Online<\/strong><\/p>\n\n\n\n<p><strong>Zielgruppe des Seminars:<\/strong><\/p>\n\n\n\n<ul class=\"wp-block-list\">\n<li>Forschungseinrichtungen, Verb\u00e4nde und Vereine mit passendem Schwerpunkt<\/li>\n<\/ul>\n\n\n\n<ul class=\"wp-block-list\">\n<li>Hersteller von Arzneimitteln und Medizinprodukten<\/li>\n<\/ul>\n\n\n\n<ul class=\"wp-block-list\">\n<li>Consultingunternehmen f\u00fcr Arzneimittel- und Medizinproduktehersteller<\/li>\n<\/ul>\n\n\n\n<ul class=\"wp-block-list\">\n<li>Analysenlabore<\/li>\n<\/ul>\n\n\n\n<ul class=\"wp-block-list\">\n<li>klinische Beratungsorganisationen und -unternehmen<\/li>\n<\/ul>\n\n\n\n<p><a href=\"https:\/\/www.pharmadeutschland.de\/veranstaltungen\/oeffentliche-termine\/fah-pharma-deutschland-gemeinschaftsveranstaltung-moeglichkeiten-der-forschungsfoerderung-fuer-unternehmen\/\">Anmeldung<\/a><\/p>\n\n\n\n<p><a href=\"http:\/\/fah-bonn.de\/wp-content\/uploads\/2025\/05\/Seminar_FAH-PD_Forschungsfoerderung.pdf\">Programm<\/a><\/p>\n\n\n\n<p><\/p>\n","protected":false},"excerpt":{"rendered":"<p>Unternehmen, die in der Lage sind, innovative Produkte oder Dienstleistungen anzubieten, k\u00f6nnen ihre Wettbewerbsposition st\u00e4rken und sich von anderen Marktteilnehmern abheben. Zus\u00e4tzlich tr\u00e4gt Innovation zur Effizienzsteigerung bei, indem Arbeitsprozesse optimiert und Kosten gesenkt werden.&nbsp; Um Unternehmen zu Investitionen in Forschung und Entwicklung (F&amp;E) anzuregen und die Innovation in Deutschland und<span class=\"more-link\"><a href=\"https:\/\/fah-bonn.de\/?page_id=1902\">Weiterlesen<\/a><\/span><\/p>\n","protected":false},"author":1,"featured_media":1661,"parent":28,"menu_order":0,"comment_status":"closed","ping_status":"closed","template":"","meta":{"footnotes":""},"class_list":["entry","author-hoffmann","post-1902","page","type-page","status-publish","has-post-thumbnail"],"_links":{"self":[{"href":"https:\/\/fah-bonn.de\/index.php?rest_route=\/wp\/v2\/pages\/1902","targetHints":{"allow":["GET"]}}],"collection":[{"href":"https:\/\/fah-bonn.de\/index.php?rest_route=\/wp\/v2\/pages"}],"about":[{"href":"https:\/\/fah-bonn.de\/index.php?rest_route=\/wp\/v2\/types\/page"}],"author":[{"embeddable":true,"href":"https:\/\/fah-bonn.de\/index.php?rest_route=\/wp\/v2\/users\/1"}],"replies":[{"embeddable":true,"href":"https:\/\/fah-bonn.de\/index.php?rest_route=%2Fwp%2Fv2%2Fcomments&post=1902"}],"version-history":[{"count":4,"href":"https:\/\/fah-bonn.de\/index.php?rest_route=\/wp\/v2\/pages\/1902\/revisions"}],"predecessor-version":[{"id":1920,"href":"https:\/\/fah-bonn.de\/index.php?rest_route=\/wp\/v2\/pages\/1902\/revisions\/1920"}],"up":[{"embeddable":true,"href":"https:\/\/fah-bonn.de\/index.php?rest_route=\/wp\/v2\/pages\/28"}],"wp:featuredmedia":[{"embeddable":true,"href":"https:\/\/fah-bonn.de\/index.php?rest_route=\/wp\/v2\/media\/1661"}],"wp:attachment":[{"href":"https:\/\/fah-bonn.de\/index.php?rest_route=%2Fwp%2Fv2%2Fmedia&parent=1902"}],"curies":[{"name":"wp","href":"https:\/\/api.w.org\/{rel}","templated":true}]}}