{"id":193,"date":"2020-05-14T13:41:14","date_gmt":"2020-05-14T13:41:14","guid":{"rendered":"http:\/\/fah-bonn.de\/?page_id=193"},"modified":"2020-09-22T10:31:09","modified_gmt":"2020-09-22T10:31:09","slug":"analytik-und-hygiene","status":"publish","type":"page","link":"https:\/\/fah-bonn.de\/?page_id=193","title":{"rendered":"Analytik und Hygiene"},"content":{"rendered":"\n<ul class=\"wp-block-list\"><li><a href=\"http:\/\/fah-bonn.de\/?page_id=430\">Einsatzes der Kapillarelektrophorese (CE) im Bereich Arzneipflanzeninhaltsstoffe<\/a><\/li><li><a href=\"http:\/\/fah-bonn.de\/?page_id=438\">Inhaltsstoffanalytik bei Arznei- und Gew\u00fcrzpflanzen mittels elektronischer Nase<\/a><\/li><li><a href=\"http:\/\/fah-bonn.de\/?page_id=445\">Festphasen-Gaschromatographie-Mikroextraktion (SPME-GC) bei pflanzlichen Arzneimitteln<\/a><\/li><li><a href=\"http:\/\/fah-bonn.de\/?page_id=450\">Optimierung und Validierung d\u00fcnnschichtchromatischer Verfahren in der Analytik von Phytopharmaka<\/a><\/li><li><a href=\"http:\/\/fah-bonn.de\/?page_id=455\">Reinheitsbestimmung pflanzlicher Referenzstandards mittels quantitativer NMR-Spektroskopie<\/a><\/li><li><a href=\"http:\/\/fah-bonn.de\/?page_id=460\">Quantitative NMR-Spektroskopie f\u00fcr die Analytik von Arzneistoffen<\/a><\/li><li><a href=\"http:\/\/fah-bonn.de\/?page_id=465\">Molekularbiologische Authentizit\u00e4tspr\u00fcfung von Pflanzenextrakten<\/a><\/li><li><a href=\"http:\/\/fah-bonn.de\/?page_id=470\">Mechanische Sattdampfentkeimung von Drogen<\/a><\/li><li><a href=\"http:\/\/fah-bonn.de\/?page_id=475\">Entwicklung eines Raman-Detektors f\u00fcr die Charakterisierung pharmazeutischer Formulierungen<\/a><\/li><\/ul>\n","protected":false},"excerpt":{"rendered":"<p>Einsatzes der Kapillarelektrophorese (CE) im Bereich Arzneipflanzeninhaltsstoffe Inhaltsstoffanalytik bei Arznei- und Gew\u00fcrzpflanzen mittels elektronischer Nase Festphasen-Gaschromatographie-Mikroextraktion (SPME-GC) bei pflanzlichen Arzneimitteln Optimierung und Validierung d\u00fcnnschichtchromatischer Verfahren in der Analytik von Phytopharmaka Reinheitsbestimmung pflanzlicher Referenzstandards mittels quantitativer NMR-Spektroskopie Quantitative NMR-Spektroskopie f\u00fcr die Analytik von Arzneistoffen Molekularbiologische Authentizit\u00e4tspr\u00fcfung von Pflanzenextrakten Mechanische Sattdampfentkeimung von<span class=\"more-link\"><a href=\"https:\/\/fah-bonn.de\/?page_id=193\">Weiterlesen<\/a><\/span><\/p>\n","protected":false},"author":1,"featured_media":0,"parent":25,"menu_order":0,"comment_status":"closed","ping_status":"closed","template":"","meta":{"footnotes":""},"class_list":["entry","author-hoffmann","post-193","page","type-page","status-publish"],"_links":{"self":[{"href":"https:\/\/fah-bonn.de\/index.php?rest_route=\/wp\/v2\/pages\/193","targetHints":{"allow":["GET"]}}],"collection":[{"href":"https:\/\/fah-bonn.de\/index.php?rest_route=\/wp\/v2\/pages"}],"about":[{"href":"https:\/\/fah-bonn.de\/index.php?rest_route=\/wp\/v2\/types\/page"}],"author":[{"embeddable":true,"href":"https:\/\/fah-bonn.de\/index.php?rest_route=\/wp\/v2\/users\/1"}],"replies":[{"embeddable":true,"href":"https:\/\/fah-bonn.de\/index.php?rest_route=%2Fwp%2Fv2%2Fcomments&post=193"}],"version-history":[{"count":11,"href":"https:\/\/fah-bonn.de\/index.php?rest_route=\/wp\/v2\/pages\/193\/revisions"}],"predecessor-version":[{"id":479,"href":"https:\/\/fah-bonn.de\/index.php?rest_route=\/wp\/v2\/pages\/193\/revisions\/479"}],"up":[{"embeddable":true,"href":"https:\/\/fah-bonn.de\/index.php?rest_route=\/wp\/v2\/pages\/25"}],"wp:attachment":[{"href":"https:\/\/fah-bonn.de\/index.php?rest_route=%2Fwp%2Fv2%2Fmedia&parent=193"}],"curies":[{"name":"wp","href":"https:\/\/api.w.org\/{rel}","templated":true}]}}