{"id":197,"date":"2020-05-14T13:41:14","date_gmt":"2020-05-14T13:41:14","guid":{"rendered":"http:\/\/fah-bonn.de\/?page_id=197"},"modified":"2020-09-24T07:17:01","modified_gmt":"2020-09-24T07:17:01","slug":"homoeopathie","status":"publish","type":"page","link":"https:\/\/fah-bonn.de\/?page_id=197","title":{"rendered":"Hom\u00f6opathie"},"content":{"rendered":"\n<ul class=\"wp-block-list\"><li><a href=\"http:\/\/fah-bonn.de\/?page_id=670\">Entwicklung einer reproduzierbaren Messmethode zur Evaluierung hom\u00f6opathischer Zubereitungen<\/a><\/li><li><a href=\"http:\/\/fah-bonn.de\/?page_id=676\">Weiterf\u00fchrende Arbeiten zur Entwicklung einer reproduzierbaren Messmethode zur Evaluierung hom\u00f6opathischer Zubereitungen<\/a><\/li><\/ul>\n\n\n\n<p><\/p>\n","protected":false},"excerpt":{"rendered":"<p>Entwicklung einer reproduzierbaren Messmethode zur Evaluierung hom\u00f6opathischer Zubereitungen Weiterf\u00fchrende Arbeiten zur Entwicklung einer reproduzierbaren Messmethode zur Evaluierung hom\u00f6opathischer Zubereitungen<span class=\"more-link\"><a href=\"https:\/\/fah-bonn.de\/?page_id=197\">Weiterlesen<\/a><\/span><\/p>\n","protected":false},"author":1,"featured_media":0,"parent":25,"menu_order":0,"comment_status":"closed","ping_status":"closed","template":"","meta":{"footnotes":""},"class_list":["entry","author-hoffmann","post-197","page","type-page","status-publish"],"_links":{"self":[{"href":"https:\/\/fah-bonn.de\/index.php?rest_route=\/wp\/v2\/pages\/197","targetHints":{"allow":["GET"]}}],"collection":[{"href":"https:\/\/fah-bonn.de\/index.php?rest_route=\/wp\/v2\/pages"}],"about":[{"href":"https:\/\/fah-bonn.de\/index.php?rest_route=\/wp\/v2\/types\/page"}],"author":[{"embeddable":true,"href":"https:\/\/fah-bonn.de\/index.php?rest_route=\/wp\/v2\/users\/1"}],"replies":[{"embeddable":true,"href":"https:\/\/fah-bonn.de\/index.php?rest_route=%2Fwp%2Fv2%2Fcomments&post=197"}],"version-history":[{"count":4,"href":"https:\/\/fah-bonn.de\/index.php?rest_route=\/wp\/v2\/pages\/197\/revisions"}],"predecessor-version":[{"id":679,"href":"https:\/\/fah-bonn.de\/index.php?rest_route=\/wp\/v2\/pages\/197\/revisions\/679"}],"up":[{"embeddable":true,"href":"https:\/\/fah-bonn.de\/index.php?rest_route=\/wp\/v2\/pages\/25"}],"wp:attachment":[{"href":"https:\/\/fah-bonn.de\/index.php?rest_route=%2Fwp%2Fv2%2Fmedia&parent=197"}],"curies":[{"name":"wp","href":"https:\/\/api.w.org\/{rel}","templated":true}]}}