{"id":2083,"date":"2025-08-21T06:18:43","date_gmt":"2025-08-21T06:18:43","guid":{"rendered":"https:\/\/fah-bonn.de\/?page_id=2083"},"modified":"2025-08-28T17:01:59","modified_gmt":"2025-08-28T17:01:59","slug":"test-veranstaltungsuebersicht","status":"publish","type":"page","link":"https:\/\/fah-bonn.de\/?page_id=2083","title":{"rendered":"Veranstaltungs\u00fcbersicht"},"content":{"rendered":"\t\t<div data-elementor-type=\"wp-page\" data-elementor-id=\"2083\" class=\"elementor elementor-2083\">\n\t\t\t\t<div class=\"elementor-element elementor-element-530d3da e-flex e-con-boxed e-con e-parent\" data-id=\"530d3da\" data-element_type=\"container\">\n\t\t\t\t\t<div class=\"e-con-inner\">\n\t\t\t\t<div class=\"elementor-element elementor-element-9c2b037 elementor-widget elementor-widget-shortcode\" data-id=\"9c2b037\" data-element_type=\"widget\" data-widget_type=\"shortcode.default\">\n\t\t\t\t<div class=\"elementor-widget-container\">\n\t\t\t\t\t\t\t<div class=\"elementor-shortcode\"><div class=\"mec-wrap mec-skin-list-container  \" id=\"mec_skin_2090\">\r\n\r\n    \r\n            <div class=\"mec-skin-list-events-container\" id=\"mec_skin_events_2090\">\r\n        <div class=\"mec-wrap colorskin-custom\">\r\n\t<div class=\"mec-event-list-standard\">\r\n\t\t\r\n                        <div class=\"mec-month-divider\" data-toggle-divider=\"mec-toggle-202610-2090\"><h5 style=\"display: inline;\">Oktober 2026<\/h5><i class=\"mec-sl-arrow-down\"><\/i><\/div>\r\n            \r\n                        <article class=\"mec-event-article  mec-clear  mec-divider-toggle mec-toggle-202610-2090\" itemscope>\r\n                                                        <div class=\"mec-topsec\">\r\n                                        <div class=\"col-md-3 mec-event-image-wrap mec-col-table-c\">\r\n                            <div class=\"mec-event-image\"><a data-event-id=\"2366\" href=\"https:\/\/fah-bonn.de\/?mec-events=35-ordentliche-mitgliederversammlung-der-fah\" target=\"_blank\" rel=\"noopener\"><img decoding=\"async\" width=\"300\" height=\"139\" src=\"https:\/\/fah-bonn.de\/wp-content\/uploads\/2023\/11\/Slifer_Weiterbildung-920x425-1.jpg\" class=\"attachment-thumblist size-thumblist wp-post-image\" alt=\"\" data-mec-postid=\"2366\" \/><\/a><\/div>\r\n                        <\/div>\r\n                        \r\n                        <div class=\"col-md-6 mec-col-table-c mec-event-content-wrap\">\r\n                            <div class=\"mec-event-content\">\r\n                                                                                                <h3 class=\"mec-event-title\"><a class=\"mec-color-hover\" data-event-id=\"2366\" href=\"https:\/\/fah-bonn.de\/?mec-events=35-ordentliche-mitgliederversammlung-der-fah\" target=\"_blank\" rel=\"noopener\">35. ordentliche Mitgliederversammlung der FAH<\/a><\/h3>\r\n                                <div class=\"mec-event-description\">Ansprechpartner Dr. Jens Hoffmann Mail: jens.hoffmann@fah-bonn.de Tel.: 0228 \/ 1 84 86 994<span class=\"more-link\"><a href=\"https:\/\/fah-bonn.de\/?mec-events=fah-informationsveranstaltung-herstellung-und-pruefung-von-phytopharmaka-241\">Weiterlesen<\/a><\/span><\/div>\r\n                            <\/div>\r\n                        <\/div>\r\n                        <div class=\"col-md-3 mec-col-table-c mec-event-meta-wrap\">\r\n                            <div class=\"mec-event-meta mec-color-before\">\r\n                                <div class=\"mec-date-details\">\r\n                                                                            <span class=\"mec-event-d\"><i class=\"mec-sl-calendar\"><\/i><span class=\"mec-start-date-label\">01 Okt.<\/span><\/span>\r\n                                                                    <\/div>\r\n                                                                <div class=\"mec-time-details\"><svg xmlns=\"http:\/\/www.w3.org\/2000\/svg\" width=\"16\" height=\"16\" viewBox=\"0 0 16 16\"><path id=\"clock\" d=\"M8,16a8,8,0,1,1,8-8A8.009,8.009,0,0,1,8,16ZM8,1.333A6.667,6.667,0,1,0,14.667,8,6.674,6.674,0,0,0,8,1.333Zm2.667,10a.665.665,0,0,1-.471-.2L7.529,8.471a.666.666,0,0,1-.144-.217A.673.673,0,0,1,7.333,8V3.333a.667.667,0,1,1,1.333,0V7.724L11.138,10.2a.667.667,0,0,1-.471,1.138Z\" fill=\"#60daf2\" \/><\/svg><span class=\"mec-start-time\">13:00<\/span> - <span class=\"mec-end-time\">16:00<\/span><\/div>                                                                                                <div class=\"mec-venue-details\">\r\n                                    <svg xmlns=\"http:\/\/www.w3.org\/2000\/svg\" width=\"12.308\" height=\"16\" viewBox=\"0 0 12.308 16\"><path id=\"location\" d=\"M6.6,15.839a.7.7,0,0,1-.89,0C5.476,15.644,0,11,0,6.029A6.1,6.1,0,0,1,6.154,0a6.1,6.1,0,0,1,6.154,6.029C12.308,11,6.832,15.644,6.6,15.839ZM6.154,1.333a4.747,4.747,0,0,0-4.786,4.7c0,3.6,3.52,7.215,4.786,8.4,1.266-1.184,4.787-4.8,4.787-8.4A4.747,4.747,0,0,0,6.154,1.333Zm0,7.383A2.7,2.7,0,0,1,3.419,6.049,2.7,2.7,0,0,1,6.154,3.383,2.7,2.7,0,0,1,8.889,6.049,2.7,2.7,0,0,1,6.154,8.716Zm0-4A1.334,1.334,0,1,0,7.521,6.049,1.353,1.353,0,0,0,6.154,4.716Z\" fill=\"#40d9f1\" fill-rule=\"evenodd\"\/><\/svg>                                    <span>Pharma Deutschland e. V.<\/span>\r\n                                                                        <address class=\"mec-event-address\"><span>Ubierstr. 71-73, 53173 Bonn<\/span><\/address>\r\n                                                                    <\/div>\r\n                                                                                                                                                                \r\n                                <!--                                -->                            <\/div>\r\n                        <\/div>\r\n                    <\/div>\r\n                    <div class=\"mec-event-footer\">\r\n                                                <ul class=\"mec-event-sharing-wrap\">\r\n                            <li class=\"mec-event-share\">\r\n                                <a href=\"#\" class=\"mec-event-share-icon\">\r\n                                    <i class=\"mec-sl-share\" title=\"Teilen\" alt=\"Teilen\"><\/i>\r\n                                <\/a>\r\n                            <\/li>\r\n                            <li>\r\n                                <ul class=\"mec-event-sharing\">\r\n                                                                    <\/ul>\r\n                            <\/li>\r\n                        <\/ul>\r\n                                                                                                                        <a class=\"mec-booking-button\" data-event-id=\"2366\" href=\"https:\/\/fah-bonn.de\/?mec-events=35-ordentliche-mitgliederversammlung-der-fah\" target=\"_blank\" rel=\"noopener\">Details anzeigen<\/a>                    <\/div>\r\n                            <\/article>\r\n            \t\t\r\n                        <div class=\"mec-month-divider\" data-toggle-divider=\"mec-toggle-202702-2090\"><h5 style=\"display: inline;\">Februar 2027<\/h5><i class=\"mec-sl-arrow-down\"><\/i><\/div>\r\n            \r\n                        <article class=\"mec-event-article  mec-clear  mec-divider-toggle mec-toggle-202702-2090\" itemscope>\r\n                                                        <div class=\"mec-topsec\">\r\n                                        <div class=\"col-md-3 mec-event-image-wrap mec-col-table-c\">\r\n                            <div class=\"mec-event-image\"><a data-event-id=\"2386\" href=\"https:\/\/fah-bonn.de\/?mec-events=fah-informationsveranstaltung-herstellung-und-pruefung-von-phytopharmaka-241\" target=\"_blank\" rel=\"noopener\"><img fetchpriority=\"high\" decoding=\"async\" width=\"300\" height=\"300\" src=\"https:\/\/fah-bonn.de\/wp-content\/uploads\/2020\/09\/leaf-681122_1920-e1755152492793-300x300.jpg\" class=\"attachment-thumblist size-thumblist wp-post-image\" alt=\"\" data-mec-postid=\"2386\" \/><\/a><\/div>\r\n                        <\/div>\r\n                        \r\n                        <div class=\"col-md-6 mec-col-table-c mec-event-content-wrap\">\r\n                            <div class=\"mec-event-content\">\r\n                                                                                                <h3 class=\"mec-event-title\"><a class=\"mec-color-hover\" data-event-id=\"2386\" href=\"https:\/\/fah-bonn.de\/?mec-events=fah-informationsveranstaltung-herstellung-und-pruefung-von-phytopharmaka-241\" target=\"_blank\" rel=\"noopener\">FAH Informationsveranstaltung \u201eHerstellung und Pr\u00fcfung von Phytopharmaka\u201c 2027<\/a><span class=\"event-color\" style=\"background: #00a0d2\"><\/span><\/h3>\r\n                                <div class=\"mec-event-description\">Dieses Seminar m\u00f6chte einen aktuellen \u00dcberblick \u00fcber regulatorische Anforderungen und praktische Erfahrungen bei der Herstellung von Phytopharmaka geben, insbesondere bei den ersten Prozessschritten von der Arzneipflanze bis zum pflanzlichen Wirkstoff und verschiedene Aspekte der Qualit\u00e4tspr\u00fcfung beleuchten. Neben Einblicken aus Sicht der industriellen Praxis werden durch Vertreter der Zulassungsbeh\u00f6rde die regulatorischen<span class=\"more-link\"><a href=\"https:\/\/fah-bonn.de\/?mec-events=fah-informationsveranstaltung-herstellung-und-pruefung-von-phytopharmaka-241\">Weiterlesen<\/a><\/span><\/div>\r\n                            <\/div>\r\n                        <\/div>\r\n                        <div class=\"col-md-3 mec-col-table-c mec-event-meta-wrap\">\r\n                            <div class=\"mec-event-meta mec-color-before\">\r\n                                <div class=\"mec-date-details\">\r\n                                                                            <span class=\"mec-event-d\"><i class=\"mec-sl-calendar\"><\/i><span class=\"mec-start-date-label\">24 Feb.<\/span><\/span>\r\n                                                                    <\/div>\r\n                                                                <div class=\"mec-time-details\"><svg xmlns=\"http:\/\/www.w3.org\/2000\/svg\" width=\"16\" height=\"16\" viewBox=\"0 0 16 16\"><path id=\"clock\" d=\"M8,16a8,8,0,1,1,8-8A8.009,8.009,0,0,1,8,16ZM8,1.333A6.667,6.667,0,1,0,14.667,8,6.674,6.674,0,0,0,8,1.333Zm2.667,10a.665.665,0,0,1-.471-.2L7.529,8.471a.666.666,0,0,1-.144-.217A.673.673,0,0,1,7.333,8V3.333a.667.667,0,1,1,1.333,0V7.724L11.138,10.2a.667.667,0,0,1-.471,1.138Z\" fill=\"#60daf2\" \/><\/svg><span class=\"mec-start-time\">09:30<\/span> - <span class=\"mec-end-time\">14:30<\/span><\/div>                                                                                                <div class=\"mec-venue-details\">\r\n                                    <svg xmlns=\"http:\/\/www.w3.org\/2000\/svg\" width=\"12.308\" height=\"16\" viewBox=\"0 0 12.308 16\"><path id=\"location\" d=\"M6.6,15.839a.7.7,0,0,1-.89,0C5.476,15.644,0,11,0,6.029A6.1,6.1,0,0,1,6.154,0a6.1,6.1,0,0,1,6.154,6.029C12.308,11,6.832,15.644,6.6,15.839ZM6.154,1.333a4.747,4.747,0,0,0-4.786,4.7c0,3.6,3.52,7.215,4.786,8.4,1.266-1.184,4.787-4.8,4.787-8.4A4.747,4.747,0,0,0,6.154,1.333Zm0,7.383A2.7,2.7,0,0,1,3.419,6.049,2.7,2.7,0,0,1,6.154,3.383,2.7,2.7,0,0,1,8.889,6.049,2.7,2.7,0,0,1,6.154,8.716Zm0-4A1.334,1.334,0,1,0,7.521,6.049,1.353,1.353,0,0,0,6.154,4.716Z\" fill=\"#40d9f1\" fill-rule=\"evenodd\"\/><\/svg>                                    <span>MS Teams<\/span>\r\n                                                                    <\/div>\r\n                                                                                                                                                                \r\n                                <!--                                -->                            <\/div>\r\n                        <\/div>\r\n                    <\/div>\r\n                    <div class=\"mec-event-footer\">\r\n                                                <ul class=\"mec-event-sharing-wrap\">\r\n                            <li class=\"mec-event-share\">\r\n                                <a href=\"#\" class=\"mec-event-share-icon\">\r\n                                    <i class=\"mec-sl-share\" title=\"Teilen\" alt=\"Teilen\"><\/i>\r\n                                <\/a>\r\n                            <\/li>\r\n                            <li>\r\n                                <ul class=\"mec-event-sharing\">\r\n                                                                    <\/ul>\r\n                            <\/li>\r\n                        <\/ul>\r\n                                                                                                                        <a class=\"mec-booking-button\" data-event-id=\"2386\" href=\"https:\/\/fah-bonn.de\/?mec-events=fah-informationsveranstaltung-herstellung-und-pruefung-von-phytopharmaka-241\" target=\"_blank\" rel=\"noopener\">Details anzeigen<\/a>                    <\/div>\r\n                            <\/article>\r\n            \t\t\t<\/div>\r\n<\/div>\r\n\r\n    <\/div>\r\n    <div class=\"mec-skin-list-no-events-container mec-util-hidden\" id=\"mec_skin_no_events_2090\">\r\n        Keine Veranstaltung gefunden    <\/div>\r\n    \r\n    \r\n<\/div>\r\n<\/div>\n\t\t\t\t\t\t<\/div>\n\t\t\t\t<\/div>\n\t\t\t\t\t<\/div>\n\t\t\t\t<\/div>\n\t\t<div class=\"elementor-element elementor-element-ed30045 e-flex e-con-boxed e-con e-parent\" data-id=\"ed30045\" data-element_type=\"container\">\n\t\t\t\t\t<div class=\"e-con-inner\">\n\t\t\t\t<div class=\"elementor-element elementor-element-6164b91 elementor-widget elementor-widget-button\" data-id=\"6164b91\" data-element_type=\"widget\" data-widget_type=\"button.default\">\n\t\t\t\t<div class=\"elementor-widget-container\">\n\t\t\t\t\t\t\t\t\t<div class=\"elementor-button-wrapper\">\n\t\t\t\t\t<a class=\"elementor-button elementor-button-link elementor-size-sm\" href=\"https:\/\/fah-bonn.de\/?page_id=28\">\n\t\t\t\t\t\t<span class=\"elementor-button-content-wrapper\">\n\t\t\t\t\t\t\t\t\t<span class=\"elementor-button-text\">K\u00fcrzlich abgeschlossene Veranstaltungen der FAH<\/span>\n\t\t\t\t\t<\/span>\n\t\t\t\t\t<\/a>\n\t\t\t\t<\/div>\n\t\t\t\t\t\t\t\t<\/div>\n\t\t\t\t<\/div>\n\t\t\t\t\t<\/div>\n\t\t\t\t<\/div>\n\t\t\t\t<\/div>\n\t\t","protected":false},"excerpt":{"rendered":"<p>K\u00fcrzlich abgeschlossene Veranstaltungen der FAH<span class=\"more-link\"><a href=\"https:\/\/fah-bonn.de\/?mec-events=fah-informationsveranstaltung-herstellung-und-pruefung-von-phytopharmaka-241\">Weiterlesen<\/a><\/span><\/p>\n","protected":false},"author":1,"featured_media":0,"parent":0,"menu_order":0,"comment_status":"closed","ping_status":"closed","template":"","meta":{"footnotes":""},"class_list":["entry","author-hoffmann","post-2083","page","type-page","status-publish"],"_links":{"self":[{"href":"https:\/\/fah-bonn.de\/index.php?rest_route=\/wp\/v2\/pages\/2083","targetHints":{"allow":["GET"]}}],"collection":[{"href":"https:\/\/fah-bonn.de\/index.php?rest_route=\/wp\/v2\/pages"}],"about":[{"href":"https:\/\/fah-bonn.de\/index.php?rest_route=\/wp\/v2\/types\/page"}],"author":[{"embeddable":true,"href":"https:\/\/fah-bonn.de\/index.php?rest_route=\/wp\/v2\/users\/1"}],"replies":[{"embeddable":true,"href":"https:\/\/fah-bonn.de\/index.php?rest_route=%2Fwp%2Fv2%2Fcomments&post=2083"}],"version-history":[{"count":21,"href":"https:\/\/fah-bonn.de\/index.php?rest_route=\/wp\/v2\/pages\/2083\/revisions"}],"predecessor-version":[{"id":2152,"href":"https:\/\/fah-bonn.de\/index.php?rest_route=\/wp\/v2\/pages\/2083\/revisions\/2152"}],"wp:attachment":[{"href":"https:\/\/fah-bonn.de\/index.php?rest_route=%2Fwp%2Fv2%2Fmedia&parent=2083"}],"curies":[{"name":"wp","href":"https:\/\/api.w.org\/{rel}","templated":true}]}}