{"id":25,"date":"2020-05-13T14:18:30","date_gmt":"2020-05-13T14:18:30","guid":{"rendered":"http:\/\/fah-bonn.de\/?page_id=25"},"modified":"2022-07-21T06:50:49","modified_gmt":"2022-07-21T06:50:49","slug":"projekte","status":"publish","type":"page","link":"https:\/\/fah-bonn.de\/?page_id=25","title":{"rendered":"Projekte"},"content":{"rendered":"\n<h3 class=\"wp-block-heading\"><a href=\"http:\/\/fah-bonn.de\/?page_id=193\">Analytik und Hygiene<\/a><\/h3>\n\n\n\n<h3 class=\"wp-block-heading\"><a href=\"http:\/\/fah-bonn.de\/?page_id=195\">Galenik und Pharmazeutische Technologie<\/a><\/h3>\n\n\n\n<h3 class=\"wp-block-heading\"><a href=\"https:\/\/fah-bonn.de\/?page_id=196\">Arzneipflanzenanbau<\/a><\/h3>\n\n\n\n<h3 class=\"wp-block-heading\"><a href=\"https:\/\/fah-bonn.de\/?page_id=1400\">Nachhaltigkei<strong>t<\/strong><\/a><\/h3>\n\n\n\n<h3 class=\"wp-block-heading\"><a href=\"http:\/\/fah-bonn.de\/?page_id=197\">Hom\u00f6opathie<\/a><\/h3>\n\n\n\n<h3 class=\"wp-block-heading\"><a href=\"http:\/\/fah-bonn.de\/?page_id=198\">Beschaffung von Arzneipflanzen f\u00fcr die Hom\u00f6opathie<\/a><\/h3>\n\n\n\n<h3 class=\"wp-block-heading\"><a href=\"http:\/\/fah-bonn.de\/?page_id=199\">Lean Management<\/a><\/h3>\n\n\n\n<h3 class=\"wp-block-heading\"><a href=\"http:\/\/fah-bonn.de\/?page_id=200\">Demonstrationsprojekt KAMEL<\/a><\/h3>\n","protected":false},"excerpt":{"rendered":"<p>Analytik und Hygiene Galenik und Pharmazeutische Technologie Arzneipflanzenanbau Nachhaltigkeit Hom\u00f6opathie Beschaffung von Arzneipflanzen f\u00fcr die Hom\u00f6opathie Lean Management Demonstrationsprojekt KAMEL<span class=\"more-link\"><a href=\"https:\/\/fah-bonn.de\/?page_id=25\">Weiterlesen<\/a><\/span><\/p>\n","protected":false},"author":1,"featured_media":927,"parent":0,"menu_order":0,"comment_status":"closed","ping_status":"closed","template":"","meta":{"footnotes":""},"class_list":["entry","author-hoffmann","post-25","page","type-page","status-publish","has-post-thumbnail"],"_links":{"self":[{"href":"https:\/\/fah-bonn.de\/index.php?rest_route=\/wp\/v2\/pages\/25","targetHints":{"allow":["GET"]}}],"collection":[{"href":"https:\/\/fah-bonn.de\/index.php?rest_route=\/wp\/v2\/pages"}],"about":[{"href":"https:\/\/fah-bonn.de\/index.php?rest_route=\/wp\/v2\/types\/page"}],"author":[{"embeddable":true,"href":"https:\/\/fah-bonn.de\/index.php?rest_route=\/wp\/v2\/users\/1"}],"replies":[{"embeddable":true,"href":"https:\/\/fah-bonn.de\/index.php?rest_route=%2Fwp%2Fv2%2Fcomments&post=25"}],"version-history":[{"count":17,"href":"https:\/\/fah-bonn.de\/index.php?rest_route=\/wp\/v2\/pages\/25\/revisions"}],"predecessor-version":[{"id":1403,"href":"https:\/\/fah-bonn.de\/index.php?rest_route=\/wp\/v2\/pages\/25\/revisions\/1403"}],"wp:featuredmedia":[{"embeddable":true,"href":"https:\/\/fah-bonn.de\/index.php?rest_route=\/wp\/v2\/media\/927"}],"wp:attachment":[{"href":"https:\/\/fah-bonn.de\/index.php?rest_route=%2Fwp%2Fv2%2Fmedia&parent=25"}],"curies":[{"name":"wp","href":"https:\/\/api.w.org\/{rel}","templated":true}]}}