{"id":30,"date":"2020-05-13T14:18:30","date_gmt":"2020-05-13T14:18:30","guid":{"rendered":"http:\/\/fah-bonn.de\/?page_id=30"},"modified":"2024-11-29T07:39:39","modified_gmt":"2024-11-29T07:39:39","slug":"impressum-und-datenschutz","status":"publish","type":"page","link":"https:\/\/fah-bonn.de\/?page_id=30","title":{"rendered":"Impressum und Datenschutz"},"content":{"rendered":"\n<h4 class=\"wp-block-heading\">Vertretungsberechtigter Vorstand<\/h4>\n\n\n\n<p>Dr. Frank Poetsch (Vorsitzender)<br>Dr. Bruno Buss<br>Prof. Dr. Gerald Huber<\/p>\n\n\n\n<p>Registergericht: Amtsgericht Bonn<br>Registriernummer: VR 9005<\/p>\n\n\n\n<p>Umsatzsteuer-Identifikationsnummer: DE 203 822 786<\/p>\n\n\n\n<h4 class=\"wp-block-heading\">V.i.S.d \u00a7 55 Abs. 2 RStV:<\/h4>\n\n\n\n<p>Dr. Jens Hoffmann<br>M\u00fchlenstr. 33<br>53173 Bonn<br>Tel.: 0228 \/ 184 86 994<br>Mail: jens.hoffmann@fah-bonn.de<\/p>\n\n\n\n<h3 class=\"wp-block-heading\">Hinweise<\/h3>\n\n\n\n<p>Die Informationen und Angaben auf diesen Internetseiten wurden durch die FAH sorgf\u00e4ltig zusammengestellt und gepr\u00fcft. Die FAH \u00fcbernimmt jedoch f\u00fcr die Richtigkeit, Vollst\u00e4ndigkeit, Aktualit\u00e4t und Qualit\u00e4t keine Haftung. Die FAH beh\u00e4lt sich das Recht vor, \u00c4nderungen, Erg\u00e4nzungen oder Streichungen der bereitgestellten Informationen ohne gesonderte Ank\u00fcndigung vorzunehmen. Jedwede Haftung f\u00fcr eventuelle Sch\u00e4den oder Folgen, die sich durch die Nutzung des Internetangebots ergeben, ist ausgeschlossen. Die FAH \u00fcbernimmt f\u00fcr Internetseiten Dritter, die durch Links, die auf der FAH-Internetseite angebracht und dadurch mit dem FAH-Internetangebot verbunden sind, keine Verantwortung. Da die FAH keinen Einfluss auf die aktuelle und zuk\u00fcnftige Gestaltung und die Inhalte verlinkter Seiten hat, distanziert er sich von jeglichem Inhalt, deren Verbreitung nach deutschem und ausl\u00e4ndischem Recht verboten ist.<br>&nbsp;<br>Die Inhalte der FAH-Internetseite sind urheberrechtlich gesch\u00fctzt. Nur die zur Weiterverwendung ausdr\u00fccklich freigegebenen Inhalte d\u00fcrfen durch die Nutzer, soweit die Freigabe auch ihnen gegen\u00fcber erfolgt ist, heruntergeladen und vervielf\u00e4ltigt werden. Hierbei d\u00fcrfen Inhalte nicht ver\u00e4ndert oder verf\u00e4lscht werden. Die Erstellung einer angemessenen Anzahl von Kopien auf elektronischen Datentr\u00e4gern oder im Printverfahren ist zul\u00e4ssig, soweit diese Kopien ausschlie\u00dflich zum pers\u00f6nlichen Gebrauch erstellt und genutzt werden. Die FAH ist als Quelle ausdr\u00fccklich zu nennen und jede weitergehende Nutzung der Inhalte der FAH-Internetseite ist urheberrechtswidrig.<\/p>\n\n\n\n<h4 class=\"wp-block-heading\">Datenschutzerkl\u00e4rung<\/h4>\n\n\n\n<p><strong>1. Name und Kontaktdaten des f\u00fcr die Verarbeitung Verantwortlichen sowie des betrieblichen Datenschutzbeauftragten<\/strong><\/p>\n\n\n\n<p>Diese Datenschutz-Information gilt f\u00fcr die Datenverarbeitung durch die:<br><br>Forschungsvereinigung der Arzneimittel-Hersteller e.V. (FAH), B\u00fcrgerstra\u00dfe 12, 53173 Bonn, E-Mail: <a href=\"mailto:info@fah-bonn.de\">info@fah-bonn.de<\/a>, Tel.: 0228\/18486990, Fax: 0228\/18486999.<br><br><br><strong>2. Erhebung und Speicherung personenbezogener Daten sowie Art und Zweck von deren Verwendung<\/strong><br><br>Beim Aufrufen unserer Website www.fah-bonn.de werden durch den auf Ihrem Endger\u00e4t zum Einsatz kommenden Browser automatisch Informationen an den Server unserer Website gesendet. Diese Informationen werden tempor\u00e4r in einem sogenannten Logfile gespeichert. Folgende Informationen werden dabei ohne Ihr Zutun erfasst und bis zur L\u00f6schung gespeichert:<br><br>&#8211; IP-Adresse des anfragenden Rechners,<br>&#8211; Datum und Uhrzeit des Zugriffs,<br>&#8211; Name und URL der abgerufenen Datei,<br>&#8211; Website, von der aus der Zugriff erfolgt (Referrer-URL),<br>&#8211; verwendeter Browser und ggf. das Betriebssystem Ihres Rechners<br><br>Die genannten Daten werden durch uns zu folgenden Zwecken verarbeitet:<br><br>&#8211; Gew\u00e4hrleistung eines reibungslosen Verbindungsaufbaus der Website sowie<br>&#8211; Gew\u00e4hrleistung einer komfortablen Nutzung unserer Website.<br><br>Die Rechtsgrundlage f\u00fcr die Datenverarbeitung ist Artikel 6 Abs. 1 Satz lit. f DSGVO. Unser berechtigtes Interesse folgt aus oben aufgelisteten Zwecken zur Datenerhebung. In keinem Fall verwenden wir die erhobenen Daten zu dem Zweck, R\u00fcckschl\u00fcsse auf Ihre Person zu ziehen.<br><br>Von der Website der FAH Bonn werden zu keinem Zeitpunkt Tracking-Cookies und\/oder Tracking-Pixels gesetzt, um das Benutzerverhalten bei der Nutzung des Webangebots zu verfolgen und auf diese Weise ein nutzerbezogenes Profil zu erzeugen. Auf die Erfassung von Trackingdaten mittels Tracking-Cookies und\/oder Tracking-Pixels durch Drittseiten, von denen aus auf das Webangebot der FAH Bonn verlinkt wird, hat die FAH-Bonn keinen Einfluss.<br><br><br><strong>3. Weitergabe von Daten<\/strong><br><br>Eine \u00dcbermittlung Ihrer pers\u00f6nlichen Daten an Dritte zu anderen als den im Folgenden aufgef\u00fchrten Zwecken findet nicht statt. Wir geben Ihre pers\u00f6nlichen Daten nur dann an Dritte weiter, wenn:<br><br>&#8211; Sie Ihre nach Art.6 Abs. 1 lit. a DSGVO ausdr\u00fcckliche Einwilligung hierzu erteilt haben,<br>&#8211; die Weitergabe nach Art. 6 Abs. 1 Satz 1 lit. f DSGVO zur Geltendmachung, Aus\u00fcbung oder Verteidigung von Rechtsanspr\u00fcchen erforderlich ist und kein Grund zur Annahme besteht, dass Sie ein \u00fcberwiegendes schutzw\u00fcrdiges Interesse an der Nichtweitergabe Ihrer Daten haben,<br>&#8211; f\u00fcr den Fall, dass f\u00fcr die Weitergabe nach Art. 6 Abs. 1 Satz 1 lit. c DSGVO eine gesetzliche Verpflichtung besteht sowie<br>&#8211; dies gesetzlich zul\u00e4ssig und nach Art. 6 Abs. 1 Satz 1 lit. b DSGVO f\u00fcr die Abwicklung von Vertragsverh\u00e4ltnissen mit Ihnen erforderlich ist.<br><br><br><strong>4. Social Media<\/strong><\/p>\n\n\n\n<p>Wir nutzen auf Grundlage des Art. 6 Abs. 1 Satz 1 lit. f DSGVO das soziale Netzwerk Twitter und den Standortdienst Google Maps, um uns hier\u00fcber bekannter zu machen. Der dahinter stehende werbliche Zweck ist als berechtigtes Interesse im Sinne der DSGVO anzusehen. Die Verantwortung f\u00fcr den datenschutzkonformen Betrieb ist durch deren jeweiligen Anbieter zu gew\u00e4hrleisten. Eine \u00dcbertragung von Nutzerdaten findet daher erst nach einem Klick hierauf statt und erfolgt dann auf der Website von Google Maps und <strong>nicht <\/strong>auf der der FAH.<br><br><br><strong>5. Betroffenenrechte<\/strong><br><br>Sie k\u00f6nnen unter der E-Mail-Adresse info@fah-bonn.de Auskunft \u00fcber die zu Ihrer Person gespeicherten Daten verlangen. Dar\u00fcber hinaus k\u00f6nnen Sie unter bestimmten Voraussetzungen die Berichtigung oder die L\u00f6schung Ihrer Daten verlangen. Ihnen kann weiterhin ein Recht auf Einschr\u00e4nkung der Verarbeitung Ihrer Daten sowie ein Recht auf Herausgabe der von Ihnen bereitgestellten Daten in einem strukturierten, g\u00e4ngigen und maschinenlesbaren Format zustehen.<br><br>Sie haben das Recht, einer Verarbeitung Ihrer personenbezogenen Daten zu Zwecken der Direktwerbung zu widersprechen.<br><br>Verarbeiten wir Ihre Daten zur Wahrung berechtigter Interessen, k\u00f6nnen Sie dieser Verarbeitung widersprechen, wenn sich aus Ihrer besonderen Situation Gr\u00fcnde ergeben, die gegen die Datenverarbeitung sprechen.<br><br><br><strong>6. Dauer der Datenspeicherung<\/strong><br><br>Die FAH l\u00f6scht Ihre personenbezogenen Daten, sobald Sie f\u00fcr die oben genannten Zwecke nicht mehr erforderlich sind. Dabei kann es vorkommen, dass personenbezogene Daten f\u00fcr die Zeit aufbewahrt werden, in der Anspr\u00fcche gegen unseren Verband geltend gemacht werden k\u00f6nnen (gesetzliche Verj\u00e4hrungsfrist von 3 oder bis zu 30 Jahren). Zudem speichern wir Ihre personenbezogenen Daten, soweit wir dazu gesetzlich verpflichtet sind.<br><br><br><strong>7. Beschwerderecht<\/strong><br><br>Es besteht die M\u00f6glichkeit, sich mit einer Beschwerde an die Gesch\u00e4ftsf\u00fchrung oder an eine Datenschutzaufsichtsbeh\u00f6rde zu wenden. Die f\u00fcr unser Unternehmen zust\u00e4ndige Datenschutzaufsichtsbeh\u00f6rde ist:<br><br>Landesbeauftragte f\u00fcr Datenschutz<br>und Informationsfreiheit Nordrhein-Westfalen<br>Kavalleriestra\u00dfe 2-4<br>40213 D\u00fcsseldorf<br><br><br><strong>8. Datensicherheit<\/strong><br><br>Im Rahmen der Nutzung der Internetseite der FAH-Bonn werden zu keinem Zeitpunkt Daten erfasst und\/oder mit Servern ausgetauscht, die sensiblen Charakter haben. Daher ist eine Verschl\u00fcsselung der mit dem Server ausgetauschten Daten nicht erforderlich.<br><br>Dar\u00fcber hinaus bedienen wir uns im \u00dcbrigen geeigneter technischer und organisatorischer Sicherheitsma\u00dfnahmen, um Ihre Daten gegen zuf\u00e4llige oder vors\u00e4tzliche Manipulationen, teilweisen oder vollst\u00e4ndigen Verlust, Zerst\u00f6rung oder gegen den unbefugten Zugriff Dritter zu sch\u00fctzen. Unsere Sicherheitsma\u00dfnahmen werden entsprechend der technologischen Entwicklung fortlaufend verbessert.<br><br><br><strong>9. Aktualit\u00e4t und \u00c4nderung dieser Datenschutzerkl\u00e4rung<\/strong><br><br>Diese Datenschutzerkl\u00e4rung ist aktuell g\u00fcltig und hat den Stand Mai 2018. Durch die Weiterentwicklung unserer Website und Angebote dar\u00fcber oder aufgrund ge\u00e4nderter gesetzlicher bzw. beh\u00f6rdlicher Vorgaben kann es notwendig werden, diese Datenschutzerkl\u00e4rung zu \u00e4ndern. Die jeweils aktuelle Datenschutzerkl\u00e4rung kann jederzeit auf der Website unter <a href=\"http:\/\/fah-bonn.de\/?page_id=30\">fah-bonn.de\/site\/index.php<\/a> von Ihnen abgerufen und ausgedruckt werden.<\/p>\n","protected":false},"excerpt":{"rendered":"<p>Vertretungsberechtigter Vorstand Dr. Frank Poetsch (Vorsitzender)Dr. Bruno BussProf. Dr. Gerald Huber Registergericht: Amtsgericht BonnRegistriernummer: VR 9005 Umsatzsteuer-Identifikationsnummer: DE 203 822 786 V.i.S.d \u00a7 55 Abs. 2 RStV: Dr. Jens HoffmannM\u00fchlenstr. 3353173 BonnTel.: 0228 \/ 184 86 994Mail: jens.hoffmann@fah-bonn.de Hinweise Die Informationen und Angaben auf diesen Internetseiten wurden durch die FAH<span class=\"more-link\"><a href=\"https:\/\/fah-bonn.de\/?page_id=30\">Weiterlesen<\/a><\/span><\/p>\n","protected":false},"author":1,"featured_media":0,"parent":0,"menu_order":0,"comment_status":"closed","ping_status":"closed","template":"","meta":{"footnotes":""},"class_list":["entry","author-hoffmann","post-30","page","type-page","status-publish"],"_links":{"self":[{"href":"https:\/\/fah-bonn.de\/index.php?rest_route=\/wp\/v2\/pages\/30","targetHints":{"allow":["GET"]}}],"collection":[{"href":"https:\/\/fah-bonn.de\/index.php?rest_route=\/wp\/v2\/pages"}],"about":[{"href":"https:\/\/fah-bonn.de\/index.php?rest_route=\/wp\/v2\/types\/page"}],"author":[{"embeddable":true,"href":"https:\/\/fah-bonn.de\/index.php?rest_route=\/wp\/v2\/users\/1"}],"replies":[{"embeddable":true,"href":"https:\/\/fah-bonn.de\/index.php?rest_route=%2Fwp%2Fv2%2Fcomments&post=30"}],"version-history":[{"count":11,"href":"https:\/\/fah-bonn.de\/index.php?rest_route=\/wp\/v2\/pages\/30\/revisions"}],"predecessor-version":[{"id":1778,"href":"https:\/\/fah-bonn.de\/index.php?rest_route=\/wp\/v2\/pages\/30\/revisions\/1778"}],"wp:attachment":[{"href":"https:\/\/fah-bonn.de\/index.php?rest_route=%2Fwp%2Fv2%2Fmedia&parent=30"}],"curies":[{"name":"wp","href":"https:\/\/api.w.org\/{rel}","templated":true}]}}