{"id":430,"date":"2020-09-22T08:00:20","date_gmt":"2020-09-22T08:00:20","guid":{"rendered":"http:\/\/fah-bonn.de\/?page_id=430"},"modified":"2020-09-22T08:00:21","modified_gmt":"2020-09-22T08:00:21","slug":"einsatzes-der-kapillarelektrophorese-ce-im-bereich-arzneipflanzeninhaltsstoffe","status":"publish","type":"page","link":"https:\/\/fah-bonn.de\/?page_id=430","title":{"rendered":"Einsatzes der Kapillarelektrophorese (CE) im Bereich Arzneipflanzeninhaltsstoffe"},"content":{"rendered":"\n<h4 class=\"wp-block-heading\">Laufzeit<\/h4>\n\n\n\n<p>01.01.1998 &#8211; 31.12.2000<\/p>\n\n\n\n<h4 class=\"wp-block-heading\">Forschungsstelle<\/h4>\n\n\n\n<p>Wissenschaftliches Institut der<br>Forschungsvereinigung der Arzneimittel-Hersteller e.V. (FAH)<br>Kranzweiherweg 10<br>53489 Sinzig<\/p>\n\n\n\n<h4 class=\"wp-block-heading\">Projektleiter<\/h4>\n\n\n\n<p>Dipl.-Pharm. Ap. Ingmar Gl\u00f6ckl (1.7.98-31.12.00)<br>Ap. Falko S\u00fc\u00df (1.8.98-31.08.00)<\/p>\n\n\n\n<h4 class=\"wp-block-heading\">F\u00f6rderung<\/h4>\n\n\n\n<p>Gef\u00f6rdert durch die Stiftung Rheinland-Pfalz f\u00fcr Innovation Gesch\u00e4ftszeichen: 8312-386261 \/ 330<\/p>\n\n\n\n<h4 class=\"wp-block-heading\">Dokumente<\/h4>\n\n\n\n<div class=\"wp-block-file\"><a href=\"http:\/\/fah-bonn.de\/wp-content\/uploads\/2020\/09\/8312-386261_Kapillarelektrophorese-CE.pdf\">8312-386261_Kapillarelektrophorese-CE<\/a><a href=\"http:\/\/fah-bonn.de\/wp-content\/uploads\/2020\/09\/8312-386261_Kapillarelektrophorese-CE.pdf\" class=\"wp-block-file__button\" download>Kurzdarstellung\n<\/a><\/div>\n\n\n\n<div class=\"wp-block-file\"><a href=\"http:\/\/fah-bonn.de\/wp-content\/uploads\/2020\/09\/8312-386261_Kapillarelektrophorese-CE-1.pdf\">8312-386261_Kapillarelektrophorese-CE-1<\/a><a href=\"http:\/\/fah-bonn.de\/wp-content\/uploads\/2020\/09\/8312-386261_Kapillarelektrophorese-CE-1.pdf\" class=\"wp-block-file__button\" download>Schlussbericht<\/a><\/div>\n\n\n\n<p><\/p>\n","protected":false},"excerpt":{"rendered":"<p>Laufzeit 01.01.1998 &#8211; 31.12.2000 Forschungsstelle Wissenschaftliches Institut derForschungsvereinigung der Arzneimittel-Hersteller e.V. (FAH)Kranzweiherweg 1053489 Sinzig Projektleiter Dipl.-Pharm. Ap. Ingmar Gl\u00f6ckl (1.7.98-31.12.00)Ap. Falko S\u00fc\u00df (1.8.98-31.08.00) F\u00f6rderung Gef\u00f6rdert durch die Stiftung Rheinland-Pfalz f\u00fcr Innovation Gesch\u00e4ftszeichen: 8312-386261 \/ 330 Dokumente<span class=\"more-link\"><a href=\"https:\/\/fah-bonn.de\/?page_id=430\">Weiterlesen<\/a><\/span><\/p>\n","protected":false},"author":1,"featured_media":0,"parent":193,"menu_order":0,"comment_status":"closed","ping_status":"closed","template":"","meta":{"footnotes":""},"class_list":["entry","author-hoffmann","post-430","page","type-page","status-publish"],"_links":{"self":[{"href":"https:\/\/fah-bonn.de\/index.php?rest_route=\/wp\/v2\/pages\/430","targetHints":{"allow":["GET"]}}],"collection":[{"href":"https:\/\/fah-bonn.de\/index.php?rest_route=\/wp\/v2\/pages"}],"about":[{"href":"https:\/\/fah-bonn.de\/index.php?rest_route=\/wp\/v2\/types\/page"}],"author":[{"embeddable":true,"href":"https:\/\/fah-bonn.de\/index.php?rest_route=\/wp\/v2\/users\/1"}],"replies":[{"embeddable":true,"href":"https:\/\/fah-bonn.de\/index.php?rest_route=%2Fwp%2Fv2%2Fcomments&post=430"}],"version-history":[{"count":1,"href":"https:\/\/fah-bonn.de\/index.php?rest_route=\/wp\/v2\/pages\/430\/revisions"}],"predecessor-version":[{"id":433,"href":"https:\/\/fah-bonn.de\/index.php?rest_route=\/wp\/v2\/pages\/430\/revisions\/433"}],"up":[{"embeddable":true,"href":"https:\/\/fah-bonn.de\/index.php?rest_route=\/wp\/v2\/pages\/193"}],"wp:attachment":[{"href":"https:\/\/fah-bonn.de\/index.php?rest_route=%2Fwp%2Fv2%2Fmedia&parent=430"}],"curies":[{"name":"wp","href":"https:\/\/api.w.org\/{rel}","templated":true}]}}