{"id":455,"date":"2020-09-22T10:10:52","date_gmt":"2020-09-22T10:10:52","guid":{"rendered":"http:\/\/fah-bonn.de\/?page_id=455"},"modified":"2020-09-22T10:10:53","modified_gmt":"2020-09-22T10:10:53","slug":"reinheitsbestimmung-pflanzlicher-referenzstandards-mittels-quantitativer-nmr-spektroskopie","status":"publish","type":"page","link":"https:\/\/fah-bonn.de\/?page_id=455","title":{"rendered":"Reinheitsbestimmung pflanzlicher Referenzstandards mittels quantitativer NMR-Spektroskopie"},"content":{"rendered":"\n<h4 class=\"wp-block-heading\">Laufzeit<\/h4>\n\n\n\n<p>01.08.2003 &#8211; 31.07.2005<\/p>\n\n\n\n<h4 class=\"wp-block-heading\">Forschungsstelle<\/h4>\n\n\n\n<p>Bundesamt f\u00fcr Materialforschung und -pr\u00fcfung (BAM)<br>Zweiggel\u00e4nde Berlin-Adlershof<br>Richard-Willst\u00e4tter-Strasse 11<br>12489 Berlin<\/p>\n\n\n\n<h4 class=\"wp-block-heading\">Projektleiter<\/h4>\n\n\n\n<p>Dr. Harald Jancke (bis 30.11.2004)<br>Prof. Dr. Christian J\u00e4ger (ab 30.11.2004)<\/p>\n\n\n\n<h4 class=\"wp-block-heading\">F\u00f6rderung<\/h4>\n\n\n\n<p>Das IGF-Vorhaben 13843 N der Forschungsvereinigung der Arzneimittel-Hersteller e.V. (FAH), B\u00fcrgerstra\u00dfe 12, 53173 Bonn wurde \u00fcber die AiF im Rahmen des Programms zur F\u00f6rderung der industriellen Gemeinschaftsforschung und -entwicklung (IGF) vom Bundesministerium f\u00fcr Wirtschaft und Technologie aufgrund eines Beschlusses des Deutschen Bundestages gef\u00f6rdert.<\/p>\n\n\n\n<figure class=\"wp-block-image\"><img decoding=\"async\" src=\"http:\/\/fah-bonn.de\/site\/uploads\/tx_fahprojects\/BMWi_4C_M-Gef_09.png\" alt=\"\" title=\"\"\/><\/figure>\n\n\n\n<figure class=\"wp-block-image\"><img decoding=\"async\" src=\"http:\/\/fah-bonn.de\/site\/uploads\/tx_fahprojects\/AIF-Claim_rgb_09.png\" alt=\"\" title=\"\"\/><\/figure>\n\n\n\n<h4 class=\"wp-block-heading\">Dokumente<\/h4>\n\n\n\n<div class=\"wp-block-file\"><a href=\"http:\/\/fah-bonn.de\/wp-content\/uploads\/2020\/09\/13843_qNMR-1.pdf\">13843_qNMR-1<\/a><a href=\"http:\/\/fah-bonn.de\/wp-content\/uploads\/2020\/09\/13843_qNMR-1.pdf\" class=\"wp-block-file__button\" download>Kurzdarstellung<\/a><\/div>\n\n\n\n<div class=\"wp-block-file\"><a href=\"http:\/\/fah-bonn.de\/wp-content\/uploads\/2020\/09\/13843-qNMR-1.pdf\">13843-qNMR-1<\/a><a href=\"http:\/\/fah-bonn.de\/wp-content\/uploads\/2020\/09\/13843-qNMR-1.pdf\" class=\"wp-block-file__button\" download>Schlussbericht<\/a><\/div>\n\n\n\n<p><\/p>\n","protected":false},"excerpt":{"rendered":"<p>Laufzeit 01.08.2003 &#8211; 31.07.2005 Forschungsstelle Bundesamt f\u00fcr Materialforschung und -pr\u00fcfung (BAM)Zweiggel\u00e4nde Berlin-AdlershofRichard-Willst\u00e4tter-Strasse 1112489 Berlin Projektleiter Dr. Harald Jancke (bis 30.11.2004)Prof. Dr. Christian J\u00e4ger (ab 30.11.2004) F\u00f6rderung Das IGF-Vorhaben 13843 N der Forschungsvereinigung der Arzneimittel-Hersteller e.V. (FAH), B\u00fcrgerstra\u00dfe 12, 53173 Bonn wurde \u00fcber die AiF im Rahmen des Programms zur F\u00f6rderung<span class=\"more-link\"><a href=\"https:\/\/fah-bonn.de\/?page_id=455\">Weiterlesen<\/a><\/span><\/p>\n","protected":false},"author":1,"featured_media":0,"parent":193,"menu_order":0,"comment_status":"closed","ping_status":"closed","template":"","meta":{"footnotes":""},"class_list":["entry","author-hoffmann","post-455","page","type-page","status-publish"],"_links":{"self":[{"href":"https:\/\/fah-bonn.de\/index.php?rest_route=\/wp\/v2\/pages\/455","targetHints":{"allow":["GET"]}}],"collection":[{"href":"https:\/\/fah-bonn.de\/index.php?rest_route=\/wp\/v2\/pages"}],"about":[{"href":"https:\/\/fah-bonn.de\/index.php?rest_route=\/wp\/v2\/types\/page"}],"author":[{"embeddable":true,"href":"https:\/\/fah-bonn.de\/index.php?rest_route=\/wp\/v2\/users\/1"}],"replies":[{"embeddable":true,"href":"https:\/\/fah-bonn.de\/index.php?rest_route=%2Fwp%2Fv2%2Fcomments&post=455"}],"version-history":[{"count":1,"href":"https:\/\/fah-bonn.de\/index.php?rest_route=\/wp\/v2\/pages\/455\/revisions"}],"predecessor-version":[{"id":458,"href":"https:\/\/fah-bonn.de\/index.php?rest_route=\/wp\/v2\/pages\/455\/revisions\/458"}],"up":[{"embeddable":true,"href":"https:\/\/fah-bonn.de\/index.php?rest_route=\/wp\/v2\/pages\/193"}],"wp:attachment":[{"href":"https:\/\/fah-bonn.de\/index.php?rest_route=%2Fwp%2Fv2%2Fmedia&parent=455"}],"curies":[{"name":"wp","href":"https:\/\/api.w.org\/{rel}","templated":true}]}}