{"id":460,"date":"2020-09-22T10:16:46","date_gmt":"2020-09-22T10:16:46","guid":{"rendered":"http:\/\/fah-bonn.de\/?page_id=460"},"modified":"2020-09-22T10:16:47","modified_gmt":"2020-09-22T10:16:47","slug":"quantitative-nmr-spektroskopie-fuer-die-analytik-von-arzneistoffen","status":"publish","type":"page","link":"https:\/\/fah-bonn.de\/?page_id=460","title":{"rendered":"Quantitative NMR-Spektroskopie f\u00fcr die Analytik von Arzneistoffen"},"content":{"rendered":"\n<h4 class=\"wp-block-heading\">Laufzeit<\/h4>\n\n\n\n<p>01.08.2006 &#8211; 30.04.2009<\/p>\n\n\n\n<h4 class=\"wp-block-heading\">Forschungsstelle 1<\/h4>\n\n\n\n<p>Bundesanstalt f\u00fcr Materialforschung und -pr\u00fcfung (BAM)<br>Zweiggel\u00e4nde Adlershof<br>Richard-Willst\u00e4tter-Stra\u00dfe 11<br>D-12489 Berlin<br>(bis 01\/2008)<\/p>\n\n\n\n<h4 class=\"wp-block-heading\">Projektleiter<\/h4>\n\n\n\n<p>Prof. Dr. Christian J\u00e4ger<\/p>\n\n\n\n<h4 class=\"wp-block-heading\">Forschungsstelle 2<\/h4>\n\n\n\n<p>Universit\u00e4t W\u00fcrzburg<br>Institut f\u00fcr Pharmazie und Lebensmittelchemie<br>Lehrstuhl f\u00fcr Pharmazeutische Chemie<br>Am Hubland<br>D-97074 W\u00fcrzburg<\/p>\n\n\n\n<h4 class=\"wp-block-heading\">Projektleiter<\/h4>\n\n\n\n<p>Prof. Dr. Ulrike Holzgrabe<\/p>\n\n\n\n<h4 class=\"wp-block-heading\">Forschungsstelle 3<\/h4>\n\n\n\n<p>Deutsche Kunststoff-Institut (DKI)<br>Schlossgartenstr. 6<br>D-64289 Darmstadt<br>(ab 02 \/ 2008)<\/p>\n\n\n\n<h4 class=\"wp-block-heading\">Projektleiter<\/h4>\n\n\n\n<p>Dr. Frank Malz<\/p>\n\n\n\n<h4 class=\"wp-block-heading\">F\u00f6rderung<\/h4>\n\n\n\n<p>Das IGF-Vorhaben 14842 N der Forschungsvereinigung der Arzneimittel-Hersteller e.V. (FAH), B\u00fcrgerstra\u00dfe 12, 53173 Bonn wurde \u00fcber die AiF im Rahmen des Programms zur F\u00f6rderung der industriellen Gemeinschaftsforschung und -entwicklung (IGF) vom Bundesministerium f\u00fcr Wirtschaft und Technologie aufgrund eines Beschlusses des Deutschen Bundestages gef\u00f6rdert.<\/p>\n\n\n\n<figure class=\"wp-block-image\"><img decoding=\"async\" src=\"http:\/\/fah-bonn.de\/site\/uploads\/tx_fahprojects\/BMWi_4C_M-Gef_10.png\" alt=\"\" title=\"\"\/><\/figure>\n\n\n\n<figure class=\"wp-block-image\"><img decoding=\"async\" src=\"http:\/\/fah-bonn.de\/site\/typo3temp\/pics\/3c5de37ae1.png\" alt=\"\" title=\"\"\/><\/figure>\n\n\n\n<h4 class=\"wp-block-heading\">Dokumente<\/h4>\n\n\n\n<div class=\"wp-block-file\"><a href=\"http:\/\/fah-bonn.de\/wp-content\/uploads\/2020\/09\/14842_qNMR-2.pdf\">14842_qNMR-2<\/a><a href=\"http:\/\/fah-bonn.de\/wp-content\/uploads\/2020\/09\/14842_qNMR-2.pdf\" class=\"wp-block-file__button\" download>Kurzdarstellung<\/a><\/div>\n\n\n\n<div class=\"wp-block-file\"><a href=\"http:\/\/fah-bonn.de\/wp-content\/uploads\/2020\/09\/14842-qNMR-2.pdf\">14842-qNMR-2<\/a><a href=\"http:\/\/fah-bonn.de\/wp-content\/uploads\/2020\/09\/14842-qNMR-2.pdf\" class=\"wp-block-file__button\" download>Schlussbericht<\/a><\/div>\n","protected":false},"excerpt":{"rendered":"<p>Laufzeit 01.08.2006 &#8211; 30.04.2009 Forschungsstelle 1 Bundesanstalt f\u00fcr Materialforschung und -pr\u00fcfung (BAM)Zweiggel\u00e4nde AdlershofRichard-Willst\u00e4tter-Stra\u00dfe 11D-12489 Berlin(bis 01\/2008) Projektleiter Prof. Dr. Christian J\u00e4ger Forschungsstelle 2 Universit\u00e4t W\u00fcrzburgInstitut f\u00fcr Pharmazie und LebensmittelchemieLehrstuhl f\u00fcr Pharmazeutische ChemieAm HublandD-97074 W\u00fcrzburg Projektleiter Prof. Dr. Ulrike Holzgrabe Forschungsstelle 3 Deutsche Kunststoff-Institut (DKI)Schlossgartenstr. 6D-64289 Darmstadt(ab 02 \/ 2008) Projektleiter<span class=\"more-link\"><a href=\"https:\/\/fah-bonn.de\/?page_id=460\">Weiterlesen<\/a><\/span><\/p>\n","protected":false},"author":1,"featured_media":0,"parent":193,"menu_order":0,"comment_status":"closed","ping_status":"closed","template":"","meta":{"footnotes":""},"class_list":["entry","author-hoffmann","post-460","page","type-page","status-publish"],"_links":{"self":[{"href":"https:\/\/fah-bonn.de\/index.php?rest_route=\/wp\/v2\/pages\/460","targetHints":{"allow":["GET"]}}],"collection":[{"href":"https:\/\/fah-bonn.de\/index.php?rest_route=\/wp\/v2\/pages"}],"about":[{"href":"https:\/\/fah-bonn.de\/index.php?rest_route=\/wp\/v2\/types\/page"}],"author":[{"embeddable":true,"href":"https:\/\/fah-bonn.de\/index.php?rest_route=\/wp\/v2\/users\/1"}],"replies":[{"embeddable":true,"href":"https:\/\/fah-bonn.de\/index.php?rest_route=%2Fwp%2Fv2%2Fcomments&post=460"}],"version-history":[{"count":1,"href":"https:\/\/fah-bonn.de\/index.php?rest_route=\/wp\/v2\/pages\/460\/revisions"}],"predecessor-version":[{"id":463,"href":"https:\/\/fah-bonn.de\/index.php?rest_route=\/wp\/v2\/pages\/460\/revisions\/463"}],"up":[{"embeddable":true,"href":"https:\/\/fah-bonn.de\/index.php?rest_route=\/wp\/v2\/pages\/193"}],"wp:attachment":[{"href":"https:\/\/fah-bonn.de\/index.php?rest_route=%2Fwp%2Fv2%2Fmedia&parent=460"}],"curies":[{"name":"wp","href":"https:\/\/api.w.org\/{rel}","templated":true}]}}