{"id":475,"date":"2020-09-22T10:30:24","date_gmt":"2020-09-22T10:30:24","guid":{"rendered":"http:\/\/fah-bonn.de\/?page_id=475"},"modified":"2020-09-22T10:30:24","modified_gmt":"2020-09-22T10:30:24","slug":"entwicklung-eines-raman-detektors-fuer-die-charakterisierung-pharmazeutischer-formulierungen","status":"publish","type":"page","link":"https:\/\/fah-bonn.de\/?page_id=475","title":{"rendered":"Entwicklung eines Raman-Detektors f\u00fcr die Charakterisierung pharmazeutischer Formulierungen"},"content":{"rendered":"\n<h4 class=\"wp-block-heading\">Laufzeit<\/h4>\n\n\n\n<p>01.04.2012 &#8211; 30.06.2014<\/p>\n\n\n\n<h4 class=\"wp-block-heading\">Forschungsstelle 1<\/h4>\n\n\n\n<p>Institut f\u00fcr Energie- und Umwelttechnik e. V. (IUTA)<br>Bliersheimerstra\u00dfe 58-60<br>D-47229 Duisburg<\/p>\n\n\n\n<h4 class=\"wp-block-heading\">Projektleiter<\/h4>\n\n\n\n<p>Dr. Thorsten Teutenberg<\/p>\n\n\n\n<h4 class=\"wp-block-heading\">Forschungsstelle 2<\/h4>\n\n\n\n<p>Heinrich-Heine-Universit\u00e4t D\u00fcsseldorf<br>Institut f\u00fcr Physikalische Chemie<br>Arbeitsgruppe f\u00fcr Fl\u00fcssigphasen-Laserspektroskopie<br>Universit\u00e4tsstra\u00dfe 1<br>D-40225 D\u00fcsseldorf<\/p>\n\n\n\n<h4 class=\"wp-block-heading\">Projektleiter<\/h4>\n\n\n\n<p>Prof. Dr. Hans Bettermann<\/p>\n\n\n\n<h4 class=\"wp-block-heading\">F\u00f6rderung<\/h4>\n\n\n\n<p>Das IGF-Vorhaben IGF 17497 N der Forschungsvereinigung der Arzneimittel-Hersteller e.V. (FAH), B\u00fcrgerstra\u00dfe 12, 53173 Bonn wird \u00fcber die AiF im Rahmen des Programms zur F\u00f6rderung der industriellen Gemeinschaftsforschung und -entwicklung (IGF) vom Bundesministerium f\u00fcr Wirtschaft und Technologie aufgrund eines Beschlusses des Deutschen Bundestages gef\u00f6rdert.<\/p>\n\n\n\n<figure class=\"wp-block-image\"><img decoding=\"async\" src=\"http:\/\/fah-bonn.de\/site\/uploads\/tx_fahprojects\/BMWi_4C_M-Gef_13.png\" alt=\"\" title=\"\"\/><\/figure>\n\n\n\n<figure class=\"wp-block-image\"><img decoding=\"async\" src=\"http:\/\/fah-bonn.de\/site\/uploads\/tx_fahprojects\/AIF-Claim_rgb_13.png\" alt=\"\" title=\"\"\/><\/figure>\n\n\n\n<h4 class=\"wp-block-heading\">Dokumente<\/h4>\n\n\n\n<div class=\"wp-block-file\"><a href=\"http:\/\/fah-bonn.de\/wp-content\/uploads\/2020\/09\/17497-Hochtemperatur-HPLC-Raman.pdf\">17497-Hochtemperatur-HPLC-Raman<\/a><a href=\"http:\/\/fah-bonn.de\/wp-content\/uploads\/2020\/09\/17497-Hochtemperatur-HPLC-Raman.pdf\" class=\"wp-block-file__button\" download>Kurzdarstellung<\/a><\/div>\n\n\n\n<div class=\"wp-block-file\"><a href=\"http:\/\/fah-bonn.de\/wp-content\/uploads\/2020\/09\/Schlussbericht-Raman_17497.pdf\">Schlussbericht-Raman_17497<\/a><a href=\"http:\/\/fah-bonn.de\/wp-content\/uploads\/2020\/09\/Schlussbericht-Raman_17497.pdf\" class=\"wp-block-file__button\" download>Schlussbericht<\/a><\/div>\n","protected":false},"excerpt":{"rendered":"<p>Laufzeit 01.04.2012 &#8211; 30.06.2014 Forschungsstelle 1 Institut f\u00fcr Energie- und Umwelttechnik e. V. (IUTA)Bliersheimerstra\u00dfe 58-60D-47229 Duisburg Projektleiter Dr. Thorsten Teutenberg Forschungsstelle 2 Heinrich-Heine-Universit\u00e4t D\u00fcsseldorfInstitut f\u00fcr Physikalische ChemieArbeitsgruppe f\u00fcr Fl\u00fcssigphasen-LaserspektroskopieUniversit\u00e4tsstra\u00dfe 1D-40225 D\u00fcsseldorf Projektleiter Prof. Dr. Hans Bettermann F\u00f6rderung Das IGF-Vorhaben IGF 17497 N der Forschungsvereinigung der Arzneimittel-Hersteller e.V. (FAH), B\u00fcrgerstra\u00dfe 12,<span class=\"more-link\"><a href=\"https:\/\/fah-bonn.de\/?page_id=475\">Weiterlesen<\/a><\/span><\/p>\n","protected":false},"author":1,"featured_media":0,"parent":193,"menu_order":0,"comment_status":"closed","ping_status":"closed","template":"","meta":{"footnotes":""},"class_list":["entry","author-hoffmann","post-475","page","type-page","status-publish"],"_links":{"self":[{"href":"https:\/\/fah-bonn.de\/index.php?rest_route=\/wp\/v2\/pages\/475","targetHints":{"allow":["GET"]}}],"collection":[{"href":"https:\/\/fah-bonn.de\/index.php?rest_route=\/wp\/v2\/pages"}],"about":[{"href":"https:\/\/fah-bonn.de\/index.php?rest_route=\/wp\/v2\/types\/page"}],"author":[{"embeddable":true,"href":"https:\/\/fah-bonn.de\/index.php?rest_route=\/wp\/v2\/users\/1"}],"replies":[{"embeddable":true,"href":"https:\/\/fah-bonn.de\/index.php?rest_route=%2Fwp%2Fv2%2Fcomments&post=475"}],"version-history":[{"count":1,"href":"https:\/\/fah-bonn.de\/index.php?rest_route=\/wp\/v2\/pages\/475\/revisions"}],"predecessor-version":[{"id":478,"href":"https:\/\/fah-bonn.de\/index.php?rest_route=\/wp\/v2\/pages\/475\/revisions\/478"}],"up":[{"embeddable":true,"href":"https:\/\/fah-bonn.de\/index.php?rest_route=\/wp\/v2\/pages\/193"}],"wp:attachment":[{"href":"https:\/\/fah-bonn.de\/index.php?rest_route=%2Fwp%2Fv2%2Fmedia&parent=475"}],"curies":[{"name":"wp","href":"https:\/\/api.w.org\/{rel}","templated":true}]}}