{"id":481,"date":"2020-09-23T07:12:18","date_gmt":"2020-09-23T07:12:18","guid":{"rendered":"http:\/\/fah-bonn.de\/?page_id=481"},"modified":"2020-09-23T07:12:19","modified_gmt":"2020-09-23T07:12:19","slug":"vorhersage-der-lagerstabilitaet-von-salben-cremes-und-emulsionen","status":"publish","type":"page","link":"https:\/\/fah-bonn.de\/?page_id=481","title":{"rendered":"Vorhersage der Lagerstabilit\u00e4t von Salben, Cremes und Emulsionen"},"content":{"rendered":"\n<h4 class=\"wp-block-heading\">Laufzeit<\/h4>\n\n\n\n<p>01.10.1997 &#8211; 30.11.1999<\/p>\n\n\n\n<h4 class=\"wp-block-heading\">Forschungsstelle<\/h4>\n\n\n\n<p>Technische Universit\u00e4t Braunschweig<br>Institut f\u00fcr Pharmazeutische Technologie<br>Mendelssohnstra\u00dfe 1<br>D-38106 Braunschweig<\/p>\n\n\n\n<h4 class=\"wp-block-heading\">Projektleiter<\/h4>\n\n\n\n<p>Prof. Dr. Rolf Daniels<\/p>\n\n\n\n<h4 class=\"wp-block-heading\">F\u00f6rderung<\/h4>\n\n\n\n<p>Das IGF-Vorhaben Nr. 11227 N wurde in Kooperation mit der Forschungsgemeinschaft f\u00fcr die kosmetische Industrie e.V. (FKI) durchgef\u00fchrt und \u00fcber die AiF im Rahmen des Programms zur F\u00f6rderung der industriellen Gemeinschaftsforschung und -entwicklung (IGF) vom Bundesministerium f\u00fcr Wirtschaft und Technologie aufgrund eines Beschlusses des Deutschen Bundestages gef\u00f6rdert.<\/p>\n\n\n\n<figure class=\"wp-block-image\"><img decoding=\"async\" src=\"http:\/\/fah-bonn.de\/site\/uploads\/tx_fahprojects\/BMWi_4C_M-Gef_02.png\" alt=\"\" title=\"\"\/><\/figure>\n\n\n\n<figure class=\"wp-block-image\"><img decoding=\"async\" src=\"http:\/\/fah-bonn.de\/site\/uploads\/tx_fahprojects\/AIF-Claim_rgb_02.png\" alt=\"\" title=\"\"\/><\/figure>\n\n\n\n<h4 class=\"wp-block-heading\">Dokumente<\/h4>\n\n\n\n<div class=\"wp-block-file\"><a href=\"http:\/\/fah-bonn.de\/wp-content\/uploads\/2020\/09\/11227_Lagerstabilitaet-Salben-Cremes-Untersuchungsv.pdf\">11227_Lagerstabilitaet-Salben-Cremes-Untersuchungsv<\/a><a href=\"http:\/\/fah-bonn.de\/wp-content\/uploads\/2020\/09\/11227_Lagerstabilitaet-Salben-Cremes-Untersuchungsv.pdf\" class=\"wp-block-file__button\" download>Kurzdarstellung<\/a><\/div>\n\n\n\n<div class=\"wp-block-file\"><a href=\"http:\/\/fah-bonn.de\/wp-content\/uploads\/2020\/09\/11227_Lagerstabilitaet-von-Salben.pdf\">11227_Lagerstabilitaet-von-Salben<\/a><a href=\"http:\/\/fah-bonn.de\/wp-content\/uploads\/2020\/09\/11227_Lagerstabilitaet-von-Salben.pdf\" class=\"wp-block-file__button\" download>Schlussbericht<\/a><\/div>\n\n\n\n<p><\/p>\n","protected":false},"excerpt":{"rendered":"<p>Laufzeit 01.10.1997 &#8211; 30.11.1999 Forschungsstelle Technische Universit\u00e4t BraunschweigInstitut f\u00fcr Pharmazeutische TechnologieMendelssohnstra\u00dfe 1D-38106 Braunschweig Projektleiter Prof. Dr. Rolf Daniels F\u00f6rderung Das IGF-Vorhaben Nr. 11227 N wurde in Kooperation mit der Forschungsgemeinschaft f\u00fcr die kosmetische Industrie e.V. (FKI) durchgef\u00fchrt und \u00fcber die AiF im Rahmen des Programms zur F\u00f6rderung der industriellen Gemeinschaftsforschung<span class=\"more-link\"><a href=\"https:\/\/fah-bonn.de\/?page_id=481\">Weiterlesen<\/a><\/span><\/p>\n","protected":false},"author":1,"featured_media":0,"parent":195,"menu_order":0,"comment_status":"closed","ping_status":"closed","template":"","meta":{"footnotes":""},"class_list":["entry","author-hoffmann","post-481","page","type-page","status-publish"],"_links":{"self":[{"href":"https:\/\/fah-bonn.de\/index.php?rest_route=\/wp\/v2\/pages\/481","targetHints":{"allow":["GET"]}}],"collection":[{"href":"https:\/\/fah-bonn.de\/index.php?rest_route=\/wp\/v2\/pages"}],"about":[{"href":"https:\/\/fah-bonn.de\/index.php?rest_route=\/wp\/v2\/types\/page"}],"author":[{"embeddable":true,"href":"https:\/\/fah-bonn.de\/index.php?rest_route=\/wp\/v2\/users\/1"}],"replies":[{"embeddable":true,"href":"https:\/\/fah-bonn.de\/index.php?rest_route=%2Fwp%2Fv2%2Fcomments&post=481"}],"version-history":[{"count":1,"href":"https:\/\/fah-bonn.de\/index.php?rest_route=\/wp\/v2\/pages\/481\/revisions"}],"predecessor-version":[{"id":484,"href":"https:\/\/fah-bonn.de\/index.php?rest_route=\/wp\/v2\/pages\/481\/revisions\/484"}],"up":[{"embeddable":true,"href":"https:\/\/fah-bonn.de\/index.php?rest_route=\/wp\/v2\/pages\/195"}],"wp:attachment":[{"href":"https:\/\/fah-bonn.de\/index.php?rest_route=%2Fwp%2Fv2%2Fmedia&parent=481"}],"curies":[{"name":"wp","href":"https:\/\/api.w.org\/{rel}","templated":true}]}}