{"id":520,"date":"2020-09-23T07:43:22","date_gmt":"2020-09-23T07:43:22","guid":{"rendered":"http:\/\/fah-bonn.de\/?page_id=520"},"modified":"2022-07-19T10:59:03","modified_gmt":"2022-07-19T10:59:03","slug":"bestimmung-der-arzneistoffpenetration-mittels-konfokaler-raman-mikrospektroskopie","status":"publish","type":"page","link":"https:\/\/fah-bonn.de\/?page_id=520","title":{"rendered":"Bestimmung der Arzneistoffpenetration mittels konfokaler Raman-Mikrospektroskopie"},"content":{"rendered":"\n<h4 class=\"wp-block-heading\">Laufzeit<\/h4>\n\n\n\n<p>01.09.2018 &#8211; 30.11.2021<\/p>\n\n\n\n<h4 class=\"wp-block-heading\">Forschungsstelle<\/h4>\n\n\n\n<p>Eberhard-Karls-Universit\u00e4t T\u00fcbingen<br>Pharmazeutische Technologie<br>Auf der Morgenstelle 8<br>72076 T\u00fcbingen<\/p>\n\n\n\n<h4 class=\"wp-block-heading\">Projektleiter<\/h4>\n\n\n\n<p>Dr. Dominique Lunter<\/p>\n\n\n\n<h4 class=\"wp-block-heading\">F\u00f6rderung<\/h4>\n\n\n\n<p>Das IGF-Vorhaben 20194 N\/1 der Forschungsver-einigung der Arzneimittel-Hersteller e.V. (FAH), B\u00fcrgerstra\u00dfe 12, 53173 Bonn wird \u00fcber die AiF im Rahmen des Programms zur F\u00f6rderung der industriellen Gemeinschaftsforschung und -entwicklung (IGF) aufgrund eines Beschlusses des Deutschen Bundestags gef\u00f6rdert.<\/p>\n\n\n\n<h4 class=\"wp-block-heading\">Dokumente<\/h4>\n\n\n\n<p><a href=\"http:\/\/fah-bonn.de\/wp-content\/uploads\/2020\/09\/20194-Raman-Mikrospektroskopie-Arzneistoffpenetration-2018.pdf\">Kurzdarstellung<\/a><\/p>\n\n\n\n<p><a href=\"http:\/\/fah-bonn.de\/wp-content\/uploads\/2022\/07\/Schlussbericht_20194N-1.pdf\">Schlussbericht<\/a><\/p>\n","protected":false},"excerpt":{"rendered":"<p>Laufzeit 01.09.2018 &#8211; 30.11.2021 Forschungsstelle Eberhard-Karls-Universit\u00e4t T\u00fcbingenPharmazeutische TechnologieAuf der Morgenstelle 872076 T\u00fcbingen Projektleiter Dr. Dominique Lunter F\u00f6rderung Das IGF-Vorhaben 20194 N\/1 der Forschungsver-einigung der Arzneimittel-Hersteller e.V. (FAH), B\u00fcrgerstra\u00dfe 12, 53173 Bonn wird \u00fcber die AiF im Rahmen des Programms zur F\u00f6rderung der industriellen Gemeinschaftsforschung und -entwicklung (IGF) aufgrund eines Beschlusses<span class=\"more-link\"><a href=\"https:\/\/fah-bonn.de\/?page_id=520\">Weiterlesen<\/a><\/span><\/p>\n","protected":false},"author":1,"featured_media":0,"parent":195,"menu_order":0,"comment_status":"closed","ping_status":"closed","template":"","meta":{"footnotes":""},"class_list":["entry","author-hoffmann","post-520","page","type-page","status-publish"],"_links":{"self":[{"href":"https:\/\/fah-bonn.de\/index.php?rest_route=\/wp\/v2\/pages\/520","targetHints":{"allow":["GET"]}}],"collection":[{"href":"https:\/\/fah-bonn.de\/index.php?rest_route=\/wp\/v2\/pages"}],"about":[{"href":"https:\/\/fah-bonn.de\/index.php?rest_route=\/wp\/v2\/types\/page"}],"author":[{"embeddable":true,"href":"https:\/\/fah-bonn.de\/index.php?rest_route=\/wp\/v2\/users\/1"}],"replies":[{"embeddable":true,"href":"https:\/\/fah-bonn.de\/index.php?rest_route=%2Fwp%2Fv2%2Fcomments&post=520"}],"version-history":[{"count":6,"href":"https:\/\/fah-bonn.de\/index.php?rest_route=\/wp\/v2\/pages\/520\/revisions"}],"predecessor-version":[{"id":1588,"href":"https:\/\/fah-bonn.de\/index.php?rest_route=\/wp\/v2\/pages\/520\/revisions\/1588"}],"up":[{"embeddable":true,"href":"https:\/\/fah-bonn.de\/index.php?rest_route=\/wp\/v2\/pages\/195"}],"wp:attachment":[{"href":"https:\/\/fah-bonn.de\/index.php?rest_route=%2Fwp%2Fv2%2Fmedia&parent=520"}],"curies":[{"name":"wp","href":"https:\/\/api.w.org\/{rel}","templated":true}]}}