{"id":60,"date":"2020-05-13T14:40:24","date_gmt":"2020-05-13T14:40:24","guid":{"rendered":"http:\/\/fah-bonn.de\/?page_id=60"},"modified":"2020-09-29T10:43:18","modified_gmt":"2020-09-29T10:43:18","slug":"arbeitskreis-galenik-pharmazeutische-technologie","status":"publish","type":"page","link":"https:\/\/fah-bonn.de\/?page_id=60","title":{"rendered":"Arbeitskreis \u201eGalenik \/ Pharmazeutische Technologie\u201d"},"content":{"rendered":"\n<h2 class=\"wp-block-heading\"><strong>Leitung:<\/strong><\/h2>\n\n\n\n<p>Dr. Joachim Herrmann<br>Dr. Willmar Schwabe GmbH &amp; Co. KG, Karlsruhe <\/p>\n\n\n\n<h3 class=\"wp-block-heading\"><strong>Stellvertreter:<\/strong><\/h3>\n\n\n\n<p>Dr. Wilfried W\u00e4chter<br>CBT \u2013 Centrum f\u00fcr Blutgerinnungsst\u00f6rungen und Transfusionsmedizin, Bonn <\/p>\n\n\n\n<h3 class=\"wp-block-heading\"><strong>Zusammensetzung<\/strong>:<\/h3>\n\n\n\n<ul class=\"wp-block-list\"><li>Vertreter von pharmazeutischen Unternehmen<\/li><li>Vertreter von wissenschaftlichen Forschungseinrichtungen<\/li><\/ul>\n\n\n\n<h3 class=\"wp-block-heading\"><strong>Aufgabe:<\/strong><\/h3>\n\n\n\n<ul class=\"wp-block-list\"><li>Bearbeitung von pharmazeutisch-technologischen Fragestellungen unter Ber\u00fccksichtigung der Besonderheiten und Anforderungen mittelst\u00e4ndischer Arzneimittel-Hersteller<\/li><li>Fachliche Bewertung von pharmazeutisch-technologischen Projektvorschl\u00e4gen. Fachliche Begleitung von laufenden Gemeinschaftsforschungsprojekten und Bewertung der erzielten Ergebnisse. Verf\u00fcgbarmachung der erzielten Ergebnisse f\u00fcr die Mitgliedsunternehmen der FAH.<\/li><\/ul>\n","protected":false},"excerpt":{"rendered":"<p>Leitung: Dr. Joachim HerrmannDr. Willmar Schwabe GmbH &amp; Co. KG, Karlsruhe Stellvertreter: Dr. Wilfried W\u00e4chterCBT \u2013 Centrum f\u00fcr Blutgerinnungsst\u00f6rungen und Transfusionsmedizin, Bonn Zusammensetzung: Vertreter von pharmazeutischen Unternehmen Vertreter von wissenschaftlichen Forschungseinrichtungen Aufgabe: Bearbeitung von pharmazeutisch-technologischen Fragestellungen unter Ber\u00fccksichtigung der Besonderheiten und Anforderungen mittelst\u00e4ndischer Arzneimittel-Hersteller Fachliche Bewertung von pharmazeutisch-technologischen Projektvorschl\u00e4gen. Fachliche<span class=\"more-link\"><a href=\"https:\/\/fah-bonn.de\/?page_id=60\">Weiterlesen<\/a><\/span><\/p>\n","protected":false},"author":1,"featured_media":919,"parent":26,"menu_order":0,"comment_status":"closed","ping_status":"closed","template":"","meta":{"footnotes":""},"class_list":["entry","author-hoffmann","post-60","page","type-page","status-publish","has-post-thumbnail"],"_links":{"self":[{"href":"https:\/\/fah-bonn.de\/index.php?rest_route=\/wp\/v2\/pages\/60","targetHints":{"allow":["GET"]}}],"collection":[{"href":"https:\/\/fah-bonn.de\/index.php?rest_route=\/wp\/v2\/pages"}],"about":[{"href":"https:\/\/fah-bonn.de\/index.php?rest_route=\/wp\/v2\/types\/page"}],"author":[{"embeddable":true,"href":"https:\/\/fah-bonn.de\/index.php?rest_route=\/wp\/v2\/users\/1"}],"replies":[{"embeddable":true,"href":"https:\/\/fah-bonn.de\/index.php?rest_route=%2Fwp%2Fv2%2Fcomments&post=60"}],"version-history":[{"count":7,"href":"https:\/\/fah-bonn.de\/index.php?rest_route=\/wp\/v2\/pages\/60\/revisions"}],"predecessor-version":[{"id":822,"href":"https:\/\/fah-bonn.de\/index.php?rest_route=\/wp\/v2\/pages\/60\/revisions\/822"}],"up":[{"embeddable":true,"href":"https:\/\/fah-bonn.de\/index.php?rest_route=\/wp\/v2\/pages\/26"}],"wp:featuredmedia":[{"embeddable":true,"href":"https:\/\/fah-bonn.de\/index.php?rest_route=\/wp\/v2\/media\/919"}],"wp:attachment":[{"href":"https:\/\/fah-bonn.de\/index.php?rest_route=%2Fwp%2Fv2%2Fmedia&parent=60"}],"curies":[{"name":"wp","href":"https:\/\/api.w.org\/{rel}","templated":true}]}}