{"id":628,"date":"2020-09-23T13:54:57","date_gmt":"2020-09-23T13:54:57","guid":{"rendered":"http:\/\/fah-bonn.de\/?page_id=628"},"modified":"2020-09-23T13:54:57","modified_gmt":"2020-09-23T13:54:57","slug":"entwicklung-von-basismaterial-des-johanniskrautes-hypericum-perforatum-l-und-seine-verwendung-zur-merkmalsuebertragung-bei-der-zuechtung-welkeresistenter-sorten-teilaufgabe-2-und-fortsetzung-des-vo","status":"publish","type":"page","link":"https:\/\/fah-bonn.de\/?page_id=628","title":{"rendered":"Entwicklung von Basismaterial des Johanniskrautes (Hypericum perforatum L.) und seine Verwendung zur Merkmals\u00fcbertragung bei der Z\u00fcchtung welkeresistenter Sorten Teilaufgabe 2 und Fortsetzung des Vorhabens mit \u00f6ffentlicher F\u00f6rderung"},"content":{"rendered":"\n<h4 class=\"wp-block-heading\">Laufzeit<\/h4>\n\n\n\n<p>01.12.2000 &#8211; 31.03.2005<\/p>\n\n\n\n<h4 class=\"wp-block-heading\">Forschungsstelle<\/h4>\n\n\n\n<p>N.L. Chrestensen Samenzucht und Produktion GmbH Erfurt<br>Witterdaer Weg 6<br>99092 Erfurt<\/p>\n\n\n\n<h4 class=\"wp-block-heading\">Projektleiter<\/h4>\n\n\n\n<p>Prof. Dr. Wolf-Dieter Bl\u00fcthner<\/p>\n\n\n\n<h4 class=\"wp-block-heading\">Projektkoordinierung durch<\/h4>\n\n\n\n<p>Forschungsvereinigung der Arzneimittel-Hersteller e.V. (FAH)<br>Kranzweiherweg 12<br>53489 Sinzig<\/p>\n\n\n\n<h4 class=\"wp-block-heading\">F\u00f6rderung<\/h4>\n\n\n\n<p>Gef\u00f6rdert durch das Bundesministerium f\u00fcr Ern\u00e4hrung, Landwirtschaft und Verbraucherschutz unter dem F\u00f6rderkennzeichen 22002700 aufgrund eines Beschlusses des Deutschen Bundestags sowie Mitgliedsunternehmen der FAH (Interessengemeinschaft Johanniskraut).<\/p>\n\n\n\n<figure class=\"wp-block-image\"><img decoding=\"async\" src=\"http:\/\/fah-bonn.de\/site\/uploads\/tx_fahprojects\/BMELV_Office_Farbe_de_WBZ_14.png\" alt=\"\" title=\"\"\/><\/figure>\n\n\n\n<figure class=\"wp-block-image\"><img decoding=\"async\" src=\"http:\/\/fah-bonn.de\/site\/uploads\/tx_fahprojects\/fnr_logo_13.png\" alt=\"\" title=\"\"\/><\/figure>\n\n\n\n<h4 class=\"wp-block-heading\">Dokumente<\/h4>\n\n\n\n<div class=\"wp-block-file\"><a href=\"http:\/\/fah-bonn.de\/wp-content\/uploads\/2020\/09\/22002700_Johanniskraut-2.pdf\">22002700_Johanniskraut-2<\/a><a href=\"http:\/\/fah-bonn.de\/wp-content\/uploads\/2020\/09\/22002700_Johanniskraut-2.pdf\" class=\"wp-block-file__button\" download>Kurzdarstellung<\/a><\/div>\n\n\n\n<div class=\"wp-block-file\"><a href=\"http:\/\/fah-bonn.de\/wp-content\/uploads\/2020\/09\/22002700_Johanniskraut-2-1.pdf\">22002700_Johanniskraut-2-1<\/a><a href=\"http:\/\/fah-bonn.de\/wp-content\/uploads\/2020\/09\/22002700_Johanniskraut-2-1.pdf\" class=\"wp-block-file__button\" download>Schlussbericht<\/a><\/div>\n\n\n\n<p><\/p>\n","protected":false},"excerpt":{"rendered":"<p>Laufzeit 01.12.2000 &#8211; 31.03.2005 Forschungsstelle N.L. Chrestensen Samenzucht und Produktion GmbH ErfurtWitterdaer Weg 699092 Erfurt Projektleiter Prof. Dr. Wolf-Dieter Bl\u00fcthner Projektkoordinierung durch Forschungsvereinigung der Arzneimittel-Hersteller e.V. (FAH)Kranzweiherweg 1253489 Sinzig F\u00f6rderung Gef\u00f6rdert durch das Bundesministerium f\u00fcr Ern\u00e4hrung, Landwirtschaft und Verbraucherschutz unter dem F\u00f6rderkennzeichen 22002700 aufgrund eines Beschlusses des Deutschen Bundestags sowie<span class=\"more-link\"><a href=\"https:\/\/fah-bonn.de\/?page_id=628\">Weiterlesen<\/a><\/span><\/p>\n","protected":false},"author":1,"featured_media":0,"parent":196,"menu_order":0,"comment_status":"closed","ping_status":"closed","template":"","meta":{"footnotes":""},"class_list":["entry","author-hoffmann","post-628","page","type-page","status-publish"],"_links":{"self":[{"href":"https:\/\/fah-bonn.de\/index.php?rest_route=\/wp\/v2\/pages\/628","targetHints":{"allow":["GET"]}}],"collection":[{"href":"https:\/\/fah-bonn.de\/index.php?rest_route=\/wp\/v2\/pages"}],"about":[{"href":"https:\/\/fah-bonn.de\/index.php?rest_route=\/wp\/v2\/types\/page"}],"author":[{"embeddable":true,"href":"https:\/\/fah-bonn.de\/index.php?rest_route=\/wp\/v2\/users\/1"}],"replies":[{"embeddable":true,"href":"https:\/\/fah-bonn.de\/index.php?rest_route=%2Fwp%2Fv2%2Fcomments&post=628"}],"version-history":[{"count":1,"href":"https:\/\/fah-bonn.de\/index.php?rest_route=\/wp\/v2\/pages\/628\/revisions"}],"predecessor-version":[{"id":631,"href":"https:\/\/fah-bonn.de\/index.php?rest_route=\/wp\/v2\/pages\/628\/revisions\/631"}],"up":[{"embeddable":true,"href":"https:\/\/fah-bonn.de\/index.php?rest_route=\/wp\/v2\/pages\/196"}],"wp:attachment":[{"href":"https:\/\/fah-bonn.de\/index.php?rest_route=%2Fwp%2Fv2%2Fmedia&parent=628"}],"curies":[{"name":"wp","href":"https:\/\/api.w.org\/{rel}","templated":true}]}}