{"id":64,"date":"2020-05-13T14:40:24","date_gmt":"2020-05-13T14:40:24","guid":{"rendered":"http:\/\/fah-bonn.de\/?page_id=64"},"modified":"2025-10-05T07:45:00","modified_gmt":"2025-10-05T07:45:00","slug":"arbeitsgruppe-regulatory-affairs-herbal-and-chemical-medicinal-products","status":"publish","type":"page","link":"https:\/\/fah-bonn.de\/?page_id=64","title":{"rendered":"Arbeitsgruppe \u201eRegulatory Affairs (Herbal and Chemical Medicinal Products)\u201d"},"content":{"rendered":"\n<p><\/p>\n\n\n\n<h3 class=\"wp-block-heading\"><br>Leitung<strong>:<\/strong><\/h3>\n\n\n\n<figure class=\"wp-block-image size-full is-resized\"><img fetchpriority=\"high\" decoding=\"async\" width=\"631\" height=\"841\" src=\"http:\/\/fah-bonn.de\/wp-content\/uploads\/2025\/10\/2025_Portrait_Poetsch.jpg\" alt=\"\" class=\"wp-image-2230\" style=\"width:211px;height:auto\" srcset=\"https:\/\/fah-bonn.de\/wp-content\/uploads\/2025\/10\/2025_Portrait_Poetsch.jpg 631w, https:\/\/fah-bonn.de\/wp-content\/uploads\/2025\/10\/2025_Portrait_Poetsch-225x300.jpg 225w, https:\/\/fah-bonn.de\/wp-content\/uploads\/2025\/10\/2025_Portrait_Poetsch-300x400.jpg 300w, https:\/\/fah-bonn.de\/wp-content\/uploads\/2025\/10\/2025_Portrait_Poetsch-413x550.jpg 413w, https:\/\/fah-bonn.de\/wp-content\/uploads\/2025\/10\/2025_Portrait_Poetsch-375x500.jpg 375w\" sizes=\"(max-width: 631px) 100vw, 631px\" \/><\/figure>\n\n\n\n<p>Dr. Frank Poetsch<br>Bad Heilbrunner Naturheilmittel GmbH &amp; Co. KG, Bad Heilbrunn <\/p>\n\n\n\n<p><\/p>\n\n\n\n<h3 class=\"wp-block-heading\">Stellvertreter<\/h3>\n\n\n\n<p><\/p>\n\n\n\n<p>N.N.<strong><br><\/strong><\/p>\n\n\n\n<h3 class=\"wp-block-heading\"><strong>Zusammensetzung:<\/strong><\/h3>\n\n\n\n<p><\/p>\n\n\n\n<ul class=\"wp-block-list\">\n<li>Vertreter der Hersteller pflanzlicher und chemisch-definierter Arzneimittel<\/li>\n\n\n\n<li>Vertreter der pharmazeutischen Wissenschaft<\/li>\n\n\n\n<li>Vertreter der deutschen, \u00f6sterreichischen und schweizerischen Arzneimittelzulassungsbeh\u00f6rde (Bundesinstitut f\u00fcr Arzneimittel und Medizinprodukte (BfArM), Agentur f\u00fcr Gesundheit und Ern\u00e4hrungssicherheit (AGES),  Schweizerisches Heilmittelinstitut (Swissmedic)<\/li>\n<\/ul>\n\n\n\n<p><\/p>\n\n\n\n<h3 class=\"wp-block-heading\"><strong>Aufgabe:<\/strong><\/h3>\n\n\n\n<ul class=\"wp-block-list\">\n<li>Wissenschaftliche und unabh\u00e4ngige Bearbeitung von Fragestellungen zur Qualit\u00e4t, Wirksamkeit und Unbedenklichkeit von pflanzlichen und chemisch-definierten Arzneimitteln<\/li>\n\n\n\n<li>Erstellung von Revisionsvorschl\u00e4gen f\u00fcr Leitlinien<\/li>\n\n\n\n<li>Kommentierung von Richtlinien, Empfehlungen und neuen Gesetzgebungsprojekten<\/li>\n<\/ul>\n\n\n\n<p>Die Berufung der Mitglieder erfolgt durch den Vorstand im Drei-Jahres-Rhythmus<\/p>\n","protected":false},"excerpt":{"rendered":"<p>Leitung: Dr. Frank PoetschBad Heilbrunner Naturheilmittel GmbH &amp; Co. KG, Bad Heilbrunn Stellvertreter N.N. Zusammensetzung: Aufgabe: Die Berufung der Mitglieder erfolgt durch den Vorstand im Drei-Jahres-Rhythmus<span class=\"more-link\"><a href=\"https:\/\/fah-bonn.de\/?page_id=64\">Weiterlesen<\/a><\/span><\/p>\n","protected":false},"author":1,"featured_media":917,"parent":26,"menu_order":0,"comment_status":"closed","ping_status":"closed","template":"","meta":{"footnotes":""},"class_list":["entry","author-hoffmann","post-64","page","type-page","status-publish","has-post-thumbnail"],"_links":{"self":[{"href":"https:\/\/fah-bonn.de\/index.php?rest_route=\/wp\/v2\/pages\/64","targetHints":{"allow":["GET"]}}],"collection":[{"href":"https:\/\/fah-bonn.de\/index.php?rest_route=\/wp\/v2\/pages"}],"about":[{"href":"https:\/\/fah-bonn.de\/index.php?rest_route=\/wp\/v2\/types\/page"}],"author":[{"embeddable":true,"href":"https:\/\/fah-bonn.de\/index.php?rest_route=\/wp\/v2\/users\/1"}],"replies":[{"embeddable":true,"href":"https:\/\/fah-bonn.de\/index.php?rest_route=%2Fwp%2Fv2%2Fcomments&post=64"}],"version-history":[{"count":17,"href":"https:\/\/fah-bonn.de\/index.php?rest_route=\/wp\/v2\/pages\/64\/revisions"}],"predecessor-version":[{"id":2234,"href":"https:\/\/fah-bonn.de\/index.php?rest_route=\/wp\/v2\/pages\/64\/revisions\/2234"}],"up":[{"embeddable":true,"href":"https:\/\/fah-bonn.de\/index.php?rest_route=\/wp\/v2\/pages\/26"}],"wp:featuredmedia":[{"embeddable":true,"href":"https:\/\/fah-bonn.de\/index.php?rest_route=\/wp\/v2\/media\/917"}],"wp:attachment":[{"href":"https:\/\/fah-bonn.de\/index.php?rest_route=%2Fwp%2Fv2%2Fmedia&parent=64"}],"curies":[{"name":"wp","href":"https:\/\/api.w.org\/{rel}","templated":true}]}}