{"id":670,"date":"2020-09-24T07:13:41","date_gmt":"2020-09-24T07:13:41","guid":{"rendered":"http:\/\/fah-bonn.de\/?page_id=670"},"modified":"2020-09-24T07:13:41","modified_gmt":"2020-09-24T07:13:41","slug":"entwicklung-einer-reproduzierbaren-messmethode-zur-evaluierung-verduennter-und-potenzierter-stoffe","status":"publish","type":"page","link":"https:\/\/fah-bonn.de\/?page_id=670","title":{"rendered":"Entwicklung einer reproduzierbaren Messmethode zur Evaluierung verd\u00fcnnter und potenzierter Stoffe"},"content":{"rendered":"\n<h4 class=\"wp-block-heading\">Laufzeit<\/h4>\n\n\n\n<p>19.12.2000 &#8211; 30.06.2003<\/p>\n\n\n\n<h4 class=\"wp-block-heading\">Forschungsstelle<\/h4>\n\n\n\n<p>Wissenschaftliches Institut der FAH<br>Kranzweiherweg 12<br>53489 Sinzig<br><br>in Verbindung mit<br><br>Universit\u00e4t Leipzig<br>Institut f\u00fcr Pharmazeutische Technologie<br>Sch\u00f6nauer Stra\u00dfe 160<br>04207 Leipzig<br><\/p>\n\n\n\n<h4 class=\"wp-block-heading\">Projektleiter<\/h4>\n\n\n\n<p>Prof. Dr. Wolfgang S\u00fc\u00df<\/p>\n\n\n\n<h4 class=\"wp-block-heading\">F\u00f6rderung<\/h4>\n\n\n\n<p>Ministerium f\u00fcr Wissenschaft, Weiterbildung, Forschung und Kultur des Landes Rheinland-Pfalz, Stiftung Rheinland-Pfalz f\u00fcr Innovation, Mainz, Antrag-Nr.: 8312-38 62 61\/401 und Arbeitsgruppe \u201eHom\u00f6opathie\u201c der FAH<\/p>\n\n\n\n<h4 class=\"wp-block-heading\">Dokumente<\/h4>\n\n\n\n<div class=\"wp-block-file\"><a href=\"http:\/\/fah-bonn.de\/wp-content\/uploads\/2020\/09\/8312-38-62-61-401-REDEM-I.pdf\">8312-38-62-61-401-REDEM-I<\/a><a href=\"http:\/\/fah-bonn.de\/wp-content\/uploads\/2020\/09\/8312-38-62-61-401-REDEM-I.pdf\" class=\"wp-block-file__button\" download>Kurzdarstellung<\/a><\/div>\n\n\n\n<div class=\"wp-block-file\"><a href=\"http:\/\/fah-bonn.de\/wp-content\/uploads\/2020\/09\/8312-38-62-61-401-Redem-1.pdf\">8312-38-62-61-401-Redem-1<\/a><a href=\"http:\/\/fah-bonn.de\/wp-content\/uploads\/2020\/09\/8312-38-62-61-401-Redem-1.pdf\" class=\"wp-block-file__button\" download>Schlussbericht<\/a><\/div>\n\n\n\n<p><\/p>\n","protected":false},"excerpt":{"rendered":"<p>Laufzeit 19.12.2000 &#8211; 30.06.2003 Forschungsstelle Wissenschaftliches Institut der FAHKranzweiherweg 1253489 Sinzig in Verbindung mit Universit\u00e4t LeipzigInstitut f\u00fcr Pharmazeutische TechnologieSch\u00f6nauer Stra\u00dfe 16004207 Leipzig Projektleiter Prof. Dr. Wolfgang S\u00fc\u00df F\u00f6rderung Ministerium f\u00fcr Wissenschaft, Weiterbildung, Forschung und Kultur des Landes Rheinland-Pfalz, Stiftung Rheinland-Pfalz f\u00fcr Innovation, Mainz, Antrag-Nr.: 8312-38 62 61\/401 und Arbeitsgruppe \u201eHom\u00f6opathie\u201c<span class=\"more-link\"><a href=\"https:\/\/fah-bonn.de\/?page_id=670\">Weiterlesen<\/a><\/span><\/p>\n","protected":false},"author":1,"featured_media":0,"parent":197,"menu_order":0,"comment_status":"closed","ping_status":"closed","template":"","meta":{"footnotes":""},"class_list":["entry","author-hoffmann","post-670","page","type-page","status-publish"],"_links":{"self":[{"href":"https:\/\/fah-bonn.de\/index.php?rest_route=\/wp\/v2\/pages\/670","targetHints":{"allow":["GET"]}}],"collection":[{"href":"https:\/\/fah-bonn.de\/index.php?rest_route=\/wp\/v2\/pages"}],"about":[{"href":"https:\/\/fah-bonn.de\/index.php?rest_route=\/wp\/v2\/types\/page"}],"author":[{"embeddable":true,"href":"https:\/\/fah-bonn.de\/index.php?rest_route=\/wp\/v2\/users\/1"}],"replies":[{"embeddable":true,"href":"https:\/\/fah-bonn.de\/index.php?rest_route=%2Fwp%2Fv2%2Fcomments&post=670"}],"version-history":[{"count":1,"href":"https:\/\/fah-bonn.de\/index.php?rest_route=\/wp\/v2\/pages\/670\/revisions"}],"predecessor-version":[{"id":673,"href":"https:\/\/fah-bonn.de\/index.php?rest_route=\/wp\/v2\/pages\/670\/revisions\/673"}],"up":[{"embeddable":true,"href":"https:\/\/fah-bonn.de\/index.php?rest_route=\/wp\/v2\/pages\/197"}],"wp:attachment":[{"href":"https:\/\/fah-bonn.de\/index.php?rest_route=%2Fwp%2Fv2%2Fmedia&parent=670"}],"curies":[{"name":"wp","href":"https:\/\/api.w.org\/{rel}","templated":true}]}}