{"id":696,"date":"2020-09-24T07:38:59","date_gmt":"2020-09-24T07:38:59","guid":{"rendered":"http:\/\/fah-bonn.de\/?page_id=696"},"modified":"2020-09-24T07:38:59","modified_gmt":"2020-09-24T07:38:59","slug":"innospace-risikobasierte-loesungsraum-steuerung-von-entwicklungsprojekten-in-der-arzneimittelbranche","status":"publish","type":"page","link":"https:\/\/fah-bonn.de\/?page_id=696","title":{"rendered":"InnoSpace-Risikobasierte L\u00f6sungsraum-Steuerung von Entwicklungsprojekten in der Arzneimittelbranche"},"content":{"rendered":"\n<h4 class=\"wp-block-heading\">Laufzeit<\/h4>\n\n\n\n<p>01.07.2014 &#8211; 31.12.2016<\/p>\n\n\n\n<h4 class=\"wp-block-heading\">Forschungsstelle<\/h4>\n\n\n\n<p>Rheinisch-Westf\u00e4lische Technische Hochschule Aachen (RWTH Aachen)<br>Werkzeugmaschinenlabor WZL<br>Lehrstuhl f\u00fcr Produktionssystematik<br>Steinbachstra\u00dfe 19<br>52074 Aachen<\/p>\n\n\n\n<h4 class=\"wp-block-heading\">Projektleiter<\/h4>\n\n\n\n<p>Prof. Dr.-Ing. Dipl.-Wirt.-Ing. G\u00fcnther Schuh<br>Dr.-Ing. Dipl.-Wirt.-Ing. Michael Riesener<br>Dipl.-Wirt.-Ing. Casimir Ortlieb<br>Manuel Ebi M.Sc.<\/p>\n\n\n\n<h4 class=\"wp-block-heading\">F\u00f6rderung<\/h4>\n\n\n\n<p>Das IGF-Vorhaben 18064N der Forschungsvereinigung der Arzneimittel-Hersteller e.V. (FAH), B\u00fcrgerstra\u00dfe 12, 53173 Bonn wird \u00fcber die AiF im Rahmen des Programms zur F\u00f6rderung der industriellen Gemeinschaftsforschung und -entwicklung (IGF) vom Bundesministerium f\u00fcr Wirtschaft und Energie aufgrund eines Beschlusses des Deutschen Bundestags gef\u00f6rdert.<\/p>\n\n\n\n<figure class=\"wp-block-image\"><img decoding=\"async\" src=\"http:\/\/fah-bonn.de\/site\/typo3temp\/pics\/b61d4f863e.jpg\" alt=\"\" title=\"\"\/><\/figure>\n\n\n\n<figure class=\"wp-block-image\"><img decoding=\"async\" src=\"http:\/\/fah-bonn.de\/site\/typo3temp\/pics\/489b778c78.jpg\" alt=\"\" title=\"\"\/><\/figure>\n\n\n\n<h4 class=\"wp-block-heading\">Dokumente<\/h4>\n\n\n\n<div class=\"wp-block-file\"><a href=\"http:\/\/fah-bonn.de\/wp-content\/uploads\/2020\/09\/18064N-Inno-Space-Kurzdarstellung-final-2017.pdf\">18064N-Inno-Space-Kurzdarstellung-final-2017<\/a><a href=\"http:\/\/fah-bonn.de\/wp-content\/uploads\/2020\/09\/18064N-Inno-Space-Kurzdarstellung-final-2017.pdf\" class=\"wp-block-file__button\" download>Kurzdarstellung<\/a><\/div>\n\n\n\n<div class=\"wp-block-file\"><a href=\"http:\/\/fah-bonn.de\/wp-content\/uploads\/2020\/09\/18064N-Abschlussbericht-InnoSpace.pdf\">18064N-Abschlussbericht-InnoSpace<\/a><a href=\"http:\/\/fah-bonn.de\/wp-content\/uploads\/2020\/09\/18064N-Abschlussbericht-InnoSpace.pdf\" class=\"wp-block-file__button\" download>Abschlussbericht<\/a><\/div>\n\n\n\n<div class=\"wp-block-file\"><a href=\"http:\/\/fah-bonn.de\/wp-content\/uploads\/2020\/09\/Schuh-et-al-PI-11-2016-1572-1579.pdf\">Schuh-et-al-PI-11-2016-1572-1579<\/a><a href=\"http:\/\/fah-bonn.de\/wp-content\/uploads\/2020\/09\/Schuh-et-al-PI-11-2016-1572-1579.pdf\" class=\"wp-block-file__button\" download>Publikation<\/a><\/div>\n","protected":false},"excerpt":{"rendered":"<p>Laufzeit 01.07.2014 &#8211; 31.12.2016 Forschungsstelle Rheinisch-Westf\u00e4lische Technische Hochschule Aachen (RWTH Aachen)Werkzeugmaschinenlabor WZLLehrstuhl f\u00fcr ProduktionssystematikSteinbachstra\u00dfe 1952074 Aachen Projektleiter Prof. Dr.-Ing. Dipl.-Wirt.-Ing. G\u00fcnther SchuhDr.-Ing. Dipl.-Wirt.-Ing. Michael RiesenerDipl.-Wirt.-Ing. Casimir OrtliebManuel Ebi M.Sc. F\u00f6rderung Das IGF-Vorhaben 18064N der Forschungsvereinigung der Arzneimittel-Hersteller e.V. (FAH), B\u00fcrgerstra\u00dfe 12, 53173 Bonn wird \u00fcber die AiF im Rahmen des<span class=\"more-link\"><a href=\"https:\/\/fah-bonn.de\/?page_id=696\">Weiterlesen<\/a><\/span><\/p>\n","protected":false},"author":1,"featured_media":0,"parent":199,"menu_order":0,"comment_status":"closed","ping_status":"closed","template":"","meta":{"footnotes":""},"class_list":["entry","author-hoffmann","post-696","page","type-page","status-publish"],"_links":{"self":[{"href":"https:\/\/fah-bonn.de\/index.php?rest_route=\/wp\/v2\/pages\/696","targetHints":{"allow":["GET"]}}],"collection":[{"href":"https:\/\/fah-bonn.de\/index.php?rest_route=\/wp\/v2\/pages"}],"about":[{"href":"https:\/\/fah-bonn.de\/index.php?rest_route=\/wp\/v2\/types\/page"}],"author":[{"embeddable":true,"href":"https:\/\/fah-bonn.de\/index.php?rest_route=\/wp\/v2\/users\/1"}],"replies":[{"embeddable":true,"href":"https:\/\/fah-bonn.de\/index.php?rest_route=%2Fwp%2Fv2%2Fcomments&post=696"}],"version-history":[{"count":1,"href":"https:\/\/fah-bonn.de\/index.php?rest_route=\/wp\/v2\/pages\/696\/revisions"}],"predecessor-version":[{"id":700,"href":"https:\/\/fah-bonn.de\/index.php?rest_route=\/wp\/v2\/pages\/696\/revisions\/700"}],"up":[{"embeddable":true,"href":"https:\/\/fah-bonn.de\/index.php?rest_route=\/wp\/v2\/pages\/199"}],"wp:attachment":[{"href":"https:\/\/fah-bonn.de\/index.php?rest_route=%2Fwp%2Fv2%2Fmedia&parent=696"}],"curies":[{"name":"wp","href":"https:\/\/api.w.org\/{rel}","templated":true}]}}