{"id":714,"date":"2020-09-24T08:19:47","date_gmt":"2020-09-24T08:19:47","guid":{"rendered":"http:\/\/fah-bonn.de\/?page_id=714"},"modified":"2022-07-25T06:46:07","modified_gmt":"2022-07-25T06:46:07","slug":"organisation-des-gesamtprojekts-phase-i-und-ii","status":"publish","type":"page","link":"https:\/\/fah-bonn.de\/?page_id=714","title":{"rendered":"Organisation des Gesamtprojekts (Phase I und II)"},"content":{"rendered":"\n<h4 class=\"wp-block-heading\">Laufzeit<\/h4>\n\n\n\n<p>01.02.2008 &#8211; 31.03.2021<\/p>\n\n\n\n<h4 class=\"wp-block-heading\">Forschungsstelle<\/h4>\n\n\n\n<h4 class=\"wp-block-heading\">Projektleiter<\/h4>\n\n\n\n<p>Dr. Jens Hoffmann<br>Dr. Birgit Grohs (bis 31.12.2018)<br>Dr. Elmar Kroth (bis 30.11.2010)<br>Dr. Barbara Steinhoff (ab 01.12.2010)<\/p>\n\n\n\n<h4 class=\"wp-block-heading\">F\u00f6rderung<\/h4>\n\n\n\n<p>Gef\u00f6rdert durch das Bundesministerium f\u00fcr Ern\u00e4hrung, Landwirtschaft und Verbraucherschutz unter den F\u00f6rderkennzeichen Nr. 22023607 (Phase I) und 22021311 (Phase II) aufgrund eines Beschlusses des Deutschen Bundestags<\/p>\n\n\n\n<figure class=\"wp-block-image\"><img decoding=\"async\" src=\"http:\/\/fah-bonn.de\/site\/typo3temp\/pics\/0215c2e26d.png\" alt=\"\" title=\"\"\/><\/figure>\n\n\n\n<figure class=\"wp-block-image\"><img decoding=\"async\" src=\"http:\/\/fah-bonn.de\/site\/uploads\/tx_fahprojects\/fnr_logo_15.png\" alt=\"\" title=\"\"\/><\/figure>\n\n\n\n<h4 class=\"wp-block-heading\">Dokumente<\/h4>\n\n\n\n<div class=\"wp-block-file\"><a id=\"wp-block-file--media-5a36c802-82f8-4354-bc99-a2e279fb9d16\" href=\"http:\/\/fah-bonn.de\/wp-content\/uploads\/2020\/09\/22023607-22021311-Projektorganisation.pdf\">22023607-22021311-Projektorganisation<\/a><a href=\"http:\/\/fah-bonn.de\/wp-content\/uploads\/2020\/09\/22023607-22021311-Projektorganisation.pdf\" class=\"wp-block-file__button\" download aria-describedby=\"wp-block-file--media-5a36c802-82f8-4354-bc99-a2e279fb9d16\">Kurzdarstellung<\/a><\/div>\n\n\n\n<div class=\"wp-block-file\"><a id=\"wp-block-file--media-baaadecb-c088-4fa8-87f1-f55b3a417f82\" href=\"http:\/\/fah-bonn.de\/wp-content\/uploads\/2020\/09\/22023607_Projektorganisation-1.pdf\">22023607_Projektorganisation-1<\/a><a href=\"http:\/\/fah-bonn.de\/wp-content\/uploads\/2020\/09\/22023607_Projektorganisation-1.pdf\" class=\"wp-block-file__button\" download aria-describedby=\"wp-block-file--media-baaadecb-c088-4fa8-87f1-f55b3a417f82\">Schlussbericht<\/a><\/div>\n\n\n\n<p><a href=\"http:\/\/fah-bonn.de\/wp-content\/uploads\/2022\/07\/FAH_KAMEL_Schlussbericht_FKZ_22021311.pdf\">Schlussbericht_Phase2_Projektorganisation<\/a><\/p>\n","protected":false},"excerpt":{"rendered":"<p>Laufzeit 01.02.2008 &#8211; 31.03.2021 Forschungsstelle Projektleiter Dr. Jens HoffmannDr. Birgit Grohs (bis 31.12.2018)Dr. Elmar Kroth (bis 30.11.2010)Dr. Barbara Steinhoff (ab 01.12.2010) F\u00f6rderung Gef\u00f6rdert durch das Bundesministerium f\u00fcr Ern\u00e4hrung, Landwirtschaft und Verbraucherschutz unter den F\u00f6rderkennzeichen Nr. 22023607 (Phase I) und 22021311 (Phase II) aufgrund eines Beschlusses des Deutschen Bundestags Dokumente Schlussbericht_Phase2_Projektorganisation<span class=\"more-link\"><a href=\"https:\/\/fah-bonn.de\/?page_id=714\">Weiterlesen<\/a><\/span><\/p>\n","protected":false},"author":1,"featured_media":0,"parent":200,"menu_order":0,"comment_status":"closed","ping_status":"closed","template":"","meta":{"footnotes":""},"class_list":["entry","author-hoffmann","post-714","page","type-page","status-publish"],"_links":{"self":[{"href":"https:\/\/fah-bonn.de\/index.php?rest_route=\/wp\/v2\/pages\/714","targetHints":{"allow":["GET"]}}],"collection":[{"href":"https:\/\/fah-bonn.de\/index.php?rest_route=\/wp\/v2\/pages"}],"about":[{"href":"https:\/\/fah-bonn.de\/index.php?rest_route=\/wp\/v2\/types\/page"}],"author":[{"embeddable":true,"href":"https:\/\/fah-bonn.de\/index.php?rest_route=\/wp\/v2\/users\/1"}],"replies":[{"embeddable":true,"href":"https:\/\/fah-bonn.de\/index.php?rest_route=%2Fwp%2Fv2%2Fcomments&post=714"}],"version-history":[{"count":5,"href":"https:\/\/fah-bonn.de\/index.php?rest_route=\/wp\/v2\/pages\/714\/revisions"}],"predecessor-version":[{"id":1429,"href":"https:\/\/fah-bonn.de\/index.php?rest_route=\/wp\/v2\/pages\/714\/revisions\/1429"}],"up":[{"embeddable":true,"href":"https:\/\/fah-bonn.de\/index.php?rest_route=\/wp\/v2\/pages\/200"}],"wp:attachment":[{"href":"https:\/\/fah-bonn.de\/index.php?rest_route=%2Fwp%2Fv2%2Fmedia&parent=714"}],"curies":[{"name":"wp","href":"https:\/\/api.w.org\/{rel}","templated":true}]}}