{"id":724,"date":"2020-09-24T08:27:59","date_gmt":"2020-09-24T08:27:59","guid":{"rendered":"http:\/\/fah-bonn.de\/?page_id=724"},"modified":"2020-09-24T08:28:00","modified_gmt":"2020-09-24T08:28:00","slug":"zuechtung-einer-qualitaetssorte-von-kamille-mit-hoher-ertragsfaehigkeit-bei-maschineller-ernte-phase-i-ii-und-iii","status":"publish","type":"page","link":"https:\/\/fah-bonn.de\/?page_id=724","title":{"rendered":"Z\u00fcchtung einer Qualit\u00e4tssorte von Kamille mit hoher Ertragsf\u00e4higkeit bei maschineller Ernte (Phase I, II und III)"},"content":{"rendered":"\n<h4 class=\"wp-block-heading\">Laufzeit<\/h4>\n\n\n\n<p>16.02.2010 &#8211; 14.05.2020<\/p>\n\n\n\n<h4 class=\"wp-block-heading\">Forschungsstelle<\/h4>\n\n\n\n<p>PHARMAPLANT Arznei- und Gew\u00fcrzpflanzen Forschungs- und Saatzucht GmbH<br>Stra\u00dfe am Westbahnhof 4<br>06556 Artern<\/p>\n\n\n\n<h4 class=\"wp-block-heading\">Projektleiter<\/h4>\n\n\n\n<p>Dr. Andreas Plescher<\/p>\n\n\n\n<h4 class=\"wp-block-heading\">F\u00f6rderung<\/h4>\n\n\n\n<p>Gef\u00f6rdert durch das Bundesministerium f\u00fcr Ern\u00e4hrung und Landwirtschaft unter dem F\u00f6rderkennzeichen 22020608 (Phase I), 22032012 (Phase II) und 22017116 (Phase III) aufgrund eines Beschlusses des Deutschen Bundestags.<\/p>\n\n\n\n<figure class=\"wp-block-image\"><img decoding=\"async\" src=\"http:\/\/fah-bonn.de\/site\/typo3temp\/pics\/dd9c2aa946.png\" alt=\"\" title=\"\"\/><\/figure>\n\n\n\n<figure class=\"wp-block-image\"><img decoding=\"async\" src=\"http:\/\/fah-bonn.de\/site\/uploads\/tx_fahprojects\/fnr_logo_17.png\" alt=\"\" title=\"\"\/><\/figure>\n\n\n\n<h4 class=\"wp-block-heading\">Dokumente<\/h4>\n\n\n\n<div class=\"wp-block-file\"><a href=\"http:\/\/fah-bonn.de\/wp-content\/uploads\/2020\/09\/22020608-Zuechtung-Kamille-konventionell.pdf\">22020608-Zuechtung-Kamille-konventionell<\/a><a href=\"http:\/\/fah-bonn.de\/wp-content\/uploads\/2020\/09\/22020608-Zuechtung-Kamille-konventionell.pdf\" class=\"wp-block-file__button\" download>Kurzdarstellung<\/a><\/div>\n\n\n\n<div class=\"wp-block-file\"><a href=\"http:\/\/fah-bonn.de\/wp-content\/uploads\/2020\/09\/22020608-Zuechtung-Kamille-konventionell-Phase-I.pdf\">22020608-Zuechtung-Kamille-konventionell-Phase-I<\/a><a href=\"http:\/\/fah-bonn.de\/wp-content\/uploads\/2020\/09\/22020608-Zuechtung-Kamille-konventionell-Phase-I.pdf\" class=\"wp-block-file__button\" download>Schlussbericht 1<\/a><\/div>\n\n\n\n<p><\/p>\n","protected":false},"excerpt":{"rendered":"<p>Laufzeit 16.02.2010 &#8211; 14.05.2020 Forschungsstelle PHARMAPLANT Arznei- und Gew\u00fcrzpflanzen Forschungs- und Saatzucht GmbHStra\u00dfe am Westbahnhof 406556 Artern Projektleiter Dr. Andreas Plescher F\u00f6rderung Gef\u00f6rdert durch das Bundesministerium f\u00fcr Ern\u00e4hrung und Landwirtschaft unter dem F\u00f6rderkennzeichen 22020608 (Phase I), 22032012 (Phase II) und 22017116 (Phase III) aufgrund eines Beschlusses des Deutschen Bundestags. Dokumente<span class=\"more-link\"><a href=\"https:\/\/fah-bonn.de\/?page_id=724\">Weiterlesen<\/a><\/span><\/p>\n","protected":false},"author":1,"featured_media":0,"parent":200,"menu_order":0,"comment_status":"closed","ping_status":"closed","template":"","meta":{"footnotes":""},"class_list":["entry","author-hoffmann","post-724","page","type-page","status-publish"],"_links":{"self":[{"href":"https:\/\/fah-bonn.de\/index.php?rest_route=\/wp\/v2\/pages\/724","targetHints":{"allow":["GET"]}}],"collection":[{"href":"https:\/\/fah-bonn.de\/index.php?rest_route=\/wp\/v2\/pages"}],"about":[{"href":"https:\/\/fah-bonn.de\/index.php?rest_route=\/wp\/v2\/types\/page"}],"author":[{"embeddable":true,"href":"https:\/\/fah-bonn.de\/index.php?rest_route=\/wp\/v2\/users\/1"}],"replies":[{"embeddable":true,"href":"https:\/\/fah-bonn.de\/index.php?rest_route=%2Fwp%2Fv2%2Fcomments&post=724"}],"version-history":[{"count":1,"href":"https:\/\/fah-bonn.de\/index.php?rest_route=\/wp\/v2\/pages\/724\/revisions"}],"predecessor-version":[{"id":727,"href":"https:\/\/fah-bonn.de\/index.php?rest_route=\/wp\/v2\/pages\/724\/revisions\/727"}],"up":[{"embeddable":true,"href":"https:\/\/fah-bonn.de\/index.php?rest_route=\/wp\/v2\/pages\/200"}],"wp:attachment":[{"href":"https:\/\/fah-bonn.de\/index.php?rest_route=%2Fwp%2Fv2%2Fmedia&parent=724"}],"curies":[{"name":"wp","href":"https:\/\/api.w.org\/{rel}","templated":true}]}}