{"id":734,"date":"2020-09-24T08:46:59","date_gmt":"2020-09-24T08:46:59","guid":{"rendered":"http:\/\/fah-bonn.de\/?page_id=734"},"modified":"2020-09-24T08:46:59","modified_gmt":"2020-09-24T08:46:59","slug":"erarbeitung-der-voraussetzungen-zur-entwicklung-einer-sterilen-kamillesorte-phase-1","status":"publish","type":"page","link":"https:\/\/fah-bonn.de\/?page_id=734","title":{"rendered":"Erarbeitung der Voraussetzungen zur Entwicklung einer sterilen Kamillesorte &#8211; Phase 1"},"content":{"rendered":"\n<h4 class=\"wp-block-heading\">Laufzeit<\/h4>\n\n\n\n<p>01.06.2012 &#8211; 30.11.2018<\/p>\n\n\n\n<h4 class=\"wp-block-heading\">Forschungsstelle 1<\/h4>\n\n\n\n<p>Leibniz-Institut f\u00fcr Pflanzengenetik und Kulturpflanzenforschung (IPK)<br>Corrensstra\u00dfe 3<br>06466 Gatersleben<\/p>\n\n\n\n<h4 class=\"wp-block-heading\">Projektleiter<\/h4>\n\n\n\n<p>Dr. Lars-Gernot Otto<\/p>\n\n\n\n<h4 class=\"wp-block-heading\">Forschungsstelle 2<\/h4>\n\n\n\n<p>PHARMAPLANT Arznei- und Gew\u00fcrzpflanzen Forschungs- und Saatzucht GmbH<br>Stra\u00dfe am Westbahnhof 4<br>06556 Artern<\/p>\n\n\n\n<h4 class=\"wp-block-heading\">Projektleiter<\/h4>\n\n\n\n<p>Dr. Andreas Plescher<\/p>\n\n\n\n<h4 class=\"wp-block-heading\">Forschungsstelle 3<\/h4>\n\n\n\n<p>Veterin\u00e4rmedizinischen Universit\u00e4t Wien<br>Institut f\u00fcr Angewandte Botanik<br>Veterin\u00e4rplatz 1<br>A &#8211; 1210 Wien<\/p>\n\n\n\n<h4 class=\"wp-block-heading\">Projektleiter<\/h4>\n\n\n\n<p>Ao. Univ. Prof. Johannes Novak<\/p>\n\n\n\n<h4 class=\"wp-block-heading\">F\u00f6rderung<\/h4>\n\n\n\n<p>Gef\u00f6rdert durch das Bundesministerium f\u00fcr Ern\u00e4hrung, Landwirtschaft und Verbraucherschutz unter den F\u00f6rderkennzeichen 22038911 und 22006314 aufgrund eines Beschlusses des Deutschen Bundestags.<\/p>\n\n\n\n<figure class=\"wp-block-image\"><img decoding=\"async\" src=\"http:\/\/fah-bonn.de\/site\/uploads\/tx_fahprojects\/BMELV_Office_Farbe_de_WBZ_21.png\" alt=\"\" title=\"\"\/><\/figure>\n\n\n\n<figure class=\"wp-block-image\"><img decoding=\"async\" src=\"http:\/\/fah-bonn.de\/site\/uploads\/tx_fahprojects\/fnr_logo_19.png\" alt=\"\" title=\"\"\/><\/figure>\n\n\n\n<h4 class=\"wp-block-heading\">Dokumente<\/h4>\n\n\n\n<div class=\"wp-block-file\"><a href=\"http:\/\/fah-bonn.de\/wp-content\/uploads\/2020\/09\/Kurzdarstellung-Zuechtung-sterile-Kamille-2018.pdf\">Kurzdarstellung-Zuechtung-sterile-Kamille-2018<\/a><a href=\"http:\/\/fah-bonn.de\/wp-content\/uploads\/2020\/09\/Kurzdarstellung-Zuechtung-sterile-Kamille-2018.pdf\" class=\"wp-block-file__button\" download>Kurzdarstellung<\/a><\/div>\n\n\n\n<p><\/p>\n","protected":false},"excerpt":{"rendered":"<p>Laufzeit 01.06.2012 &#8211; 30.11.2018 Forschungsstelle 1 Leibniz-Institut f\u00fcr Pflanzengenetik und Kulturpflanzenforschung (IPK)Corrensstra\u00dfe 306466 Gatersleben Projektleiter Dr. Lars-Gernot Otto Forschungsstelle 2 PHARMAPLANT Arznei- und Gew\u00fcrzpflanzen Forschungs- und Saatzucht GmbHStra\u00dfe am Westbahnhof 406556 Artern Projektleiter Dr. Andreas Plescher Forschungsstelle 3 Veterin\u00e4rmedizinischen Universit\u00e4t WienInstitut f\u00fcr Angewandte BotanikVeterin\u00e4rplatz 1A &#8211; 1210 Wien Projektleiter Ao.<span class=\"more-link\"><a href=\"https:\/\/fah-bonn.de\/?page_id=734\">Weiterlesen<\/a><\/span><\/p>\n","protected":false},"author":1,"featured_media":0,"parent":200,"menu_order":0,"comment_status":"closed","ping_status":"closed","template":"","meta":{"footnotes":""},"class_list":["entry","author-hoffmann","post-734","page","type-page","status-publish"],"_links":{"self":[{"href":"https:\/\/fah-bonn.de\/index.php?rest_route=\/wp\/v2\/pages\/734","targetHints":{"allow":["GET"]}}],"collection":[{"href":"https:\/\/fah-bonn.de\/index.php?rest_route=\/wp\/v2\/pages"}],"about":[{"href":"https:\/\/fah-bonn.de\/index.php?rest_route=\/wp\/v2\/types\/page"}],"author":[{"embeddable":true,"href":"https:\/\/fah-bonn.de\/index.php?rest_route=\/wp\/v2\/users\/1"}],"replies":[{"embeddable":true,"href":"https:\/\/fah-bonn.de\/index.php?rest_route=%2Fwp%2Fv2%2Fcomments&post=734"}],"version-history":[{"count":1,"href":"https:\/\/fah-bonn.de\/index.php?rest_route=\/wp\/v2\/pages\/734\/revisions"}],"predecessor-version":[{"id":736,"href":"https:\/\/fah-bonn.de\/index.php?rest_route=\/wp\/v2\/pages\/734\/revisions\/736"}],"up":[{"embeddable":true,"href":"https:\/\/fah-bonn.de\/index.php?rest_route=\/wp\/v2\/pages\/200"}],"wp:attachment":[{"href":"https:\/\/fah-bonn.de\/index.php?rest_route=%2Fwp%2Fv2%2Fmedia&parent=734"}],"curies":[{"name":"wp","href":"https:\/\/api.w.org\/{rel}","templated":true}]}}