{"id":772,"date":"2020-09-24T09:54:43","date_gmt":"2020-09-24T09:54:43","guid":{"rendered":"http:\/\/fah-bonn.de\/?page_id=772"},"modified":"2020-09-24T09:54:43","modified_gmt":"2020-09-24T09:54:43","slug":"entwicklung-eines-systems-fuer-die-schonende-ernte-von-baldrianwurzeln","status":"publish","type":"page","link":"https:\/\/fah-bonn.de\/?page_id=772","title":{"rendered":"Entwicklung eines Systems f\u00fcr die schonende Ernte von Baldrianwurzeln"},"content":{"rendered":"\n<h4 class=\"wp-block-heading\">Laufzeit<\/h4>\n\n\n\n<p>01.08.2010 &#8211; 30.11.2013<\/p>\n\n\n\n<h4 class=\"wp-block-heading\">Forschungsstelle<\/h4>\n\n\n\n<p>Bayerische Landesanstalt f\u00fcr Landwirtschaft<br>Institut f\u00fcr Landtechnik und Tierhaltung<br>V\u00f6ttinger Stra\u00dfe 36<br>85354 Freising<\/p>\n\n\n\n<h4 class=\"wp-block-heading\">Projektleiter<\/h4>\n\n\n\n<p>Dr.-Ing. Georg Fr\u00f6hlich<\/p>\n\n\n\n<h4 class=\"wp-block-heading\">F\u00f6rderung<\/h4>\n\n\n\n<p>Gef\u00f6rdert durch das Bundesministerium f\u00fcr Ern\u00e4hrung, Landwirtschaft und Verbraucherschutz unter dem F\u00f6rderkennzeichen 22011509 aufgrund eines Beschlusses des Deutschen Bundestags.<\/p>\n\n\n\n<figure class=\"wp-block-image\"><img decoding=\"async\" src=\"http:\/\/fah-bonn.de\/site\/uploads\/tx_fahprojects\/BMELV_Office_Farbe_de_WBZ_28.png\" alt=\"\" title=\"\"\/><\/figure>\n\n\n\n<figure class=\"wp-block-image\"><img decoding=\"async\" src=\"http:\/\/fah-bonn.de\/site\/uploads\/tx_fahprojects\/fnr_logo_26.png\" alt=\"\" title=\"\"\/><\/figure>\n\n\n\n<h4 class=\"wp-block-heading\">Dokumente<\/h4>\n\n\n\n<div class=\"wp-block-file\"><a href=\"http:\/\/fah-bonn.de\/wp-content\/uploads\/2020\/09\/22011509-Ernte-Baldrian.pdf\">22011509-Ernte-Baldrian<\/a><a href=\"http:\/\/fah-bonn.de\/wp-content\/uploads\/2020\/09\/22011509-Ernte-Baldrian.pdf\" class=\"wp-block-file__button\" download>Kurzdarstellung<\/a><\/div>\n","protected":false},"excerpt":{"rendered":"<p>Laufzeit 01.08.2010 &#8211; 30.11.2013 Forschungsstelle Bayerische Landesanstalt f\u00fcr LandwirtschaftInstitut f\u00fcr Landtechnik und TierhaltungV\u00f6ttinger Stra\u00dfe 3685354 Freising Projektleiter Dr.-Ing. Georg Fr\u00f6hlich F\u00f6rderung Gef\u00f6rdert durch das Bundesministerium f\u00fcr Ern\u00e4hrung, Landwirtschaft und Verbraucherschutz unter dem F\u00f6rderkennzeichen 22011509 aufgrund eines Beschlusses des Deutschen Bundestags. Dokumente<span class=\"more-link\"><a href=\"https:\/\/fah-bonn.de\/?page_id=772\">Weiterlesen<\/a><\/span><\/p>\n","protected":false},"author":1,"featured_media":0,"parent":200,"menu_order":0,"comment_status":"closed","ping_status":"closed","template":"","meta":{"footnotes":""},"class_list":["entry","author-hoffmann","post-772","page","type-page","status-publish"],"_links":{"self":[{"href":"https:\/\/fah-bonn.de\/index.php?rest_route=\/wp\/v2\/pages\/772","targetHints":{"allow":["GET"]}}],"collection":[{"href":"https:\/\/fah-bonn.de\/index.php?rest_route=\/wp\/v2\/pages"}],"about":[{"href":"https:\/\/fah-bonn.de\/index.php?rest_route=\/wp\/v2\/types\/page"}],"author":[{"embeddable":true,"href":"https:\/\/fah-bonn.de\/index.php?rest_route=\/wp\/v2\/users\/1"}],"replies":[{"embeddable":true,"href":"https:\/\/fah-bonn.de\/index.php?rest_route=%2Fwp%2Fv2%2Fcomments&post=772"}],"version-history":[{"count":1,"href":"https:\/\/fah-bonn.de\/index.php?rest_route=\/wp\/v2\/pages\/772\/revisions"}],"predecessor-version":[{"id":774,"href":"https:\/\/fah-bonn.de\/index.php?rest_route=\/wp\/v2\/pages\/772\/revisions\/774"}],"up":[{"embeddable":true,"href":"https:\/\/fah-bonn.de\/index.php?rest_route=\/wp\/v2\/pages\/200"}],"wp:attachment":[{"href":"https:\/\/fah-bonn.de\/index.php?rest_route=%2Fwp%2Fv2%2Fmedia&parent=772"}],"curies":[{"name":"wp","href":"https:\/\/api.w.org\/{rel}","templated":true}]}}