{"id":81,"date":"2020-05-13T14:43:25","date_gmt":"2020-05-13T14:43:25","guid":{"rendered":"http:\/\/fah-bonn.de\/?page_id=81"},"modified":"2020-09-24T12:32:24","modified_gmt":"2020-09-24T12:32:24","slug":"universitaeten","status":"publish","type":"page","link":"https:\/\/fah-bonn.de\/?page_id=81","title":{"rendered":"Universit\u00e4ten"},"content":{"rendered":"\n<p>AGES Pharm Med Agentur f\u00fcr Gesundheit und Ern\u00e4hrungssicherheit, LCM Herb<\/p>\n\n\n\n<p>Bayerischer F\u00f6rderverein<\/p>\n\n\n\n<p>Belgian Textile Research Centre (CenTexBel)<\/p>\n\n\n\n<p>Bundesverband deutscher Industrie- und Handelsunternehmen f\u00fcr Arzneimittel, Reformwaren, Nahrungserg\u00e4nzungsmittel und K\u00f6rperpflegemittel e.V. (BDIH)<\/p>\n\n\n\n<p>Christian-Albrechts-Universit\u00e4t zu Kiel, Institut f\u00fcr Pharmazeutische Biologie<\/p>\n\n\n\n<p>Deutscher Fachausschuss f\u00fcr Arznei-, Gew\u00fcrz- und Aromapflanzen (DFA)<\/p>\n\n\n\n<p>Dr. Junghanns GmbH<\/p>\n\n\n\n<p>Eberhard-Karls-Universit\u00e4t T\u00fcbingen, Institut f\u00fcr Pharmazeutische Technologie<\/p>\n\n\n\n<p>European Herb Growers Association (Europam)<\/p>\n\n\n\n<p>Forschungsgemeinschaft f\u00fcr die kosmetische Industrie (FKI)<\/p>\n\n\n\n<p>Forschungsinstitut Futtermitteltechnik der Internationalen Forschungsgemeinschaft Futtermitteltechnik e.V. (IFF)<\/p>\n\n\n\n<p>Forschungsinstitut f\u00fcr Leder und Kunststoffbahnen (FILK)<\/p>\n\n\n\n<p>Forschungskreis der Ern\u00e4hrungsindustrie e.V. (FEI)<\/p>\n\n\n\n<p>Fraunhofer-Institut f\u00fcr Betriebsfestigkeit und Systemzuverl\u00e4ssigkeit<\/p>\n\n\n\n<p>Fraunhofer-Institut f\u00fcr Verfahrenstechnik und Verpackung<\/p>\n\n\n\n<p>Gasw\u00e4rme-Institut e.V.<\/p>\n\n\n\n<p>Gemeinschaft zur F\u00f6rderung der privaten deutschen Pflanzenz\u00fcchtung e.V. (GFP)<\/p>\n\n\n\n<p>Heinrich-Heine-Universit\u00e4t D\u00fcsseldorf, Arbeitsgruppe f\u00fcr Fl\u00fcssigphasen-Laserspektroskopie<\/p>\n\n\n\n<p>Heinrich-Heine-Universit\u00e4t D\u00fcsseldorf, Institut f\u00fcr Pharmazeutische Technologie und Biopharmazie<\/p>\n\n\n\n<p>Hochschule Ostwestfalen-Lippe, Labor f\u00fcr Verfahrenstechnik<\/p>\n\n\n\n<p>Industrieverband K\u00f6rperpflege und Waschmittel e.V. (IKW)<\/p>\n\n\n\n<p>Institut f\u00fcr Energie und Umwelttechnik e.V. (IUTA)<\/p>\n\n\n\n<p>Justus-Liebig-Universit\u00e4t Gie\u00dfen, Institut f\u00fcr Pflanzenbau und Pflanzenz\u00fcchtung I<\/p>\n\n\n\n<p>Kooperation Phytopharmaka GbR<\/p>\n\n\n\n<p>Labor L + S AG<\/p>\n\n\n\n<p>Leibniz-Institut f\u00fcr Agrartechnik Potsdam-Bornim e.V. (ATB)<\/p>\n\n\n\n<p>Leibniz-Institut f\u00fcr Pflanzengenetik und Kulturpflanzenforschung (IPK)<\/p>\n\n\n\n<p>Ludwig-Maximilians-Universit\u00e4t M\u00fcnchen, Pharmazeutische Technologie und Biopharmazie<\/p>\n\n\n\n<p>N.L. Chrestensen Samenzucht und Produktion GmbH Erfurt<\/p>\n\n\n\n<p>Pharmaplant Arznei- und Gew\u00fcrzpflanzen Forschungs- und Saatzucht GmbH<\/p>\n\n\n\n<p>Rheinisch-Westf\u00e4lische Technische Hochschule Aachen (RWTH Aachen), Lehrstuhl f\u00fcr Produktionssystematik<\/p>\n\n\n\n<p>Rheinische Friedrich-Wilhelms-Universit\u00e4t Bonn, Campus Klein-Altendorf<\/p>\n\n\n\n<p>Rheinische Friedrich-Wilhelms-Universit\u00e4t Bonn, Institut f\u00fcr Landtechnik<\/p>\n\n\n\n<p>Rheinische Friedrich-Wilhelms-Universit\u00e4t Bonn, Institut f\u00fcr Physiologische Chemie<\/p>\n\n\n\n<p>Rheinische Friedrich-Wilhelms-Universit\u00e4t Bonn, Pharmazeutische Chemie I<\/p>\n\n\n\n<p>Ruprecht-Karls-Universit\u00e4t Heidelberg, Institut f\u00fcr Pharmazie und Molekulare Biotechnologie<\/p>\n\n\n\n<p>Swissmedic Schweizerisches Heilmittelinstitut<\/p>\n\n\n\n<p>Technische Universit\u00e4t Graz, Institut f\u00fcr Umweltbiotechnologie<\/p>\n\n\n\n<p>Th\u00fcringer Interessenverband Heil-, Duft- und Gew\u00fcrzpflanzen e.V.<\/p>\n\n\n\n<p>Universit\u00e4t f\u00fcr Bodenkultur Wien, Institut f\u00fcr Umweltbiotechnologie<\/p>\n\n\n\n<p>Universit\u00e4t Hohenheim, Fachgebiet Agrartechnik in den Tropen und Subtropen<\/p>\n\n\n\n<p>Universit\u00e4t Koblenz-Landau, Institut f\u00fcr Biologie<\/p>\n\n\n\n<p>Universit\u00e4t Regensburg, Lehrstuhl f\u00fcr Pharmazeutische Technologie<\/p>\n\n\n\n<p>Universit\u00e4t Wien, Institut f\u00fcr Pharmakognosie<\/p>\n\n\n\n<p>Universit\u00e4t W\u00fcrzburg, Lehrstuhl f\u00fcr Pharmazeutische Chemie<\/p>\n\n\n\n<p>Unterarbeitskreis L\u00fcckenindikation (UAK L\u00fcck)<\/p>\n\n\n\n<p>Verein zur F\u00f6rderung der Energie- und Umwelttechnik e.V. (VEU)<\/p>\n\n\n\n<p>Verein zur F\u00f6rderung des Forschungsinstitutes f\u00fcr Leder und Kunststoffbahnen (FILK) Freiberg\/Sachsen e. V.<\/p>\n\n\n\n<p>Veterin\u00e4rmedizinische Universit\u00e4t Wien, Institut f\u00fcr Angewandte Botanik<\/p>\n","protected":false},"excerpt":{"rendered":"<p>AGES Pharm Med Agentur f\u00fcr Gesundheit und Ern\u00e4hrungssicherheit, LCM Herb Bayerischer F\u00f6rderverein Belgian Textile Research Centre (CenTexBel) Bundesverband deutscher Industrie- und Handelsunternehmen f\u00fcr Arzneimittel, Reformwaren, Nahrungserg\u00e4nzungsmittel und K\u00f6rperpflegemittel e.V. (BDIH) Christian-Albrechts-Universit\u00e4t zu Kiel, Institut f\u00fcr Pharmazeutische Biologie Deutscher Fachausschuss f\u00fcr Arznei-, Gew\u00fcrz- und Aromapflanzen (DFA) Dr. Junghanns GmbH Eberhard-Karls-Universit\u00e4t T\u00fcbingen,<span class=\"more-link\"><a href=\"https:\/\/fah-bonn.de\/?page_id=81\">Weiterlesen<\/a><\/span><\/p>\n","protected":false},"author":1,"featured_media":0,"parent":47,"menu_order":0,"comment_status":"closed","ping_status":"closed","template":"","meta":{"footnotes":""},"class_list":["entry","author-hoffmann","post-81","page","type-page","status-publish"],"_links":{"self":[{"href":"https:\/\/fah-bonn.de\/index.php?rest_route=\/wp\/v2\/pages\/81","targetHints":{"allow":["GET"]}}],"collection":[{"href":"https:\/\/fah-bonn.de\/index.php?rest_route=\/wp\/v2\/pages"}],"about":[{"href":"https:\/\/fah-bonn.de\/index.php?rest_route=\/wp\/v2\/types\/page"}],"author":[{"embeddable":true,"href":"https:\/\/fah-bonn.de\/index.php?rest_route=\/wp\/v2\/users\/1"}],"replies":[{"embeddable":true,"href":"https:\/\/fah-bonn.de\/index.php?rest_route=%2Fwp%2Fv2%2Fcomments&post=81"}],"version-history":[{"count":2,"href":"https:\/\/fah-bonn.de\/index.php?rest_route=\/wp\/v2\/pages\/81\/revisions"}],"predecessor-version":[{"id":191,"href":"https:\/\/fah-bonn.de\/index.php?rest_route=\/wp\/v2\/pages\/81\/revisions\/191"}],"up":[{"embeddable":true,"href":"https:\/\/fah-bonn.de\/index.php?rest_route=\/wp\/v2\/pages\/47"}],"wp:attachment":[{"href":"https:\/\/fah-bonn.de\/index.php?rest_route=%2Fwp%2Fv2%2Fmedia&parent=81"}],"curies":[{"name":"wp","href":"https:\/\/api.w.org\/{rel}","templated":true}]}}