{"id":849,"date":"2020-09-24T12:49:04","date_gmt":"2020-09-24T12:49:04","guid":{"rendered":"http:\/\/fah-bonn.de\/?page_id=849"},"modified":"2020-09-24T12:52:12","modified_gmt":"2020-09-24T12:52:12","slug":"pyrrolizidinalkaloide","status":"publish","type":"page","link":"https:\/\/fah-bonn.de\/?page_id=849","title":{"rendered":"Pyrrolizidinalkaloide"},"content":{"rendered":"\n<h3 class=\"wp-block-heading\">FAH-Informationsveranstaltung: &#8222;Pyrrolizidinalkaloide&#8220;: Aktueller regulatorischer Stand bei Phytopharmaka und deren Ausgangsstoffen, Analytik, toxikologische Untersuchungen sowie landwirtschaftliche Ma\u00dfnahmen zur Pyrrolizidinalkaloidreduzierung<\/h3>\n\n\n\n<p>Seit der in 2013 ver\u00f6ffentlichten Studie des Bundesinstituts f\u00fcr Risikobewertung (BfR) ist bekannt, dass Pyrrolizidinalkaloide (PA) in Tees, einschlie\u00dflich Arznei- und Kr\u00e4utertees, vorkommen k\u00f6nnen. Seit dieser Zeit f\u00fchren Anbauer, Hersteller und Beh\u00f6rden im Sinne des Patienten- und Verbraucherschutzes Ma\u00dfnahmen zur Reduktion bzw. Minimierung von PA in pflanzlichen Ausgangsmaterialien und Arzneimitteln durch.<\/p>\n\n\n\n<p>Dieser Thematik widmet sich die<\/p>\n\n\n\n<p>FAH-Informationsveranstaltung<\/p>\n\n\n\n<p>\u201ePyrrolizidinalkaloide\u201c,<\/p>\n\n\n\n<p>die am Dienstag, dem 04. November 2020.<\/p>\n\n\n\n<p>Wegen der Schutzma\u00dfnahmen zur Corona Pandemie wird die Veranstaltung als Online-Event unter der Leitung von Prof. Dr. Martin Tegtmeier \/ Schaper &amp; Br\u00fcmmer GmbH &amp; Co. KG durchgef\u00fchrt.<\/p>\n\n\n\n<p>Schwerpunkt der Veranstaltung ist der aktuelle regulatorische Stand bei Phytopharmaka und deren Ausgangsstoffen, die Darstellung der analytischen Methoden unter Ber\u00fccksichtigung der neuen Arzneibuchmonographie, der Stand der toxikologischen Untersuchungen sowie landwirtschaftliche Ma\u00dfnahmen zur Pyrrolizidinalkaloidreduzierung.<\/p>\n\n\n\n<p><\/p>\n\n\n\n<h3 class=\"wp-block-heading\">Anmeldung<\/h3>\n\n\n\n<p><a href=\"https:\/\/www.bah-bonn.de\/widi-services\/fachseminare\/veranstaltungen-detailseite\/fah-pyrrolizidinalkaloide\/\">https:\/\/www.bah-bonn.de\/widi-services\/fachseminare\/veranstaltungen-detailseite\/fah-pyrrolizidinalkaloide\/<\/a><\/p>\n\n\n\n<p><\/p>\n\n\n\n<h3 class=\"wp-block-heading\">Programm<\/h3>\n\n\n\n<div class=\"wp-block-file\"><a href=\"http:\/\/fah-bonn.de\/wp-content\/uploads\/2020\/09\/04112020_Seminar_FAH_PA3_Programm_final.pdf\">04112020_Seminar_FAH_PA3_Programm_final<\/a><a href=\"http:\/\/fah-bonn.de\/wp-content\/uploads\/2020\/09\/04112020_Seminar_FAH_PA3_Programm_final.pdf\" class=\"wp-block-file__button\" download>Herunterladen<\/a><\/div>\n","protected":false},"excerpt":{"rendered":"<p>FAH-Informationsveranstaltung: &#8222;Pyrrolizidinalkaloide&#8220;: Aktueller regulatorischer Stand bei Phytopharmaka und deren Ausgangsstoffen, Analytik, toxikologische Untersuchungen sowie landwirtschaftliche Ma\u00dfnahmen zur Pyrrolizidinalkaloidreduzierung Seit der in 2013 ver\u00f6ffentlichten Studie des Bundesinstituts f\u00fcr Risikobewertung (BfR) ist bekannt, dass Pyrrolizidinalkaloide (PA) in Tees, einschlie\u00dflich Arznei- und Kr\u00e4utertees, vorkommen k\u00f6nnen. Seit dieser Zeit f\u00fchren Anbauer, Hersteller und Beh\u00f6rden<span class=\"more-link\"><a href=\"https:\/\/fah-bonn.de\/?page_id=849\">Weiterlesen<\/a><\/span><\/p>\n","protected":false},"author":1,"featured_media":0,"parent":28,"menu_order":0,"comment_status":"closed","ping_status":"closed","template":"","meta":{"footnotes":""},"class_list":["entry","author-hoffmann","post-849","page","type-page","status-publish"],"_links":{"self":[{"href":"https:\/\/fah-bonn.de\/index.php?rest_route=\/wp\/v2\/pages\/849","targetHints":{"allow":["GET"]}}],"collection":[{"href":"https:\/\/fah-bonn.de\/index.php?rest_route=\/wp\/v2\/pages"}],"about":[{"href":"https:\/\/fah-bonn.de\/index.php?rest_route=\/wp\/v2\/types\/page"}],"author":[{"embeddable":true,"href":"https:\/\/fah-bonn.de\/index.php?rest_route=\/wp\/v2\/users\/1"}],"replies":[{"embeddable":true,"href":"https:\/\/fah-bonn.de\/index.php?rest_route=%2Fwp%2Fv2%2Fcomments&post=849"}],"version-history":[{"count":2,"href":"https:\/\/fah-bonn.de\/index.php?rest_route=\/wp\/v2\/pages\/849\/revisions"}],"predecessor-version":[{"id":853,"href":"https:\/\/fah-bonn.de\/index.php?rest_route=\/wp\/v2\/pages\/849\/revisions\/853"}],"up":[{"embeddable":true,"href":"https:\/\/fah-bonn.de\/index.php?rest_route=\/wp\/v2\/pages\/28"}],"wp:attachment":[{"href":"https:\/\/fah-bonn.de\/index.php?rest_route=%2Fwp%2Fv2%2Fmedia&parent=849"}],"curies":[{"name":"wp","href":"https:\/\/api.w.org\/{rel}","templated":true}]}}