{"id":860,"date":"2020-09-24T12:59:02","date_gmt":"2020-09-24T12:59:02","guid":{"rendered":"http:\/\/fah-bonn.de\/?page_id=860"},"modified":"2023-03-28T06:44:19","modified_gmt":"2023-03-28T06:44:19","slug":"antibiotikaresistenz","status":"publish","type":"page","link":"https:\/\/fah-bonn.de\/?page_id=860","title":{"rendered":"Antibiotikaresistenz"},"content":{"rendered":"\n<h3 class=\"wp-block-heading\">FAH\/BAH Informationsveranstaltung: \u201eAntibiotikaresistenz: Geben Phagen Antwort auf alle Fragen?\u201c<\/h3>\n\n\n\n<p>Die Entwicklung von Antibiotikaresistenzen stellt laut Weltgesundheitsorganisation (WHO) eine der gr\u00f6\u00dften globalen Bedrohungen der Menschheit dar, sodass intensiv nach alternativen Behandlungsm\u00f6glichkeiten ge-sucht wird. Eine vielversprechende Methode ist der therapeutische Einsatz von Bakterio-phagen. Diese Viren befallen ausschlie\u00dflich Bakterien und sind hochspezifisch. Fr\u00fcher haupts\u00e4chlich in den fr\u00fcheren Ostblockstaa-ten angewandt, gewinnt die Bakteriophagen-forschung und -anwendung als Erg\u00e4nzungen zur klassischen Antibiotikatherapie auch in Westeuropa stark an Bedeutung.<\/p>\n\n\n\n<p>Das Seminar gibt einen \u00dcberblick zur Problematik der Antibiotikaresistenz und verschie-den Aspekte der Erforschung und Anwendung von Bakteriophagen.<\/p>\n\n\n\n<p>Datum: Mittwoch, 18. November 2020.<\/p>\n\n\n\n<p>Gemeinschaftsveranstaltung der Forschungsvereinigung der Arzneimittel-Hersteller e. V. und dem Bundesverband der Arzneimittel-Hersteller e. V. zum Antibiotikatag 2020.<\/p>\n\n\n\n<p>Wegen der Schutzma\u00dfnahmen zur Corona Pandemie wird die Veranstaltung als Online-Event durchgef\u00fchrt.<\/p>\n\n\n\n<p><\/p>\n\n\n\n<h5 class=\"wp-block-heading\">Programm<\/h5>\n\n\n\n<div class=\"wp-block-file\"><a id=\"wp-block-file--media-737d051e-9b71-442b-ac57-078f650a4723\" href=\"http:\/\/fah-bonn.de\/wp-content\/uploads\/2021\/04\/18112020_Seminar_FAH_Phagen_Programm_final.pdf\">18112020_Seminar_FAH_Phagen_Programm_final<\/a><a href=\"http:\/\/fah-bonn.de\/wp-content\/uploads\/2021\/04\/18112020_Seminar_FAH_Phagen_Programm_final.pdf\" class=\"wp-block-file__button wp-element-button\" download aria-describedby=\"wp-block-file--media-737d051e-9b71-442b-ac57-078f650a4723\">Herunterladen<\/a><\/div>\n","protected":false},"excerpt":{"rendered":"<p>FAH\/BAH Informationsveranstaltung: \u201eAntibiotikaresistenz: Geben Phagen Antwort auf alle Fragen?\u201c Die Entwicklung von Antibiotikaresistenzen stellt laut Weltgesundheitsorganisation (WHO) eine der gr\u00f6\u00dften globalen Bedrohungen der Menschheit dar, sodass intensiv nach alternativen Behandlungsm\u00f6glichkeiten ge-sucht wird. Eine vielversprechende Methode ist der therapeutische Einsatz von Bakterio-phagen. Diese Viren befallen ausschlie\u00dflich Bakterien und sind hochspezifisch. Fr\u00fcher<span class=\"more-link\"><a href=\"https:\/\/fah-bonn.de\/?page_id=860\">Weiterlesen<\/a><\/span><\/p>\n","protected":false},"author":1,"featured_media":0,"parent":28,"menu_order":0,"comment_status":"closed","ping_status":"closed","template":"","meta":{"footnotes":""},"class_list":["entry","author-hoffmann","post-860","page","type-page","status-publish"],"_links":{"self":[{"href":"https:\/\/fah-bonn.de\/index.php?rest_route=\/wp\/v2\/pages\/860","targetHints":{"allow":["GET"]}}],"collection":[{"href":"https:\/\/fah-bonn.de\/index.php?rest_route=\/wp\/v2\/pages"}],"about":[{"href":"https:\/\/fah-bonn.de\/index.php?rest_route=\/wp\/v2\/types\/page"}],"author":[{"embeddable":true,"href":"https:\/\/fah-bonn.de\/index.php?rest_route=\/wp\/v2\/users\/1"}],"replies":[{"embeddable":true,"href":"https:\/\/fah-bonn.de\/index.php?rest_route=%2Fwp%2Fv2%2Fcomments&post=860"}],"version-history":[{"count":4,"href":"https:\/\/fah-bonn.de\/index.php?rest_route=\/wp\/v2\/pages\/860\/revisions"}],"predecessor-version":[{"id":1574,"href":"https:\/\/fah-bonn.de\/index.php?rest_route=\/wp\/v2\/pages\/860\/revisions\/1574"}],"up":[{"embeddable":true,"href":"https:\/\/fah-bonn.de\/index.php?rest_route=\/wp\/v2\/pages\/28"}],"wp:attachment":[{"href":"https:\/\/fah-bonn.de\/index.php?rest_route=%2Fwp%2Fv2%2Fmedia&parent=860"}],"curies":[{"name":"wp","href":"https:\/\/api.w.org\/{rel}","templated":true}]}}